{"id":1005,"date":"2026-01-01T01:35:51","date_gmt":"2026-01-01T01:35:51","guid":{"rendered":"https:\/\/zenithspirit.id.vn\/?page_id=1005"},"modified":"2026-01-01T03:25:07","modified_gmt":"2026-01-01T03:25:07","slug":"tuoi-hoi","status":"publish","type":"page","link":"https:\/\/zenithspirit.id.vn\/index.php\/tuoi-hoi\/","title":{"rendered":"Tu\u1ed5i H\u1ee3i"},"content":{"rendered":"\t\t<div data-elementor-type=\"wp-page\" data-elementor-id=\"1005\" class=\"elementor elementor-1005\">\n\t\t\t\t<div class=\"elementor-element elementor-element-1132cdc e-grid e-con-boxed e-con e-parent\" data-id=\"1132cdc\" data-element_type=\"container\">\n\t\t\t\t\t<div class=\"e-con-inner\">\n\t\t\t\t<div class=\"elementor-element elementor-element-066e71d elementor-view-default elementor-widget elementor-widget-icon\" data-id=\"066e71d\" data-element_type=\"widget\" data-widget_type=\"icon.default\">\n\t\t\t\t\t\t\t<div class=\"elementor-icon-wrapper\">\n\t\t\t<a class=\"elementor-icon\" href=\"https:\/\/zenithspirit.id.vn\/index.php\/12-dia-chi\">\n\t\t\t<svg aria-hidden=\"true\" class=\"e-font-icon-svg e-fas-long-arrow-alt-left\" viewBox=\"0 0 448 512\" xmlns=\"http:\/\/www.w3.org\/2000\/svg\"><path d=\"M134.059 296H436c6.627 0 12-5.373 12-12v-56c0-6.627-5.373-12-12-12H134.059v-46.059c0-21.382-25.851-32.09-40.971-16.971L7.029 239.029c-9.373 9.373-9.373 24.569 0 33.941l86.059 86.059c15.119 15.119 40.971 4.411 40.971-16.971V296z\"><\/path><\/svg>\t\t\t<\/a>\n\t\t<\/div>\n\t\t\t\t\t\t<\/div>\n\t\t\t\t<div class=\"elementor-element elementor-element-40ccee3 elementor-widget elementor-widget-heading\" data-id=\"40ccee3\" data-element_type=\"widget\" data-widget_type=\"heading.default\">\n\t\t\t\t\t<h2 class=\"elementor-heading-title elementor-size-default\">T\u1ed5ng Quan V\u1ec1 H\u1ee3i (heo)<\/h2>\t\t\t\t<\/div>\n\t\t\t\t\t<\/div>\n\t\t\t\t<\/div>\n\t\t<div class=\"elementor-element elementor-element-4265eaa e-flex e-con-boxed e-con e-parent\" data-id=\"4265eaa\" data-element_type=\"container\">\n\t\t\t\t\t<div class=\"e-con-inner\">\n\t\t<div class=\"elementor-element elementor-element-b300a86 e-con-full e-flex e-con e-child\" data-id=\"b300a86\" data-element_type=\"container\">\n\t\t\t\t<\/div>\n\t\t\t\t<div class=\"elementor-element elementor-element-4f199da elementor-widget elementor-widget-text-editor\" data-id=\"4f199da\" data-element_type=\"widget\" data-widget_type=\"text-editor.default\">\n\t\t\t\t\t\t\t\t\t<h3 style=\"color: #00f3ff;\"><b>Gi\u1edbi thi\u1ec7u t\u1ed5ng qu\u00e1t.<\/b><\/h3><ul><li>C\u1ea7m tinh: Con L\u1ee3n<\/li><li>V\u1ecb tr\u00ed trong \u0110\u1ecba chi: s\u1ed1 12<\/li><li>Ng\u0169 h\u00e0nh: Th\u1ee7y<\/li><li>M\u00f9a: \u0110\u00f4ng<\/li><li>Ph\u01b0\u01a1ng v\u1ecb: T\u00e2y B\u1eaf<\/li><\/ul><p>Ng\u01b0\u1eddi tu\u1ed5i H\u1ee3i tr\u1eddi sinh c\u00f3 Ph\u00fac tinh chi\u1ebfu m\u1ec7nh n\u00ean cu\u1ed9c \u0111\u1eddi b\u1eb1ng ph\u1eb3ng kh\u00f4ng c\u00f3 s\u00f3ng gi\u00f3. Ng\u01b0\u1eddi n\u00e0y c\u00f3 s\u1ed1 ph\u00fa qu\u00fd, s\u1ef1 nghi\u1ec7p c\u00f4ng danh \u0111\u1ea7y \u0111\u1ee7, an nh\u00e0n. \u0110\u1ed3ng th\u1eddi \u0111\u01b0\u1ee3c qu\u00fd nh\u00e2n t\u01b0\u01a1ng tr\u1ee3 n\u00ean khi theo nghi\u1ec7p quan tr\u01b0\u1eddng s\u1ebd l\u00e0m n\u00ean \u0111\u1ea1i s\u1ef1, \u0111\u1ecba v\u1ecb cao qu\u00fd, nhi\u1ec1u ng\u01b0\u1eddi k\u00ednh n\u1ec3.<\/p><h3 style=\"color: #00f3ff;\"><b>T\u00ednh c\u00e1ch\u00a0<\/b><\/h3><p>Tu\u1ed5i H\u1ee3i l\u00e0 m\u1ed9t trong nh\u1eefng con gi\u00e1p d\u1ec5 d\u00e0ng ghi \u0111i\u1ec3m \u0111\u01b0\u1ee3c v\u1edbi ng\u01b0\u1eddi \u0111\u1ed1i di\u1ec7n nh\u1ea5t. V\u1ed1n d\u0129 nh\u01b0 v\u1eady v\u00ec ng\u01b0\u1eddi tu\u1ed5i H\u1ee3i c\u00f3 s\u1ef1 \u00f4n h\u00f2a trong t\u00ednh c\u00e1ch, ch\u1eb3ng h\u1ea1n nh\u01b0:<\/p><ul><li>Ch\u00e2n th\u00e0nh, ngay th\u1eb3ng, t\u00e2m t\u00ecnh kh\u1ea3ng kh\u00e1i.\u00a0<\/li><li>V\u00f4 t\u01b0, vui v\u1ebb, r\u1ed9ng m\u1edf \u00f4n h\u00f2a.<\/li><li>Ng\u00e2y th\u01a1, l\u00e3ng m\u1ea1n.<\/li><li>Th\u00edch d\u00e0nh ph\u1ea7n h\u01a1n, ph\u1ea7n thu\u1eadn l\u1ee3i cho ng\u01b0\u1eddi kh\u00e1c.\u00a0<\/li><li>Lu\u00f4n c\u00f3 s\u1ef1 \u0111\u1ed3ng c\u1ea3m s\u00e2u s\u1eafc v\u1edbi m\u1ecdi ng\u01b0\u1eddi xung quanh.<\/li><li>C\u00f3 t\u00ednh ki\u00ean nh\u1eabn, chu \u0111\u00e1o trong c\u00f4ng vi\u1ec7c<\/li><\/ul><h3 style=\"color: #00f3ff;\"><b>T\u00ecnh duy\u00ean\u00a0<\/b><\/h3><ul><li><p>Con \u0111\u01b0\u1eddng t\u00ecnh y\u00eau, h\u00f4n nh\u00e2n c\u1ee7a ng\u01b0\u1eddi tu\u1ed5i H\u1ee3i c\u0169ng kh\u00f4ng th\u1ef1c s\u1ef1 thu\u1eadn l\u1ee3i. Trong m\u1ed1i quan h\u1ec7 y\u00eau \u0111\u01b0\u01a1ng c\u1ee7a h\u1ecd, m\u1ed9t khi t\u00ecnh c\u1ea3m \u0111\u00e3 b\u1ed9t ph\u00e1t th\u00ec nhi\u1ec7t t\u00ecnh nh\u01b0 b\u1ed1c l\u1eeda, kh\u00f4ng m\u1ed9t ai c\u00f3 th\u1ec3 ng\u0103n c\u1ea3n n\u1ed5i. Tuy nhi\u00ean, con gi\u00e1p n\u00e0y s\u1ebd ph\u1ea3i \u0111\u1ec1 ph\u00f2ng m\u1ed9t c\u00fa s\u1ed1c l\u1edbn khi \u0111ang y\u00eau, \u0111i\u1ec1u n\u00e0y s\u1ebd d\u1eabn \u0111\u1ebfn s\u1ef1 thay \u0111\u1ed5i v\u1ec1 t\u00ecnh c\u1ea3m.\u00a0<\/p><p>T\u00ednh c\u00e1ch \u0111\u1eb7c tr\u01b0ng c\u1ee7a nh\u1eefng c\u00f4 n\u00e0ng tu\u1ed5i h\u1ee3i ch\u00ednh l\u00e0 hi\u1ec1n l\u00e0nh, nhu m\u00ec n\u00ean h\u1ecd th\u01b0\u1eddng d\u00e0nh h\u1ebft t\u00ecnh c\u1ea3m cho \u0111\u1ed1i ph\u01b0\u01a1ng. \u0110\u00e2y ch\u00ednh l\u00e0 \u0111i\u1ec1u t\u1ea1o n\u00ean s\u1ef1 b\u1ea5t l\u1ee3i cho c\u00e1c c\u00f4 g\u00e1i khi \u0111ang trong m\u1ed9t m\u1ed1i quan h\u1ec7 b\u1ea5t k\u1ef3 n\u00e0o \u0111\u00f3.\u00a0<\/p><p>V\u1ec1 c\u01a1 b\u1ea3n, ng\u01b0\u1eddi tu\u1ed5i H\u1ee3i r\u1ea5t ph\u00f9 h\u1ee3p k\u1ebft duy\u00ean v\u1edbi ng\u01b0\u1eddi tu\u1ed5i M\u00e3o, H\u1ee3i, T\u00fd, S\u1eedu, Th\u00ecn, Tu\u1ea5t:<\/p><ul><li><b>V\u1edbi tu\u1ed5i M\u00e3o<\/b>: C\u1ea3 2 s\u1ebd t\u1ea1o th\u00e0nh m\u1ed9t c\u1eb7p v\u1ee3 ch\u1ed3ng \u0111\u1eb9p \u0111\u00f4i. T\u00ednh c\u00e1ch gi\u1eefa h\u1ecd r\u1ea5t h\u00f2a h\u1ee3p n\u00ean c\u00f3 th\u1ec3 d\u1ec5 d\u00e0ng th\u00edch \u1ee9ng v\u1edbi nhau. Nh\u00ecn chung, khi k\u1ebft h\u00f4n v\u1edbi ng\u01b0\u1eddi tu\u1ed5i M\u00e3o, c\u1ea3 2 c\u00f3 th\u1ec3 s\u1ed1ng v\u1edbi nhau \u0111\u1ebfn \u0111\u1ea7u b\u1ea1c r\u0103ng long.<\/li><li><b>V\u1edbi ng\u01b0\u1eddi c\u00f9ng tu\u1ed5i H\u1ee3i:<\/b>\u00a0C\u00f3 th\u1ec3 n\u00f3i \u0111\u00e2y ch\u00ednh l\u00e0 m\u1ed9t c\u1eb7p tr\u1eddi sinh, lu\u00f4n s\u1eb5n s\u00e0ng chia s\u1ebb m\u1ecdi v\u1ea5n \u0111\u1ec1 c\u00f9ng nhau. Ch\u1eb3ng m\u1ea5y kh\u00f3 kh\u0103n \u0111\u1ec3 h\u1ecd lo toan vun \u0111\u1eafp n\u1ec1n t\u1ea3ng h\u1ea1nh ph\u00fac gia \u0111\u00ecnh th\u00e0nh c\u00f4ng.\u00a0<\/li><li><b>V\u1edbi tu\u1ed5i T\u00fd<\/b>: S\u1ef1 k\u1ebft h\u1ee3p n\u00e0y s\u1ebd t\u1ea1o n\u00ean m\u1ed9t cu\u1ed9c h\u00f4n nh\u00e2n m\u1ef9 m\u00e3n.<\/li><li><b>V\u1edbi tu\u1ed5i S\u1eedu<\/b>: \u0110\u00e2y l\u00e0 c\u1eb7p \u0111\u00f4i kh\u00f4ng th\u1ef1c s\u1ef1 m\u1ef9 m\u00e3n nh\u01b0ng l\u1ea1i c\u00f3 th\u1ec3 h\u00f2a h\u1ee3p s\u1ed1ng \u0111\u01b0\u1ee3c v\u1edbi nhau.<\/li><li><b>V\u1edbi tu\u1ed5i Th\u00ecn<\/b>: \u0110\u00e2y c\u0169ng l\u00e0 m\u1ed9t s\u1ef1 k\u1ebft h\u1ee3p \u0111\u1eb9p, c\u1ea3 2 \u0111\u1ec1u bi\u1ebft ch\u0103m s\u00f3c, y\u00eau th\u01b0\u01a1ng nhau.<\/li><\/ul><\/li><\/ul><p>N\u1ebfu l\u1ef1a ch\u1ecdn k\u1ebft h\u00f4n v\u1edbi nh\u1eefng con gi\u00e1p kh\u00e1c th\u00ec ph\u1ea7n l\u1edbn \u0111\u1ec1u kh\u00f4ng c\u00f3 h\u1ea1nh ph\u00fac. Th\u01b0\u1eddng cu\u1ed9c h\u00f4n nh\u00e2n s\u1ebd k\u1ebft th\u00fac m\u1ed9t c\u00e1ch ch\u00f3ng v\u00e1nh v\u00ec ch\u1ecbu nhi\u1ec1u kh\u1ed5 \u0111au v\u00e0 bi k\u1ecbch,\u2026<\/p><h3 style=\"color: #00f3ff;\"><b><strong>\u00a0V\u1eadn m\u1ec7nh\u00a0<\/strong><\/b><\/h3><p>Ai c\u0169ng \u0111\u1ec1u mong mu\u1ed1n m\u00ecnh c\u00f3 \u0111\u01b0\u1ee3c cu\u1ed9c \u0111\u1eddi, s\u1ef1 nghi\u1ec7p \u201cthu\u1eadn bu\u1ed3m xu\u00f4i gi\u00f3\u201d, thu\u1eadn l\u1ee3i th\u00e0nh c\u00f4ng trong m\u1ecdi vi\u1ec7c. V\u1eady trong tr\u01b0\u1eddng h\u1ee3p n\u00e0y t\u1eed vi tu\u1ed5i H\u1ee3i nh\u01b0 th\u1ebf n\u00e0o? V\u1ec1 c\u01a1 b\u1ea3n, \u0111\u00e2y l\u00e0 con gi\u00e1p c\u00f3 s\u1ed1 h\u01b0\u1edfng, ph\u1ea7n l\u1edbn \u0111\u1ec1u th\u00e0nh c\u00f4ng m\u1ef9 m\u00e3n v\u1edbi cu\u1ed9c s\u1ed1ng, c\u00f4ng vi\u1ec7c sau khi tr\u1ea3i qua bi\u1ebfn c\u1ed1, th\u0103ng tr\u1ea7m:\u00a0<\/p><ul><li>V\u1ec1 ti\u1ec1n c\u1ee7a, \u0111\u1ea5t \u0111ai, ng\u01b0\u1eddi tu\u1ed5i H\u1ee3i kh\u00f4ng thi\u1ebfu. Tuy nhi\u00ean, trong xuy\u00ean su\u1ed1t cu\u1ed9c \u0111\u1eddi kh\u00f3 tr\u00e1nh kh\u1ecfi nh\u1eefng t\u1ed5n th\u1ea5t l\u1edbn v\u1ec1 ti\u1ec1n b\u1ea1c.\u00a0<\/li><li>Con \u0111\u01b0\u1eddng s\u1ef1 nghi\u1ec7p c\u00f3 l\u00fac th\u0103ng ti\u1ebfn, n\u1eafm gi\u1eef ch\u1ee9c v\u1ee5 quan tr\u1ecdng nh\u01b0ng c\u0169ng c\u00f3 l\u00fac g\u1eb7p nhi\u1ec1u kh\u00f3 kh\u0103n. Nh\u1eefng ai bi\u1ebft ph\u1ea5n \u0111\u1ea5u \u0111\u1ec1u s\u1ebd \u0111\u1ea1t \u0111\u01b0\u1ee3c m\u1ee5c ti\u00eau c\u1ee7a m\u00ecnh.<\/li><li>Nh\u1eefng ng\u01b0\u1eddi tu\u1ed5i H\u1ee3i th\u01b0\u1eddng kh\u00f3 th\u00e0nh \u0111\u1ea1t tr\u01b0\u1edbc 30 tu\u1ed5i, \u1edf giai \u0111o\u1ea1n n\u00e0y h\u1ecd th\u01b0\u1eddng long \u0111ong.\u00a0<\/li><li>Nh\u00ecn chung, tu\u1ed5i H\u1ee3i th\u01b0\u1eddng th\u00e0nh c\u00f4ng khi b\u01b0\u1edbc qua giai \u0111o\u1ea1n trung ni\u00ean, th\u0103ng quan ti\u1ebfn ch\u1ee9c \u1edf \u0111\u1ed9 tu\u1ed5i ngo\u00e0i 40.\u00a0<\/li><li>Mu\u1ed1n th\u00e0nh c\u00f4ng, con gi\u00e1p n\u00e0y c\u1ea7n h\u1ea1n ch\u1ebf t\u1ed1i \u0111a nh\u1eefng nh\u01b0\u1ee3c \u0111i\u1ec3m c\u1ee7a b\u1ea3n th\u00e2n, \u0111\u1ed3ng th\u1eddi c\u1ea7n ph\u1ea3i huy t\u1ed1i \u0111a th\u1ebf m\u1ea1nh m\u00e0 m\u00ecnh c\u00f3 \u0111\u01b0\u1ee3c.\u00a0<\/li><li>Th\u00f4ng th\u01b0\u1eddng nh\u1eefng ng\u00e0nh ngh\u1ec1 kh\u00f4ng c\u00f3 nhi\u1ec1u bi\u1ebfn \u0111\u1ed9ng r\u1ea5t ph\u00f9 h\u1ee3p v\u1edbi ng\u01b0\u1eddi tu\u1ed5i H\u1ee3i<\/li><\/ul><h3 style=\"color: #00f3ff;\"><b><strong>T\u00e0i L\u1ed9c<\/strong><\/b><\/h3><p>Ng\u01b0\u1eddi tu\u1ed5i H\u1ee3i c\u00f3 v\u1eadn th\u1ebf v\u1ec1 t\u00e0i l\u1ed9c hanh th\u00f4ng, l\u00e0 con gi\u00e1p ti\u1ec1n t\u00e0i v\u01b0\u1ee3ng ph\u00e1t trong 12 con gi\u00e1p, do \u0111\u00f3 ch\u1ec9 c\u1ea7n n\u1ed7 l\u1ef1c n\u1eafm b\u1eaft c\u01a1 h\u1ed9i, ch\u0103m ch\u1ec9 v\u00e0 c\u1ea7n c\u00f9 l\u00e0m vi\u1ec7c th\u00ec t\u00e0i l\u1ed9c kh\u00f4ng m\u1eddi c\u0169ng t\u1ef1 t\u1edbi, cu\u1ed9c s\u1ed1ng sung t\u00fac an nh\u00e0n cho \u0111\u1ebfn cu\u1ed1i \u0111\u1eddi.<\/p><p>Tuy t\u1ef1 tin v\u00e0 n\u0103ng l\u1ef1c c\u00f3 th\u1eeba song kh\u00f4ng ph\u1ea3i l\u00fac n\u00e0o c\u0169ng ch\u1ec9 d\u1ef1a v\u00e0o s\u1ee9c m\u00ecnh m\u00e0 l\u00ean. Khi c\u1ea7n th\u00ec b\u1ea1n h\u00e3y t\u00ecm th\u00eam s\u1ef1 tr\u1ee3 gi\u00fap m\u1ecdi ng\u01b0\u1eddi. C\u00f3 nh\u00e2n duy\u00ean t\u1ed1t n\u00ean ng\u01b0\u1eddi tu\u1ed5i H\u1ee3i \u0111\u01b0\u1ee3c nhi\u1ec1u ng\u01b0\u1eddi gi\u00fap \u0111\u1ee1 v\u00ec v\u1eady n\u00ean ch\u00fa \u00fd g\u00e2y d\u1ef1ng nh\u1eefng m\u1ed1i quan h\u1ec7 trong x\u00e3 h\u1ed9i h\u01a1n n\u1eefa.<\/p><p>V\u1ec1 c\u01a1 b\u1ea3n, \u0111\u01b0\u1eddng t\u00e0i l\u1ed9c Ch\u00ednh T\u00e0i, Th\u1ee9 T\u00e0i c\u1ee7a ng\u01b0\u1eddi tu\u1ed5i H\u1ee3i \u0111\u1ec1u t\u1ed1t. V\u1eady n\u00ean h\u00e3y v\u1eefng tin v\u00e0o l\u1ef1a ch\u1ecdn c\u1ee7a m\u00ecnh, d\u00e1m ngh\u0129, d\u00e1m l\u00e0m, sai th\u00ec \u0111\u1ee9ng l\u00ean l\u00e0m l\u1ea1i, ch\u1eafc ch\u1eafn th\u00e0nh c\u00f4ng s\u1ebd m\u1ec9m c\u01b0\u1eddi. C\u00f3 \u0111i\u1ec1u h\u00e0nh s\u1ef1 n\u00ean nh\u00ecn tr\u01b0\u1edbc v\u00e0 ng\u00f3 sau, suy x\u00e9t k\u1ef9 c\u00e0ng tr\u01b0\u1edbc khi th\u1ef1c hi\u1ec7n.<\/p><p>\u00a0<\/p><p>.<\/p>\t\t\t\t\t\t\t\t<\/div>\n\t\t\t\t<div class=\"elementor-element elementor-element-277efcd tahefobu-main-menu-align-left tahefobu-main-menu-align--tabletleft tahefobu-main-menu-align--mobileleft tahefobu-sub-icon-caret-down tahefobu-nav-menu-bp-mobile tahefobu-mobile-menu-full-width tahefobu-mobile-menu-item-align-center tahefobu-mobile-toggle-v1 tahefobu-sub-divider-yes tahefobu-mobile-divider-yes elementor-widget elementor-widget-tahefobu-navigation-menu\" data-id=\"277efcd\" data-element_type=\"widget\" data-widget_type=\"tahefobu-navigation-menu.default\">\n\t\t\t\t<div class=\"elementor-widget-container\">\n\t\t\t\t\t<nav class=\"tahefobu-nav-menu-container tahefobu-nav-menu-horizontal\" data-trigger=\"hover\"><ul id=\"menu-1-277efcd\" class=\"tahefobu-nav-menu\"><li class=\"menu-item menu-item-type-post_type menu-item-object-page menu-item-852\"><a href=\"https:\/\/zenithspirit.id.vn\/index.php\/12-dia-chi\/\" class=\"tahefobu-menu-item tahefobu-pointer-item\">12-\u0110\u1ecaA CHI<\/a><\/li>\n<li class=\"menu-item menu-item-type-post_type menu-item-object-page menu-item-853\"><a href=\"https:\/\/zenithspirit.id.vn\/index.php\/about-zenith\/\" class=\"tahefobu-menu-item tahefobu-pointer-item\">ABOUT ZENITH<\/a><\/li>\n<li class=\"menu-item menu-item-type-post_type menu-item-object-page menu-item-1172\"><a href=\"https:\/\/zenithspirit.id.vn\/index.php\/12-cung-hd\/\" class=\"tahefobu-menu-item tahefobu-pointer-item\">12 Cung HD<\/a><\/li>\n<\/ul><\/nav><nav class=\"tahefobu-mobile-nav-menu-container\"><div class=\"tahefobu-mobile-toggle-wrap\"><div class=\"tahefobu-mobile-toggle\"><span class=\"tahefobu-mobile-toggle-line\"><\/span><span class=\"tahefobu-mobile-toggle-line\"><\/span><span class=\"tahefobu-mobile-toggle-line\"><\/span><\/div><\/div><ul id=\"mobile-menu-2-277efcd\" class=\"tahefobu-mobile-nav-menu\"><li class=\"menu-item menu-item-type-post_type menu-item-object-page menu-item-852\"><a href=\"https:\/\/zenithspirit.id.vn\/index.php\/12-dia-chi\/\" class=\"tahefobu-mobile-menu-item\">12-\u0110\u1ecaA CHI<\/a><\/li>\n<li class=\"menu-item menu-item-type-post_type menu-item-object-page menu-item-853\"><a href=\"https:\/\/zenithspirit.id.vn\/index.php\/about-zenith\/\" class=\"tahefobu-mobile-menu-item\">ABOUT ZENITH<\/a><\/li>\n<li class=\"menu-item menu-item-type-post_type menu-item-object-page menu-item-1172\"><a href=\"https:\/\/zenithspirit.id.vn\/index.php\/12-cung-hd\/\" class=\"tahefobu-mobile-menu-item\">12 Cung HD<\/a><\/li>\n<\/ul><\/nav>\t\t\t\t<\/div>\n\t\t\t\t<\/div>\n\t\t\t\t\t<\/div>\n\t\t\t\t<\/div>\n\t\t\t\t<\/div>\n\t\t","protected":false},"excerpt":{"rendered":"<p>T\u1ed5ng Quan V\u1ec1 H\u1ee3i (heo) Gi\u1edbi thi\u1ec7u t\u1ed5ng qu\u00e1t. C\u1ea7m tinh: Con L\u1ee3n V\u1ecb tr\u00ed trong \u0110\u1ecba chi: s\u1ed1 12 Ng\u0169 h\u00e0nh: Th\u1ee7y M\u00f9a: \u0110\u00f4ng Ph\u01b0\u01a1ng v\u1ecb: T\u00e2y B\u1eaf Ng\u01b0\u1eddi tu\u1ed5i H\u1ee3i tr\u1eddi sinh c\u00f3 Ph\u00fac tinh chi\u1ebfu m\u1ec7nh n\u00ean cu\u1ed9c \u0111\u1eddi b\u1eb1ng ph\u1eb3ng kh\u00f4ng c\u00f3 s\u00f3ng gi\u00f3. Ng\u01b0\u1eddi n\u00e0y c\u00f3 s\u1ed1 ph\u00fa qu\u00fd, s\u1ef1 [&hellip;]<\/p>\n","protected":false},"author":1,"featured_media":0,"parent":0,"menu_order":0,"comment_status":"closed","ping_status":"closed","template":"elementor_canvas","meta":{"footnotes":""},"class_list":["post-1005","page","type-page","status-publish","hentry"],"_links":{"self":[{"href":"https:\/\/zenithspirit.id.vn\/index.php\/wp-json\/wp\/v2\/pages\/1005","targetHints":{"allow":["GET"]}}],"collection":[{"href":"https:\/\/zenithspirit.id.vn\/index.php\/wp-json\/wp\/v2\/pages"}],"about":[{"href":"https:\/\/zenithspirit.id.vn\/index.php\/wp-json\/wp\/v2\/types\/page"}],"author":[{"embeddable":true,"href":"https:\/\/zenithspirit.id.vn\/index.php\/wp-json\/wp\/v2\/users\/1"}],"replies":[{"embeddable":true,"href":"https:\/\/zenithspirit.id.vn\/index.php\/wp-json\/wp\/v2\/comments?post=1005"}],"version-history":[{"count":10,"href":"https:\/\/zenithspirit.id.vn\/index.php\/wp-json\/wp\/v2\/pages\/1005\/revisions"}],"predecessor-version":[{"id":1023,"href":"https:\/\/zenithspirit.id.vn\/index.php\/wp-json\/wp\/v2\/pages\/1005\/revisions\/1023"}],"wp:attachment":[{"href":"https:\/\/zenithspirit.id.vn\/index.php\/wp-json\/wp\/v2\/media?parent=1005"}],"curies":[{"name":"wp","href":"https:\/\/api.w.org\/{rel}","templated":true}]}}