{"id":339,"date":"2025-12-28T08:23:07","date_gmt":"2025-12-28T08:23:07","guid":{"rendered":"https:\/\/zenithspirit.id.vn\/?page_id=339"},"modified":"2025-12-28T08:26:10","modified_gmt":"2025-12-28T08:26:10","slug":"giao-uoc","status":"publish","type":"page","link":"https:\/\/zenithspirit.id.vn\/index.php\/giao-uoc\/","title":{"rendered":"GIAO \u01af\u1edaC"},"content":{"rendered":"\n<h3 class=\"wp-block-heading has-cyan-bluish-gray-color has-text-color has-link-color wp-elements-84bff96c5439c5e23015d81e2b5472e0\">1. B\u1ea3o m\u1eadt T\u1ea7n s\u1ed1 C\u00e1 nh\u00e2n<\/h3>\n\n\n\n<p class=\"has-vivid-green-cyan-color has-text-color has-link-color wp-elements-6b1d4bb87e13e8f77f2e5f20a6927055\">M\u1ecdi d\u1eef li\u1ec7u v\u1ec1 ng\u00e0y, th\u00e1ng, n\u0103m sinh ch\u00fa cung c\u1ea5p ch\u1ec9 nh\u1eb1m m\u1ee5c \u0111\u00edch duy nh\u1ea5t: <strong>T\u00ednh to\u00e1n v\u00e0 th\u1ea5u th\u1ecb t\u1ea7n s\u1ed1 n\u0103ng l\u01b0\u1ee3ng l\u01b0\u1ee3ng t\u1eed c\u00e1 nh\u00e2n<\/strong>. Ch\u00fang t\u00f4i kh\u00f4ng l\u01b0u gi\u1eef danh t\u00ednh th\u1ef1c ho\u1eb7c chia s\u1ebb th\u00f4ng tin n\u00e0y v\u1edbi b\u1ea5t k\u1ef3 b\u00ean th\u1ee9 ba n\u00e0o.<\/p>\n\n\n\n<h3 class=\"wp-block-heading has-cyan-bluish-gray-color has-text-color has-link-color wp-elements-d16d871d34acb0fb307c205885be149c\">2. Quy\u1ec1n S\u1edf h\u1eefu Tr\u00ed tu\u1ec7<\/h3>\n\n\n\n<p class=\"has-vivid-green-cyan-color has-text-color has-link-color wp-elements-1164be6e27702b8507c61463dff71165\">To\u00e0n b\u1ed9 h\u1ec7 th\u1ed1ng gi\u1ea3i m\u00e3, c\u00e1c m\u00f4 h\u00ecnh 3D \u0111\u1eb7c ch\u1ebf v\u00e0 n\u1ed9i dung th\u1ea5u th\u1ecb tr\u00ean n\u1ec1n t\u1ea3ng n\u00e0y \u0111\u1ec1u thu\u1ed9c s\u1edf h\u1eefu c\u1ee7a <strong>Zenith Spirit<\/strong>. M\u1ecdi s\u1ef1 sao ch\u00e9p m\u00e0 kh\u00f4ng c\u00f3 s\u1ef1 \u0111\u1ed3ng \u00fd c\u1ee7a Master \u0111\u1ec1u \u0111\u01b0\u1ee3c coi l\u00e0 vi ph\u1ea1m tr\u1eadt t\u1ef1 n\u0103ng l\u01b0\u1ee3ng c\u1ee7a d\u1ef1 \u00e1n.<\/p>\n\n\n\n<h3 class=\"wp-block-heading has-cyan-bluish-gray-color has-text-color has-link-color wp-elements-a3cf809363399e3e7dc8f2bb90d13600\">3. Mi\u1ec5n tr\u1eeb Tr\u00e1ch nhi\u1ec7m<\/h3>\n\n\n\n<p class=\"has-vivid-green-cyan-color has-text-color has-link-color wp-elements-68e2179611a1f3a2a2d9255da25e25a1\">Th\u00f4ng tin t\u1eeb Zenith Spirit cung c\u1ea5p m\u1ed9t g\u00f3c nh\u00ecn tham chi\u1ebfu v\u1ec1 b\u1ea3n ng\u00e3 th\u00f4ng qua l\u0103ng k\u00ednh l\u01b0\u1ee3ng t\u1eed v\u00e0 t\u00e2m l\u00fd h\u1ecdc. Ng\u01b0\u1eddi s\u1eed d\u1ee5ng ho\u00e0n to\u00e0n ch\u1ecbu tr\u00e1ch nhi\u1ec7m v\u1ec1 c\u00e1ch th\u1ee9c v\u1eadn d\u1ee5ng c\u00e1c t\u1ea7n s\u1ed1 n\u00e0y v\u00e0o cu\u1ed9c s\u1ed1ng th\u1ef1c t\u1ea1i c\u1ee7a ch\u00ednh m\u00ecnh.<\/p>\n\n\n\n<h3 class=\"wp-block-heading has-cyan-bluish-gray-color has-text-color has-link-color wp-elements-79e94f965ed2b7a369c9d1307ce848b9\">4. Giao th\u1ee9c K\u1ebft n\u1ed1i<\/h3>\n\n\n\n<p class=\"has-vivid-green-cyan-color has-text-color has-link-color wp-elements-be090cb749acf1ec2a2d78ba861aeeeb\">M\u1ecdi th\u1eafc m\u1eafc ho\u1eb7c y\u00eau c\u1ea7u th\u1ea5u th\u1ecb chuy\u00ean s\u00e2u, vui l\u00f2ng li\u00ean h\u1ec7 tr\u1ef1c ti\u1ebfp qua c\u00e1c c\u1ed5ng giao ti\u1ebfp ch\u00ednh th\u1ee9c \u0111\u01b0\u1ee3c ni\u00eam y\u1ebft tr\u00ean website.<\/p>\n","protected":false},"excerpt":{"rendered":"<p>1. B\u1ea3o m\u1eadt T\u1ea7n s\u1ed1 C\u00e1 nh\u00e2n M\u1ecdi d\u1eef li\u1ec7u v\u1ec1 ng\u00e0y, th\u00e1ng, n\u0103m sinh ch\u00fa cung c\u1ea5p ch\u1ec9 nh\u1eb1m m\u1ee5c \u0111\u00edch duy nh\u1ea5t: T\u00ednh to\u00e1n v\u00e0 th\u1ea5u th\u1ecb t\u1ea7n s\u1ed1 n\u0103ng l\u01b0\u1ee3ng l\u01b0\u1ee3ng t\u1eed c\u00e1 nh\u00e2n. Ch\u00fang t\u00f4i kh\u00f4ng l\u01b0u gi\u1eef danh t\u00ednh th\u1ef1c ho\u1eb7c chia s\u1ebb th\u00f4ng tin n\u00e0y v\u1edbi b\u1ea5t k\u1ef3 b\u00ean [&hellip;]<\/p>\n","protected":false},"author":1,"featured_media":0,"parent":0,"menu_order":0,"comment_status":"closed","ping_status":"closed","template":"","meta":{"footnotes":""},"class_list":["post-339","page","type-page","status-publish","hentry"],"_links":{"self":[{"href":"https:\/\/zenithspirit.id.vn\/index.php\/wp-json\/wp\/v2\/pages\/339","targetHints":{"allow":["GET"]}}],"collection":[{"href":"https:\/\/zenithspirit.id.vn\/index.php\/wp-json\/wp\/v2\/pages"}],"about":[{"href":"https:\/\/zenithspirit.id.vn\/index.php\/wp-json\/wp\/v2\/types\/page"}],"author":[{"embeddable":true,"href":"https:\/\/zenithspirit.id.vn\/index.php\/wp-json\/wp\/v2\/users\/1"}],"replies":[{"embeddable":true,"href":"https:\/\/zenithspirit.id.vn\/index.php\/wp-json\/wp\/v2\/comments?post=339"}],"version-history":[{"count":4,"href":"https:\/\/zenithspirit.id.vn\/index.php\/wp-json\/wp\/v2\/pages\/339\/revisions"}],"predecessor-version":[{"id":344,"href":"https:\/\/zenithspirit.id.vn\/index.php\/wp-json\/wp\/v2\/pages\/339\/revisions\/344"}],"wp:attachment":[{"href":"https:\/\/zenithspirit.id.vn\/index.php\/wp-json\/wp\/v2\/media?parent=339"}],"curies":[{"name":"wp","href":"https:\/\/api.w.org\/{rel}","templated":true}]}}