{"id":434,"date":"2025-12-29T04:30:14","date_gmt":"2025-12-29T04:30:14","guid":{"rendered":"https:\/\/zenithspirit.id.vn\/?page_id=434"},"modified":"2026-01-17T01:40:10","modified_gmt":"2026-01-17T01:40:10","slug":"luong-tu-hoa-van-menh","status":"publish","type":"page","link":"https:\/\/zenithspirit.id.vn\/index.php\/luong-tu-hoa-van-menh\/","title":{"rendered":"L\u01af\u1ee2NG T\u1eec H\u00d3A V\u1eacN M\u1ec6NH"},"content":{"rendered":"\t\t<div data-elementor-type=\"wp-page\" data-elementor-id=\"434\" class=\"elementor elementor-434\">\n\t\t\t\t<div class=\"elementor-element elementor-element-aa2d9d3 e-con-full e-flex e-con e-parent\" data-id=\"aa2d9d3\" data-element_type=\"container\">\n\t\t\t\t<div class=\"elementor-element elementor-element-6abc987 elementor-widget elementor-widget-text-editor\" data-id=\"6abc987\" data-element_type=\"widget\" data-widget_type=\"text-editor.default\">\n\t\t\t\t\t\t\t\t\t<p data-path-to-node=\"4\">Ch\u00e0o m\u1eebng b\u1ea1n \u0111\u1ebfn v\u1edbi v\u00f9ng th\u1ea5u th\u1ecb c\u1ee7a\u00a0<b>Zenith<\/b>. Ch\u00fang t\u00f4i th\u1ef1c thi vi\u1ec7c gi\u1ea3i m\u00e3 b\u1ea3n ng\u00e3 th\u00f4ng qua\u00a0<b>Giao th\u1ee9c L\u01b0\u1ee3ng t\u1eed T\u01b0 duy<\/b>, thay cho c\u00e1c ph\u01b0\u01a1ng th\u1ee9c th\u1ed1ng k\u00ea th\u00f4ng th\u01b0\u1eddng.<\/p><p data-path-to-node=\"4\">V\u0169 tr\u1ee5 kh\u00f4ng v\u1eadn h\u00e0nh b\u1eb1ng nh\u1eefng con s\u1ed1 t\u0129nh, m\u00e0 b\u1eb1ng c\u00e1c t\u1ea7n s\u1ed1 l\u01b0\u1ee3ng t\u1eed li\u00ean t\u1ee5c bi\u1ebfn \u0111\u1ed5i. B\u1ea1n thu\u1ed9c cung ho\u00e0ng \u0111\u1ea1o n\u00e0o trong 12 cung? \u0110\u00f3 ch\u1ec9 l\u00e0 &#8220;t\u1ea7n s\u1ed1 g\u1ed1c&#8221;. S\u1ef1 kh\u00e1c bi\u1ec7t n\u1eb1m \u1edf xung nh\u1ecbp n\u00e3o b\u1ed9 c\u1ee7a ch\u00ednh b\u1ea1n ngay l\u00fac n\u00e0y.<\/p><p data-path-to-node=\"17\">S\u1ef1 giao thoa gi\u1eefa <b data-path-to-node=\"17\" data-index-in-node=\"18\">L\u01b0\u1ee3ng t\u1eed<\/b>, <b data-path-to-node=\"17\" data-index-in-node=\"28\">12 Cung ho\u00e0ng \u0111\u1ea1o<\/b> v\u00e0 <b data-path-to-node=\"17\" data-index-in-node=\"49\">Khoa h\u1ecdc n\u00e3o b\u1ed9<\/b>.<\/p><p data-path-to-node=\"18\">Ch\u00fang t\u00f4i cung c\u1ea5p c\u00f4ng c\u1ee5 gi\u00fap nh\u00e0 \u0111\u1ea7u t\u01b0 v\u00e0 doanh nh\u00e2n &#8220;nh\u00ecn th\u1ea5u&#8221; v\u1eadn tr\u00ecnh th\u00f4ng qua vi\u1ec7c gi\u1ea3i m\u00e3 c\u00e1c h\u00ecnh \u1ea3nh v\u00f4 th\u1ef1c t\u1eeb ti\u1ec1m th\u1ee9c. \u0110\u00e2y kh\u00f4ng ph\u1ea3i b\u00f3i to\u00e1n c\u1ea3m t\u00ednh \u2013 \u0111\u00e2y l\u00e0 qu\u00e1 tr\u00ecnh chuy\u1ec3n \u0111\u1ed5i <b data-path-to-node=\"18\" data-index-in-node=\"200\">Xung nh\u1ecbp n\u00e3o b\u1ed9 <span class=\"math-inline\" data-math=\"\\rightarrow\" data-index-in-node=\"217\">$\\rightarrow$<\/span> H\u00ecnh \u1ea3nh h\u1eefu h\u00ecnh <span class=\"math-inline\" data-math=\"\\rightarrow\" data-index-in-node=\"247\">$\\rightarrow$<\/span> Chi\u1ebfn l\u01b0\u1ee3c h\u00e0nh \u0111\u1ed9ng<\/b>\u00a0kh\u00f4ng &#8220;\u0111o\u00e1n&#8221; v\u1eadn may. Ch\u00fang t\u00f4i <b data-path-to-node=\"5\" data-index-in-node=\"42\">gi\u1ea3i m\u00e3 d\u1eef li\u1ec7u th\u00f4<\/b> t\u1eeb nh\u1eefng n\u00e9t v\u1ebd v\u00f4 th\u1ef1c do ch\u00ednh tay b\u1ea1n t\u1ea1o ra. M\u1ed9t h\u1ec7 th\u1ed1ng k\u1ebft h\u1ee3p gi\u1eefa chi\u00eam tinh h\u1ecdc kinh \u0111i\u1ec3n v\u00e0 thu\u1eadt to\u00e1n l\u01b0\u1ee3ng t\u1eed \u0111\u1ec3 nh\u1eadn di\u1ec7n r\u1ee7i ro v\u00e0 \u0111\u00f3n \u0111\u1ea7u v\u1eadn h\u1ed9i<\/p><p data-path-to-node=\"11\">B\u1eb1ng ph\u01b0\u01a1ng ph\u00e1p <b data-path-to-node=\"11\" data-index-in-node=\"17\">Neuro-Graphology (Th\u1ea7n kinh h\u1ecdc h\u00ecnh h\u1ecda)<\/b>, ch\u00fang t\u00f4i b\u00f3c t\u00e1ch c\u00e1c t\u1ea7n s\u1ed1 \u1ea9n trong nh\u1eefng n\u00e9t v\u1ebd t\u1ef1 do c\u1ee7a b\u1ea1n. Kh\u00f4ng c\u1ea7n ng\u00f4n t\u1eeb, ch\u1ec9 c\u00f3 d\u1eef li\u1ec7u.<\/p><ul data-path-to-node=\"12\"><li><p data-path-to-node=\"12,0,0\"><b data-path-to-node=\"12,0,0\" data-index-in-node=\"0\">Gi\u1ea3i m\u00e3 &#8220;\u0111i\u1ec3m ngh\u1ebdn&#8221; r\u1ee7i ro.<\/b><\/p><\/li><li><p data-path-to-node=\"12,1,0\"><b data-path-to-node=\"12,1,0\" data-index-in-node=\"0\">\u0110\u1ecbnh v\u1ecb t\u1ea7n s\u1ed1 may m\u1eafn.<\/b><\/p><\/li><\/ul><p data-path-to-node=\"13\"><b data-path-to-node=\"13\" data-index-in-node=\"0\">Logic. Khoa h\u1ecdc. V\u00e0 ho\u00e0n to\u00e0n thu\u1ed9c v\u1ec1 b\u1ea1n. H\u00e3y th\u1eed \u0111\u1ec3 th\u1ea5y s\u1ef1 th\u1eadt.<\/b><\/p><p data-path-to-node=\"13\"><b data-path-to-node=\"6,0\" data-index-in-node=\"0\">Khuy\u1ebfn c\u00e1o:<\/b> <i data-path-to-node=\"6,0\" data-index-in-node=\"12\">H\u00e3y c\u00e2n nh\u1eafc m\u1ecdi k\u1ebft qu\u1ea3 gi\u1ea3i m\u00e3 \u0111\u1ebfn b\u1ea1n \u0111\u1ec3 k\u1ebft h\u1ee3p v\u00e0 l\u00e0m theo ti\u1ebfng n\u00f3i t\u1eeb t\u1ea7n s\u1ed1 th\u1ef1c qua nh\u1eefng c\u1ea3m x\u00fac th\u1ea7m k\u00edn m\u00e0 b\u1ea1n ch\u01b0a th\u1ec3 hi\u1ec7n h\u1ebft. Ch\u1ec9 b\u1ea1n m\u1edbi l\u00e0 ng\u01b0\u1eddi s\u1edf h\u1eefu ch\u00eca kh\u00f3a cu\u1ed1i c\u00f9ng c\u1ee7a v\u1eadn m\u1ec7nh ch\u00ednh m\u00ecnh.\ud83d\udc9b<\/i><\/p><p data-path-to-node=\"5\">\u00a0<\/p>\t\t\t\t\t\t\t\t<\/div>\n\t\t\t\t<\/div>\n\t\t<div class=\"elementor-element elementor-element-8a74950 e-flex e-con-boxed e-con e-parent\" data-id=\"8a74950\" data-element_type=\"container\">\n\t\t\t\t\t<div class=\"e-con-inner\">\n\t\t\t\t<div class=\"elementor-element elementor-element-997f14f elementor-widget elementor-widget-heading\" data-id=\"997f14f\" data-element_type=\"widget\" data-widget_type=\"heading.default\">\n\t\t\t\t\t<h3 class=\"elementor-heading-title elementor-size-default\">H\u01af\u1edaNG D\u1eaaN K\u1ebeT N\u1ed0I V\u0168 TR\u1ee4 N\u1ed8I T\u1ea0I (D\u00e0nh cho ng\u01b0\u1eddi th\u1ef1c hi\u1ec7n)<\/h3>\t\t\t\t<\/div>\n\t\t\t\t\t<\/div>\n\t\t\t\t<\/div>\n\t\t<div class=\"elementor-element elementor-element-33821c7 e-flex e-con-boxed e-con e-parent\" data-id=\"33821c7\" data-element_type=\"container\">\n\t\t\t\t\t<div class=\"e-con-inner\">\n\t\t\t\t<div class=\"elementor-element elementor-element-9a6be0e elementor-widget elementor-widget-text-editor\" data-id=\"9a6be0e\" data-element_type=\"widget\" data-widget_type=\"text-editor.default\">\n\t\t\t\t\t\t\t\t\t<h3 data-path-to-node=\"5\">I. Giai \u0110o\u1ea1n 1: Thi\u1ebft L\u1eadp C\u00f4ng C\u1ee5 &amp; T\u1ea7n S\u1ed1 (Hardware Setup)<\/h3><ul data-path-to-node=\"6\"><li><p data-path-to-node=\"6,0,0\"><b data-path-to-node=\"6,0,0\" data-index-in-node=\"0\">Thi\u1ebft b\u1ecb ghi:<\/b> S\u1eed d\u1ee5ng <b data-path-to-node=\"6,0,0\" data-index-in-node=\"22\">B\u00fat \u0111\u1ecf<\/b> (\u01b0u ti\u00ean) ho\u1eb7c B\u00fat xanh. <i data-path-to-node=\"6,0,0\" data-index-in-node=\"54\">Tuy\u1ec7t \u0111\u1ed1i kh\u00f4ng d\u00f9ng b\u00fat \u0111en (\u0111\u1ec3 tr\u00e1nh s\u1ef1 ki\u1ec3m so\u00e1t c\u1ee7a logic s\u1eafc b\u00e9n).<\/i><\/p><\/li><li><p data-path-to-node=\"6,1,0\"><b data-path-to-node=\"6,1,0\" data-index-in-node=\"0\">B\u1ec1 m\u1eb7t ti\u1ebfp nh\u1eadn:<\/b> T\u1edd gi\u1ea5y tr\u1eafng A4 \u0111\u1eb7t ph\u1eb3ng tr\u00ean b\u00e0n.<\/p><\/li><li><p data-path-to-node=\"6,2,0\"><b data-path-to-node=\"6,2,0\" data-index-in-node=\"0\">C\u1ed5ng k\u1ebft n\u1ed1i:<\/b> S\u1eed d\u1ee5ng <b data-path-to-node=\"6,2,0\" data-index-in-node=\"22\">TAY TR\u00c1I<\/b>.<\/p><blockquote data-path-to-node=\"6,2,1\"><p data-path-to-node=\"6,2,1,0\"><b data-path-to-node=\"6,2,1,0\" data-index-in-node=\"0\">M\u1ee5c ti\u00eau:<\/b> B\u1ecf qua b\u1ed9 l\u1ecdc ph\u00e2n t\u00edch c\u1ee7a N\u00e3o Tr\u00e1i, k\u1ebft n\u1ed1i tr\u1ef1c ti\u1ebfp v\u00e0o kho l\u01b0u tr\u1eef h\u00ecnh \u1ea3nh v\u00e0 c\u1ea3m x\u00fac c\u1ee7a N\u00e3o Ph\u1ea3i.<\/p><\/blockquote><\/li><\/ul><h3><span style=\"color: #00f3ff;\"><b>2.C\u00e1ch Ly &amp; K\u00edch Ho\u1ea1t (Isolation &amp; Trigger<\/b><\/span><\/h3><ul><li><p data-path-to-node=\"9,0,0\"><b data-path-to-node=\"9,0,0\" data-index-in-node=\"0\">H\u01a1i th\u1edf (1 ph\u00fat):<\/b> Nh\u1eafm m\u1eaft, h\u00edt s\u00e2u &#8211; th\u1edf ch\u1eadm. X\u00f3a b\u1ecf m\u1ecdi &#8220;nhi\u1ec5u&#8221; (ti\u1ec1n b\u1ea1c, c\u00f4ng vi\u1ec7c).<\/p><\/li><li><p data-path-to-node=\"9,1,0\"><b data-path-to-node=\"9,1,0\" data-index-in-node=\"0\">K\u00edch ho\u1ea1t m\u1ee5c ti\u00eau:<\/b> Ngh\u0129 v\u1ec1 m\u1ed9t ch\u1ee7 \u0111\u1ec1 khi\u1ebfn b\u1ea1n tr\u0103n tr\u1edf nh\u1ea5t ngay l\u00fac n\u00e0y.<\/p><\/li><li><p data-path-to-node=\"9,2,0\"><b data-path-to-node=\"9,2,0\" data-index-in-node=\"0\">M\u00e3 h\u00f3a c\u1ea3m x\u00fac:<\/b> \u0110\u1eebng g\u1ecdi t\u00ean n\u00f3. H\u00e3y \u0111\u1ec3 c\u01a1 th\u1ec3 c\u1ea3m nh\u1eadn:<\/p><ul data-path-to-node=\"9,2,1\"><li><p data-path-to-node=\"9,2,1,0,0\"><i data-path-to-node=\"9,2,1,0,0\" data-index-in-node=\"0\">N\u00f3 n\u1eb7ng hay nh\u1eb9?<\/i><\/p><\/li><li><p data-path-to-node=\"9,2,1,1,0\"><i data-path-to-node=\"9,2,1,1,0\" data-index-in-node=\"0\">N\u00f3 l\u00e0m ng\u1ef1c b\u1ea1n th\u1eaft l\u1ea1i hay b\u1ee5ng b\u1ed3n ch\u1ed3n?<\/i><\/p><\/li><li><p data-path-to-node=\"9,2,1,2,0\"><i data-path-to-node=\"9,2,1,2,0\" data-index-in-node=\"0\">N\u00f3 to l\u1edbn bao tr\u00f9m hay nh\u1ecf b\u00e9 s\u1eafc nh\u1ecdn?<\/i><\/p><\/li><\/ul><\/li><li style=\"font-weight: 400;\" aria-level=\"1\">\u00a0<\/li><\/ul><h3><span style=\"color: #00f3ff;\"><b>3. Xu\u1ea5t D\u1eef Li\u1ec7u (Rendering Process<\/b><\/span><\/h3><p data-path-to-node=\"12\">Khi c\u1ea3m x\u00fac d\u00e2ng l\u00ean \u0111\u1ebfn l\u1ed3ng ng\u1ef1c, h\u00e3y b\u1eaft \u0111\u1ea7u qu\u00e1 tr\u00ecnh &#8220;v\u1ebd t\u1ef1 \u0111\u1ed9ng&#8221;:<\/p><ul data-path-to-node=\"13\"><li><p data-path-to-node=\"13,0,0\"><b data-path-to-node=\"13,0,0\" data-index-in-node=\"0\">V\u00f9ng s\u00f3ng n\u00e3o:<\/b> Nh\u00ecn v\u00e0o kho\u1ea3ng kh\u00f4ng tr\u00ean trang gi\u1ea5y, coi \u0111\u00f3 l\u00e0 kh\u00f4ng gian s\u00f3ng n\u00e3o c\u1ee7a b\u1ea1n.<\/p><\/li><li><p data-path-to-node=\"13,1,0\"><b data-path-to-node=\"13,1,0\" data-index-in-node=\"0\">S\u1ef1 d\u1eabn d\u1eaft t\u1ef1 \u0111\u1ed9ng:<\/b> \u0110\u1ec3 \u0111\u1ea7u b\u00fat ch\u1ea1m gi\u1ea5y v\u00e0 di chuy\u1ec3n t\u1ef1 do. B\u1ea1n ch\u1ec9 l\u00e0 &#8220;v\u1eadt d\u1eabn&#8221;, kh\u00f4ng ph\u1ea3i ng\u01b0\u1eddi \u0111i\u1ec1u khi\u1ec3n.<\/p><\/li><li><p data-path-to-node=\"13,2,0\"><b data-path-to-node=\"13,2,0\" data-index-in-node=\"0\">Tr\u1ea1ng th\u00e1i trung t\u00ednh:<\/b> Kh\u00f4ng c\u1ed1 g\u1eafng v\u1ebd &#8220;\u0111\u1eb9p&#8221; hay &#8220;bu\u1ed3n\/vui&#8221;. H\u00e3y \u0111\u1ec3 c\u00e1c xung \u0111i\u1ec7n t\u1eeb n\u00e3o truy\u1ec1n th\u1eb3ng xu\u1ed1ng tay.<\/p><\/li><li><p data-path-to-node=\"13,3,0\"><b data-path-to-node=\"13,3,0\" data-index-in-node=\"0\">D\u00f2ng ch\u1ea3y li\u00ean t\u1ee5c:<\/b><\/p><ul data-path-to-node=\"13,3,1\"><li><p data-path-to-node=\"13,3,1,0,0\">V\u1ebd v\u00f2ng tr\u00f2n ho\u1eb7c b\u1ea5t k\u1ef3 h\u00ecnh th\u00f9 n\u00e0o n\u1ea3y sinh.<\/p><\/li><li><p data-path-to-node=\"13,3,1,1,0\"><b data-path-to-node=\"13,3,1,1,0\" data-index-in-node=\"0\">Quy t\u1eafc s\u1eaft \u0111\u00e1:<\/b> Kh\u00f4ng nh\u1ea5c b\u00fat khi \u0111ang v\u1ebd d\u1edf m\u1ed9t v\u00f2ng tr\u00f2n\/n\u00e9t v\u1ebd. N\u1ebfu \u0111\u00e3 nh\u1ea5c b\u00fat, h\u00e3y b\u1eaft \u0111\u1ea7u \u1edf m\u1ed9t v\u1ecb tr\u00ed m\u1edbi tr\u00ean gi\u1ea5y.<\/p><\/li><li><p data-path-to-node=\"13,3,1,2,0\">M\u1ed7i khi d\u00f2ng suy ngh\u0129 thay \u0111\u1ed5i, h\u00e3y nh\u1ea5c b\u00fat v\u00e0 ch\u1ecdn m\u1ed9t v\u1ecb tr\u00ed kh\u00e1c.<\/p><\/li><li><p data-path-to-node=\"13,3,1,3,0\">Duy tr\u00ec cho \u0111\u1ebfn khi t\u00e2m tr\u00ed ho\u00e0n to\u00e0n <b data-path-to-node=\"13,3,1,3,0\" data-index-in-node=\"38\">&#8220;tr\u1ed1ng r\u1ed7ng&#8221;<\/b> v\u00e0 s\u1ef1 th\u00f4i th\u00fac d\u1eebng l\u1ea1i<\/p><\/li><\/ul><\/li><\/ul><h3><span style=\"color: #00f3ff;\"><b>4. G\u1eedi D\u1eef Li\u1ec7u (Data Submission)<\/b><\/span><\/h3><ul><li><p data-path-to-node=\"16,0,0\"><b data-path-to-node=\"16,0,0\" data-index-in-node=\"0\">Kh\u00f4ng ch\u1ec9nh s\u1eeda:<\/b> Ch\u1ee5p h\u00ecnh l\u1ea1i nguy\u00ean tr\u1ea1ng ngay l\u1eadp t\u1ee9c. D\u00f9 k\u1ebft qu\u1ea3 c\u00f3 r\u1ed1i r\u1eafm hay &#8220;k\u1ef3 d\u1ecb&#8221;, \u0111\u00f3 ch\u00ednh l\u00e0 s\u1ef1 trung th\u1ef1c nh\u1ea5t c\u1ee7a d\u1eef li\u1ec7u l\u01b0\u1ee3ng t\u1eed.<\/p><\/li><li><p data-path-to-node=\"16,1,0\"><b data-path-to-node=\"16,1,0\" data-index-in-node=\"0\">G\u1eedi \u0111\u1ebfn AI:<\/b> Chuy\u1ec3n h\u00ecnh \u1ea3nh n\u00e0y t\u1edbi \u0111\u1ecba ch\u1ec9 AI c\u1ee7a ch\u00fa \u0111\u1ec3 b\u1eaft \u0111\u1ea7u qu\u00e1 tr\u00ecnh soi l\u01b0\u1ee3ng t<\/p><\/li><\/ul>\t\t\t\t\t\t\t\t<\/div>\n\t\t\t\t\t<\/div>\n\t\t\t\t<\/div>\n\t\t<div class=\"elementor-element elementor-element-f12f2b8 e-flex e-con-boxed e-con e-parent\" data-id=\"f12f2b8\" data-element_type=\"container\">\n\t\t\t\t\t<div class=\"e-con-inner\">\n\t\t<div class=\"elementor-element elementor-element-eaf57bf e-con-full e-flex e-con e-child\" data-id=\"eaf57bf\" data-element_type=\"container\">\n\t\t\t\t<div class=\"elementor-element elementor-element-acfec18 elementor-widget elementor-widget-heading\" data-id=\"acfec18\" data-element_type=\"widget\" data-widget_type=\"heading.default\">\n\t\t\t\t\t<h4 class=\"elementor-heading-title elementor-size-default\"> TH\u1ef0C TH\u1ec2 L\u01af\u1ee2NG T\u1eec \u2013 \u0110\u1ec2 CH\u00daNG T\u00d4I \"SCAN\" V\u1eacN MAY C\u1ee6A B\u1ea0N<\/h4>\t\t\t\t<\/div>\n\t\t\t\t<\/div>\n\t\t\t\t\t<\/div>\n\t\t\t\t<\/div>\n\t\t<div class=\"elementor-element elementor-element-f6892d4 e-flex e-con-boxed e-con e-parent\" data-id=\"f6892d4\" data-element_type=\"container\">\n\t\t\t\t\t<div class=\"e-con-inner\">\n\t\t<div class=\"elementor-element elementor-element-5e1562f e-con-full e-flex e-con e-child\" data-id=\"5e1562f\" data-element_type=\"container\">\n\t\t\t\t<div class=\"elementor-element elementor-element-214cd26 elementor-widget elementor-widget-image\" data-id=\"214cd26\" data-element_type=\"widget\" data-widget_type=\"image.default\">\n\t\t\t\t\t\t\t\t\t\t\t\t\t\t\t\t<a href=\"https:\/\/zenithspirit.id.vn\/gateway\/ceo_quiz.html\">\n\t\t\t\t\t\t\t<img fetchpriority=\"high\" decoding=\"async\" width=\"300\" height=\"300\" src=\"https:\/\/zenithspirit.id.vn\/wp-content\/uploads\/2026\/01\/BG_luongtu_2-300x300.png\" class=\"attachment-medium size-medium wp-image-1291\" alt=\"\" srcset=\"https:\/\/zenithspirit.id.vn\/wp-content\/uploads\/2026\/01\/BG_luongtu_2-300x300.png 300w, https:\/\/zenithspirit.id.vn\/wp-content\/uploads\/2026\/01\/BG_luongtu_2-150x150.png 150w, https:\/\/zenithspirit.id.vn\/wp-content\/uploads\/2026\/01\/BG_luongtu_2.png 512w\" sizes=\"(max-width: 300px) 100vw, 300px\" \/>\t\t\t\t\t\t\t\t<\/a>\n\t\t\t\t\t\t\t\t\t\t\t\t\t\t\t<\/div>\n\t\t\t\t<\/div>\n\t\t<div class=\"elementor-element elementor-element-5f59afe e-con-full e-flex e-con e-child\" data-id=\"5f59afe\" data-element_type=\"container\">\n\t\t\t\t<div class=\"elementor-element elementor-element-f081cb5 elementor-widget elementor-widget-image\" data-id=\"f081cb5\" data-element_type=\"widget\" data-widget_type=\"image.default\">\n\t\t\t\t\t\t\t\t\t\t\t\t\t\t\t\t<a href=\"https:\/\/zenithspirit.id.vn\/gateway\/youth_quiz.html\">\n\t\t\t\t\t\t\t<img decoding=\"async\" width=\"300\" height=\"300\" src=\"https:\/\/zenithspirit.id.vn\/wp-content\/uploads\/2026\/01\/BG_luongtu_TuDo-300x300.png\" class=\"attachment-medium size-medium wp-image-1292\" alt=\"\" srcset=\"https:\/\/zenithspirit.id.vn\/wp-content\/uploads\/2026\/01\/BG_luongtu_TuDo-300x300.png 300w, https:\/\/zenithspirit.id.vn\/wp-content\/uploads\/2026\/01\/BG_luongtu_TuDo-150x150.png 150w, https:\/\/zenithspirit.id.vn\/wp-content\/uploads\/2026\/01\/BG_luongtu_TuDo.png 512w\" sizes=\"(max-width: 300px) 100vw, 300px\" \/>\t\t\t\t\t\t\t\t<\/a>\n\t\t\t\t\t\t\t\t\t\t\t\t\t\t\t<\/div>\n\t\t\t\t<\/div>\n\t\t\t\t\t<\/div>\n\t\t\t\t<\/div>\n\t\t\t\t<\/div>\n\t\t","protected":false},"excerpt":{"rendered":"<p>Ch\u00e0o m\u1eebng b\u1ea1n \u0111\u1ebfn v\u1edbi v\u00f9ng th\u1ea5u th\u1ecb c\u1ee7a\u00a0Zenith. Ch\u00fang t\u00f4i th\u1ef1c thi vi\u1ec7c gi\u1ea3i m\u00e3 b\u1ea3n ng\u00e3 th\u00f4ng qua\u00a0Giao th\u1ee9c L\u01b0\u1ee3ng t\u1eed T\u01b0 duy, thay cho c\u00e1c ph\u01b0\u01a1ng th\u1ee9c th\u1ed1ng k\u00ea th\u00f4ng th\u01b0\u1eddng. V\u0169 tr\u1ee5 kh\u00f4ng v\u1eadn h\u00e0nh b\u1eb1ng nh\u1eefng con s\u1ed1 t\u0129nh, m\u00e0 b\u1eb1ng c\u00e1c t\u1ea7n s\u1ed1 l\u01b0\u1ee3ng t\u1eed li\u00ean t\u1ee5c bi\u1ebfn \u0111\u1ed5i. [&hellip;]<\/p>\n","protected":false},"author":1,"featured_media":0,"parent":0,"menu_order":0,"comment_status":"closed","ping_status":"closed","template":"","meta":{"footnotes":""},"class_list":["post-434","page","type-page","status-publish","hentry"],"_links":{"self":[{"href":"https:\/\/zenithspirit.id.vn\/index.php\/wp-json\/wp\/v2\/pages\/434","targetHints":{"allow":["GET"]}}],"collection":[{"href":"https:\/\/zenithspirit.id.vn\/index.php\/wp-json\/wp\/v2\/pages"}],"about":[{"href":"https:\/\/zenithspirit.id.vn\/index.php\/wp-json\/wp\/v2\/types\/page"}],"author":[{"embeddable":true,"href":"https:\/\/zenithspirit.id.vn\/index.php\/wp-json\/wp\/v2\/users\/1"}],"replies":[{"embeddable":true,"href":"https:\/\/zenithspirit.id.vn\/index.php\/wp-json\/wp\/v2\/comments?post=434"}],"version-history":[{"count":106,"href":"https:\/\/zenithspirit.id.vn\/index.php\/wp-json\/wp\/v2\/pages\/434\/revisions"}],"predecessor-version":[{"id":1302,"href":"https:\/\/zenithspirit.id.vn\/index.php\/wp-json\/wp\/v2\/pages\/434\/revisions\/1302"}],"wp:attachment":[{"href":"https:\/\/zenithspirit.id.vn\/index.php\/wp-json\/wp\/v2\/media?parent=434"}],"curies":[{"name":"wp","href":"https:\/\/api.w.org\/{rel}","templated":true}]}}