{"id":834,"date":"2025-12-31T06:04:32","date_gmt":"2025-12-31T06:04:32","guid":{"rendered":"https:\/\/zenithspirit.id.vn\/?page_id=834"},"modified":"2026-01-01T03:24:13","modified_gmt":"2026-01-01T03:24:13","slug":"tuoi-dan","status":"publish","type":"page","link":"https:\/\/zenithspirit.id.vn\/index.php\/tuoi-dan\/","title":{"rendered":"Tu\u1ed5i D\u1ea7n"},"content":{"rendered":"\t\t<div data-elementor-type=\"wp-page\" data-elementor-id=\"834\" class=\"elementor elementor-834\">\n\t\t\t\t<div class=\"elementor-element elementor-element-1132cdc e-grid e-con-boxed e-con e-parent\" data-id=\"1132cdc\" data-element_type=\"container\">\n\t\t\t\t\t<div class=\"e-con-inner\">\n\t\t\t\t<div class=\"elementor-element elementor-element-066e71d elementor-view-default elementor-widget elementor-widget-icon\" data-id=\"066e71d\" data-element_type=\"widget\" data-widget_type=\"icon.default\">\n\t\t\t\t\t\t\t<div class=\"elementor-icon-wrapper\">\n\t\t\t<a class=\"elementor-icon\" href=\"https:\/\/zenithspirit.id.vn\/index.php\/12-dia-chi\">\n\t\t\t<svg aria-hidden=\"true\" class=\"e-font-icon-svg e-fas-long-arrow-alt-left\" viewBox=\"0 0 448 512\" xmlns=\"http:\/\/www.w3.org\/2000\/svg\"><path d=\"M134.059 296H436c6.627 0 12-5.373 12-12v-56c0-6.627-5.373-12-12-12H134.059v-46.059c0-21.382-25.851-32.09-40.971-16.971L7.029 239.029c-9.373 9.373-9.373 24.569 0 33.941l86.059 86.059c15.119 15.119 40.971 4.411 40.971-16.971V296z\"><\/path><\/svg>\t\t\t<\/a>\n\t\t<\/div>\n\t\t\t\t\t\t<\/div>\n\t\t\t\t<div class=\"elementor-element elementor-element-40ccee3 elementor-widget elementor-widget-heading\" data-id=\"40ccee3\" data-element_type=\"widget\" data-widget_type=\"heading.default\">\n\t\t\t\t\t<h2 class=\"elementor-heading-title elementor-size-default\">T\u1ed5ng Quan V\u1ec1 D\u1ea7n<\/h2>\t\t\t\t<\/div>\n\t\t\t\t\t<\/div>\n\t\t\t\t<\/div>\n\t\t<div class=\"elementor-element elementor-element-4265eaa e-flex e-con-boxed e-con e-parent\" data-id=\"4265eaa\" data-element_type=\"container\">\n\t\t\t\t\t<div class=\"e-con-inner\">\n\t\t<div class=\"elementor-element elementor-element-b300a86 e-con-full e-flex e-con e-child\" data-id=\"b300a86\" data-element_type=\"container\">\n\t\t\t\t<\/div>\n\t\t\t\t<div class=\"elementor-element elementor-element-4f199da elementor-widget elementor-widget-text-editor\" data-id=\"4f199da\" data-element_type=\"widget\" data-widget_type=\"text-editor.default\">\n\t\t\t\t\t\t\t\t\t<h3 style=\"color: #00f3ff;\"><b>1. Gi\u1edbi thi\u1ec7u th\u00f4ng tin v\u1ec1 ng\u01b0\u1eddi tu\u1ed5i D\u1ea7n<\/b><\/h3><p>Ng\u01b0\u1eddi tu\u1ed5i D\u1ea7n thu\u1ed9c tu\u1ed5i con h\u1ed5, l\u00e0 con v\u1eadt \u0111\u1ee9ng th\u1ee9 3 trong 12 con gi\u00e1p. Tu\u1ed5i D\u1ea7n bao g\u1ed3m nh\u1eefng ng\u01b0\u1eddi sinh c\u00e1c n\u0103m nh\u01b0: M\u1eadu D\u1ea7n 1998, B\u00ednh D\u1ea7n 1986, Gi\u00e1p D\u1ea7n 1974, Nh\u00e2m D\u1ea7n 1962, Canh D\u1ea7n 1950.<\/p><p>\u0110i\u1ec3m chung c\u1ee7a ng\u01b0\u1eddi tu\u1ed5i D\u1ea7n l\u00e0 c\u00f3 suy ngh\u0129 v\u00e0 h\u00e0nh \u0111\u1ed9ng t\u00edch c\u1ef1c, h\u1ecd bi\u1ebft ph\u1ea5n \u0111\u1ea5u h\u1ebft m\u00ecnh \u0111\u1ec3 \u0111\u1ea1t \u0111\u01b0\u1ee3c th\u00e0nh c\u00f4ng. Nh\u1eefng ng\u01b0\u1eddi tu\u1ed5i n\u00e0y c\u0169ng th\u00edch s\u1ee9c m\u1ea1nh v\u00e0 quy\u1ec1n l\u1ef1c v\u00e0 h\u1ecd c\u0169ng c\u00f3 th\u1ec3 \u0111\u1ea1t \u0111\u01b0\u1ee3c nh\u1eefng \u0111i\u1ec1u n\u00e0y nh\u1edd n\u1ed7 l\u1ef1c c\u1ee7a m\u00ecnh.<\/p><h3><b><span style=\"color: #00f3ff;\">T\u00ednh c\u00e1ch\u00a0<\/span><\/b><\/h3><p>Ng\u01b0\u1eddi tu\u1ed5i D\u1ea7n th\u01b0\u1eddng c\u00f3 t\u00ednh c\u1ed1 ch\u1ea5p, ph\u1ea5n \u0111\u1ea5u h\u1ebft m\u00ecnh v\u00ec ch\u1ea5p ni\u1ec7m c\u1ee7a m\u00ecnh. H\u1ecd kh\u00f4ng c\u00e2u n\u1ec7 b\u1ea5t c\u1ee9 \u0111i\u1ec1u g\u00ec khi l\u00e0m vi\u1ec7c, tuy nhi\u00ean h\u1ecd l\u1ea1i th\u00edch nh\u1eefng vi\u1ec7c l\u1edbn h\u01a1n l\u00e0 nh\u1eefng vi\u1ec7c nh\u1ecf nh\u1eb7t. Ng\u01b0\u1eddi tu\u1ed5i D\u1ea7n c\u00f3 ho\u00e0i b\u00e3o l\u1edbn, c\u00f3 t\u00ednh c\u1ea7u th\u1ecb, quy\u1ebft \u0111o\u00e1n v\u00e0 \u0111\u1ed9c l\u1eadp, b\u1edfi v\u1eady h\u1ecd kh\u00f4ng mu\u1ed1n b\u1ecb ng\u01b0\u1eddi kh\u00e1c l\u00e3nh \u0111\u1ea1o m\u00ecnh.<\/p><p>Tu\u1ed5i D\u1ea7n c\u0169ng l\u00e0 ng\u01b0\u1eddi hay l\u00e0m vi\u1ec7c ngh\u0129a gi\u00fap ng\u01b0\u1eddi kh\u00e1c, c\u00f3 l\u00f2ng th\u01b0\u01a1ng ng\u01b0\u1eddi n\u00ean \u0111\u01b0\u1ee3c m\u1ecdi ng\u01b0\u1eddi y\u00eau qu\u00fd. Ngo\u00e0i ra, s\u1ef1 \u0111\u01a1n gi\u1ea3n v\u00e0 t\u1ef1 nhi\u00ean c\u0169ng l\u00e0 \u0111i\u1ec3m ch\u00ednh trong n\u00e9t t\u00ednh c\u00e1ch c\u1ee7a tu\u1ed5i D\u1ea7n.<\/p><h3 style=\"color: #00f3ff;\"><b>T\u00ecnh duy\u00ean<\/b><\/h3><p>T\u00ecnh y\u00eau c\u1ee7a c\u1ea3 nam v\u00e0 n\u1eef tu\u1ed5i D\u1ea7n kh\u00f4ng m\u1ea5y thu\u1eadn l\u1ee3i, \u0111\u00f4i khi t\u01b0\u1edfng nh\u01b0 g\u1eafn b\u00f3 b\u1ec1n ch\u1eb7t nh\u01b0ng l\u1ea1i c\u00f3 k\u1ebft th\u00fac kh\u00f4ng m\u1ea5y t\u1ed1t \u0111\u1eb9p. H\u1ecd l\u00e0 ng\u01b0\u1eddi c\u00f3 t\u00ecnh c\u1ea3m phong ph\u00fa nh\u01b0ng l\u1ea1i nh\u1ea1y c\u1ea3m, l\u00e0 b\u1ea1n t\u00ecnh l\u00fd t\u01b0\u1edfng c\u1ee7a \u0111\u1ed1i ph\u01b0\u01a1ng nh\u01b0ng l\u1ea1i kh\u00f4ng ph\u1ea3i ng\u01b0\u1eddi b\u1ea1n \u0111\u1eddi ph\u00f9 h\u1ee3p.<\/p><p>N\u1eef tu\u1ed5i D\u1ea7n c\u00f3 c\u00e1 t\u00ednh m\u1ea1nh m\u1ebd, th\u00edch s\u1ef1 ch\u1ee7 \u0111\u1ed9ng trong t\u00ecnh duy\u00ean. Trong gia \u0111\u00ecnh, n\u1eef tu\u1ed5i D\u1ea7n l\u00e0 ng\u01b0\u1eddi bi\u1ebft lo toan, \u0111\u01b0\u1ee3c ch\u1ed3ng y\u00eau qu\u00fd v\u00e0 chi\u1ec1u chu\u1ed9ng. Nam tu\u1ed5i D\u1ea7n l\u00e0 ng\u01b0\u1eddi kh\u00e1 gia tr\u01b0\u1edfng v\u00e0 chuy\u00ean ch\u1ebf, do \u0111\u00f3 c\u00f3 th\u1ec3 khi\u1ebfn cho h\u00f4n nh\u00e2n c\u00f3 s\u1ef1 ng\u0103n c\u00e1ch, d\u1ec5 d\u1eabn \u0111\u1ebfn \u0111\u1ed5 v\u1ee1. Nh\u00ecn chung th\u00ec t\u00ecnh duy\u00ean c\u1ee7a ng\u01b0\u1eddi tu\u1ed5i D\u1ea7n kh\u00e1 nhi\u1ec1u \u01b0u phi\u1ec1n, \u0111\u00f2i h\u1ecfi c\u00f3 s\u1ef1 an \u1ee7i, th\u00f4ng c\u1ea3m th\u00ec m\u1edbi \u0111i \u0111\u1ebfn b\u1ebfn b\u1edd h\u1ea1nh ph\u00fac<\/p><h3 style=\"color: #00f3ff;\"><b>S\u1ef1 nghi\u1ec7p\u00a0<\/b><\/h3><p>Ng\u01b0\u1eddi tu\u1ed5i D\u1ea7n th\u01b0\u1eddng g\u1eb7p nhi\u1ec1u kh\u00f3 kh\u0103n khi m\u1edbi tr\u01b0\u1edfng th\u00e0nh nh\u01b0ng nh\u1edd s\u1ef1 ki\u00ean tr\u00ec v\u00e0 quy\u1ebft t\u00e2m m\u00e0 h\u1ecd s\u1ebd \u0111\u1ea1t \u0111\u01b0\u1ee3c th\u00e0nh c\u00f4ng, c\u00f3 \u0111\u1ecba v\u1ecb cao trong x\u00e3 h\u1ed9i. \u0110\u1ec3 l\u00e0m \u0111\u01b0\u1ee3c \u0111i\u1ec1u n\u00e0y, \u0111\u00f2i h\u1ecfi ng\u01b0\u1eddi tu\u1ed5i D\u1ea7n ph\u1ea3i b\u00ecnh t\u0129nh, c\u1ea9n th\u1eadn tr\u01b0\u1edbc khi \u0111\u01b0a ra quy\u1ebft \u0111\u1ecbnh v\u00e0 n\u00ean tham kh\u1ea3o \u00fd ki\u1ebfn t\u1eeb m\u1ecdi ng\u01b0\u1eddi.<\/p><p>Ng\u01b0\u1eddi tu\u1ed5i D\u1ea7n th\u00edch chinh ph\u1ee5c s\u1ef1 th\u00e0nh c\u00f4ng b\u1eb1ng nh\u1eefng c\u00f4ng vi\u1ec7c \u00edt ng\u01b0\u1eddi l\u00e0m \u0111\u01b0\u1ee3c. H\u1ecd ph\u00f9 h\u1ee3p v\u1edbi nh\u1eefng vi\u1ec7c c\u00f3 li\u00ean quan \u0111\u1ebfn t\u1ed5 ch\u1ee9c, qu\u1ea3n l\u00fd ng\u01b0\u1eddi kh\u00e1c. Nh\u00ecn chung th\u00ec c\u00e1i m\u00e0 tu\u1ed5i D\u1ea7n h\u01b0\u1edbng \u0111\u1ebfn kh\u00f4ng ph\u1ea3i l\u00e0 ti\u1ec1n t\u00e0i m\u00e0 l\u00e0 \u0111\u1ecba v\u1ecb, h\u1ecd lu\u00f4n mu\u1ed1n \u0111\u01b0\u1ee3c m\u1ecdi ng\u01b0\u1eddi k\u00ednh n\u1ec3.<\/p><p>Ng\u01b0\u1eddi tu\u1ed5i d\u1ea7n bi\u1ebft nh\u00ecn xa tr\u1ed9ng r\u1ed9ng, \u0111\u01b0a ra quy\u1ebft \u0111\u1ecbnh ch\u00ednh x\u00e1c v\u00e0 \u0111\u00fang th\u1eddi \u0111i\u1ec3m. H\u1ecd c\u00f2n d\u00e1m ngh\u0129 d\u00e1m l\u00e0m, kh\u00f4ng s\u1ee3 th\u1ea5t b\u1ea1i. Nh\u1edd ki\u1ebfn th\u1ee9c chuy\u00ean s\u00e2u trong nhi\u1ec1u l\u0129nh v\u1ef1c v\u00e0 t\u00e0i l\u00e3nh \u0111\u1ea1o c\u1ee7a m\u00ecnh m\u00e0 ng\u01b0\u1eddi tu\u1ed5i D\u1ea7n c\u00f3 \u0111\u01b0\u1ee3c nhi\u1ec1u ch\u1ee9c v\u1ee5, v\u1ecb tr\u00ed quan tr\u1ecdng, \u0111\u01b0\u1ee3c nhi\u1ec1u ng\u01b0\u1eddi c\u00f4ng nh\u1eadn.<\/p><h3 style=\"color: #00f3ff;\"><b>V\u1eadn m\u1ec7nh\u00a0<\/b><\/h3><p>Nh\u00ecn chung, ng\u01b0\u1eddi tu\u1ed5i D\u1ea7n trong n\u0103m 2025 kh\u00f4ng c\u00f3 qu\u00e1 nhi\u1ec1u bi\u1ebfn \u0111\u1ed9ng. S\u1ef1 nghi\u1ec7p, t\u00ecnh duy\u00ean duy tr\u00ec \u1edf m\u1ee9c \u1ed5n \u0111\u1ecbnh, c\u00f3 m\u1ed9t s\u1ed1 b\u01b0\u1edbc ti\u1ebfn m\u1edbi, mang t\u00edn hi\u1ec7u t\u00edch c\u1ef1c.<\/p><p>Tuy nhi\u00ean ng\u01b0\u1eddi tu\u1ed5i D\u1ea7n n\u0103m nay c\u1ea7n \u0111\u1eb7c bi\u1ec7t ch\u00fa \u00fd \u0111\u1ebfn s\u1ee9c kh\u1ecfe th\u1ec3 ch\u1ea5t v\u00e0 tinh th\u1ea7n. Trong th\u00e1ng 2, th\u00e1ng 4, th\u00e1ng 7, tu\u1ed5i D\u1ea7n c\u00f3 th\u1ec3 s\u1ebd g\u1eb7p nhi\u1ec1u phi\u1ec1n mu\u1ed9n d\u1eabn \u0111\u1ebfn tinh th\u1ea7n sa s\u00fat.<\/p><p>\u0110\u1ec3 c\u1ea3i thi\u1ec7n c\u00e1c v\u1ea5n \u0111\u1ec1 s\u1ee9c kh\u1ecfe tinh th\u1ea7n, ng\u01b0\u1eddi tu\u1ed5i D\u1ea7n c\u00f3 th\u1ec3 \u00e1p d\u1ee5ng c\u00e1c m\u1eb9o phong th\u1ee7y c\u1ea3i thi\u1ec7n ch\u1ea5t l\u01b0\u1ee3ng gi\u1ea5c ng\u1ee7 b\u1eb1ng c\u00e1ch ch\u1ecdn m\u00e0u ch\u0103n ga h\u1ee3p v\u1edbi tu\u1ed5i D\u1ea7n. \u0110i\u1ec1u n\u00e0y s\u1ebd gi\u00fap b\u1ea1n ng\u1ee7 ngon gi\u1ea5c, kh\u00f4ng m\u1ed9ng m\u1ecb, gi\u1ea3m \u01b0u phi\u1ec1n, \u00e2u lo.<\/p><p>\u00a0<\/p><p>.\u00a0<\/p>\t\t\t\t\t\t\t\t<\/div>\n\t\t\t\t<div class=\"elementor-element elementor-element-277efcd tahefobu-main-menu-align-left tahefobu-main-menu-align--tabletleft tahefobu-main-menu-align--mobileleft tahefobu-sub-icon-caret-down tahefobu-nav-menu-bp-mobile tahefobu-mobile-menu-full-width tahefobu-mobile-menu-item-align-center tahefobu-mobile-toggle-v1 tahefobu-sub-divider-yes tahefobu-mobile-divider-yes elementor-widget elementor-widget-tahefobu-navigation-menu\" data-id=\"277efcd\" data-element_type=\"widget\" data-widget_type=\"tahefobu-navigation-menu.default\">\n\t\t\t\t<div class=\"elementor-widget-container\">\n\t\t\t\t\t<nav class=\"tahefobu-nav-menu-container tahefobu-nav-menu-horizontal\" data-trigger=\"hover\"><ul id=\"menu-1-277efcd\" class=\"tahefobu-nav-menu\"><li class=\"menu-item menu-item-type-post_type menu-item-object-page menu-item-852\"><a href=\"https:\/\/zenithspirit.id.vn\/index.php\/12-dia-chi\/\" class=\"tahefobu-menu-item tahefobu-pointer-item\">12-\u0110\u1ecaA CHI<\/a><\/li>\n<li class=\"menu-item menu-item-type-post_type menu-item-object-page menu-item-853\"><a href=\"https:\/\/zenithspirit.id.vn\/index.php\/about-zenith\/\" class=\"tahefobu-menu-item tahefobu-pointer-item\">ABOUT ZENITH<\/a><\/li>\n<li class=\"menu-item menu-item-type-post_type menu-item-object-page menu-item-1172\"><a href=\"https:\/\/zenithspirit.id.vn\/index.php\/12-cung-hd\/\" class=\"tahefobu-menu-item tahefobu-pointer-item\">12 Cung HD<\/a><\/li>\n<\/ul><\/nav><nav class=\"tahefobu-mobile-nav-menu-container\"><div class=\"tahefobu-mobile-toggle-wrap\"><div class=\"tahefobu-mobile-toggle\"><span class=\"tahefobu-mobile-toggle-line\"><\/span><span class=\"tahefobu-mobile-toggle-line\"><\/span><span class=\"tahefobu-mobile-toggle-line\"><\/span><\/div><\/div><ul id=\"mobile-menu-2-277efcd\" class=\"tahefobu-mobile-nav-menu\"><li class=\"menu-item menu-item-type-post_type menu-item-object-page menu-item-852\"><a href=\"https:\/\/zenithspirit.id.vn\/index.php\/12-dia-chi\/\" class=\"tahefobu-mobile-menu-item\">12-\u0110\u1ecaA CHI<\/a><\/li>\n<li class=\"menu-item menu-item-type-post_type menu-item-object-page menu-item-853\"><a href=\"https:\/\/zenithspirit.id.vn\/index.php\/about-zenith\/\" class=\"tahefobu-mobile-menu-item\">ABOUT ZENITH<\/a><\/li>\n<li class=\"menu-item menu-item-type-post_type menu-item-object-page menu-item-1172\"><a href=\"https:\/\/zenithspirit.id.vn\/index.php\/12-cung-hd\/\" class=\"tahefobu-mobile-menu-item\">12 Cung HD<\/a><\/li>\n<\/ul><\/nav>\t\t\t\t<\/div>\n\t\t\t\t<\/div>\n\t\t\t\t\t<\/div>\n\t\t\t\t<\/div>\n\t\t\t\t<\/div>\n\t\t","protected":false},"excerpt":{"rendered":"<p>T\u1ed5ng Quan V\u1ec1 D\u1ea7n 1. Gi\u1edbi thi\u1ec7u th\u00f4ng tin v\u1ec1 ng\u01b0\u1eddi tu\u1ed5i D\u1ea7n Ng\u01b0\u1eddi tu\u1ed5i D\u1ea7n thu\u1ed9c tu\u1ed5i con h\u1ed5, l\u00e0 con v\u1eadt \u0111\u1ee9ng th\u1ee9 3 trong 12 con gi\u00e1p. Tu\u1ed5i D\u1ea7n bao g\u1ed3m nh\u1eefng ng\u01b0\u1eddi sinh c\u00e1c n\u0103m nh\u01b0: M\u1eadu D\u1ea7n 1998, B\u00ednh D\u1ea7n 1986, Gi\u00e1p D\u1ea7n 1974, Nh\u00e2m D\u1ea7n 1962, Canh D\u1ea7n 1950. [&hellip;]<\/p>\n","protected":false},"author":1,"featured_media":0,"parent":0,"menu_order":0,"comment_status":"closed","ping_status":"closed","template":"elementor_canvas","meta":{"footnotes":""},"class_list":["post-834","page","type-page","status-publish","hentry"],"_links":{"self":[{"href":"https:\/\/zenithspirit.id.vn\/index.php\/wp-json\/wp\/v2\/pages\/834","targetHints":{"allow":["GET"]}}],"collection":[{"href":"https:\/\/zenithspirit.id.vn\/index.php\/wp-json\/wp\/v2\/pages"}],"about":[{"href":"https:\/\/zenithspirit.id.vn\/index.php\/wp-json\/wp\/v2\/types\/page"}],"author":[{"embeddable":true,"href":"https:\/\/zenithspirit.id.vn\/index.php\/wp-json\/wp\/v2\/users\/1"}],"replies":[{"embeddable":true,"href":"https:\/\/zenithspirit.id.vn\/index.php\/wp-json\/wp\/v2\/comments?post=834"}],"version-history":[{"count":24,"href":"https:\/\/zenithspirit.id.vn\/index.php\/wp-json\/wp\/v2\/pages\/834\/revisions"}],"predecessor-version":[{"id":1043,"href":"https:\/\/zenithspirit.id.vn\/index.php\/wp-json\/wp\/v2\/pages\/834\/revisions\/1043"}],"wp:attachment":[{"href":"https:\/\/zenithspirit.id.vn\/index.php\/wp-json\/wp\/v2\/media?parent=834"}],"curies":[{"name":"wp","href":"https:\/\/api.w.org\/{rel}","templated":true}]}}