{"id":914,"date":"2025-12-31T07:41:36","date_gmt":"2025-12-31T07:41:36","guid":{"rendered":"https:\/\/zenithspirit.id.vn\/?page_id=914"},"modified":"2026-01-01T03:22:32","modified_gmt":"2026-01-01T03:22:32","slug":"tuoi-ty","status":"publish","type":"page","link":"https:\/\/zenithspirit.id.vn\/index.php\/tuoi-ty\/","title":{"rendered":"Tu\u1ed5i T\u1ef5"},"content":{"rendered":"\t\t<div data-elementor-type=\"wp-page\" data-elementor-id=\"914\" class=\"elementor elementor-914\">\n\t\t\t\t<div class=\"elementor-element elementor-element-1132cdc e-grid e-con-boxed e-con e-parent\" data-id=\"1132cdc\" data-element_type=\"container\">\n\t\t\t\t\t<div class=\"e-con-inner\">\n\t\t\t\t<div class=\"elementor-element elementor-element-066e71d elementor-view-default elementor-widget elementor-widget-icon\" data-id=\"066e71d\" data-element_type=\"widget\" data-widget_type=\"icon.default\">\n\t\t\t\t\t\t\t<div class=\"elementor-icon-wrapper\">\n\t\t\t<a class=\"elementor-icon\" href=\"https:\/\/zenithspirit.id.vn\/index.php\/12-dia-chi\">\n\t\t\t<svg aria-hidden=\"true\" class=\"e-font-icon-svg e-fas-long-arrow-alt-left\" viewBox=\"0 0 448 512\" xmlns=\"http:\/\/www.w3.org\/2000\/svg\"><path d=\"M134.059 296H436c6.627 0 12-5.373 12-12v-56c0-6.627-5.373-12-12-12H134.059v-46.059c0-21.382-25.851-32.09-40.971-16.971L7.029 239.029c-9.373 9.373-9.373 24.569 0 33.941l86.059 86.059c15.119 15.119 40.971 4.411 40.971-16.971V296z\"><\/path><\/svg>\t\t\t<\/a>\n\t\t<\/div>\n\t\t\t\t\t\t<\/div>\n\t\t\t\t<div class=\"elementor-element elementor-element-40ccee3 elementor-widget elementor-widget-heading\" data-id=\"40ccee3\" data-element_type=\"widget\" data-widget_type=\"heading.default\">\n\t\t\t\t\t<h2 class=\"elementor-heading-title elementor-size-default\">T\u1ed5ng Quan V\u1ec1 R\u1eafn<\/h2>\t\t\t\t<\/div>\n\t\t\t\t\t<\/div>\n\t\t\t\t<\/div>\n\t\t<div class=\"elementor-element elementor-element-4265eaa e-flex e-con-boxed e-con e-parent\" data-id=\"4265eaa\" data-element_type=\"container\">\n\t\t\t\t\t<div class=\"e-con-inner\">\n\t\t<div class=\"elementor-element elementor-element-b300a86 e-con-full e-flex e-con e-child\" data-id=\"b300a86\" data-element_type=\"container\">\n\t\t\t\t<\/div>\n\t\t\t\t<div class=\"elementor-element elementor-element-4f199da elementor-widget elementor-widget-text-editor\" data-id=\"4f199da\" data-element_type=\"widget\" data-widget_type=\"text-editor.default\">\n\t\t\t\t\t\t\t\t\t<h3 style=\"color: #00f3ff;\"><b>1. Gi\u1edbi thi\u1ec7u th\u00f4ng tin v\u1ec1 ng\u01b0\u1eddi tu\u1ed5i R\u1eafn<\/b><\/h3><p>Tu\u1ed5i T\u1ef5 hay c\u00f2n g\u1ecdi l\u00e0 tu\u1ed5i r\u1eafn, trong 12 con gi\u00e1p th\u00ec \u0111\u00e2y l\u00e0 con gi\u00e1p th\u1ee9 6. Ng\u01b0\u1eddi tu\u1ed5i T\u1ef5 sinh v\u00e0o c\u00e1c n\u0103m nh\u01b0: 1941 (T\u00e2n T\u1ef5), n\u0103m 1953 v\u00e0 2013 (Qu\u00fd T\u1ef5), n\u0103m 1965 (\u1ea4t T\u1ef5), 1977 (\u0110inh T\u1ef5), 1989 (K\u1ef7 T\u1ef5) v\u00e0 2001 ( T\u00e2n T\u1ef5),\u2026\u00a0<\/p><p>\u0110a s\u1ed1 tu\u1ed5i T\u1ef5 l\u00e0 nh\u1eefng ng\u01b0\u1eddi kh\u00f4n kh\u00e9o v\u00e0 c\u00f3 ph\u1ea7n \u01b0a m\u1ea1o hi\u1ec3m. V\u1ec1 ph\u01b0\u01a1ng di\u1ec7n cu\u1ed9c s\u1ed1ng h\u1ecd th\u01b0\u1eddng l\u00e0 ng\u01b0\u1eddi gi\u00e0u t\u00ecnh c\u1ea3m, l\u00e3ng m\u1ea1n v\u00e0 \u0111\u1eddi s\u1ed1ng n\u1ed9i t\u00e2m phong ph\u00fa<\/p><h3><b><span style=\"color: #00f3ff;\">2. T\u00ednh c\u00e1ch ng\u01b0\u1eddi tu\u1ed5i T\u1ef5<\/span><\/b><\/h3><p>L\u00e0m th\u1ebf n\u00e0o \u0111\u1ec3 nh\u1eadn bi\u1ebft c\u1ee7a ng\u01b0\u1eddi tu\u1ed5i T\u1ef5 th\u00f4ng qua t\u00ednh c\u00e1ch? Khi xem t\u1eed ti tu\u1ed5i T\u1ef5 th\u00ec \u0111\u01b0\u1ee3c l\u00fd gi\u1ea3i r\u1eb1ng nh\u1eefng ng\u01b0\u1eddi n\u00e0y th\u01b0\u1eddng kh\u00e1 tr\u1ea7m l\u1eafng v\u00e0 \u0111\u00f4i khi c\u00f3 ph\u1ea7n kh\u00f3 g\u1ea7n. C\u00f3 th\u1ec3 th\u1ea5y b\u00ed \u1ea9n v\u00e0 nhanh nh\u1eb9n l\u00e0 hai n\u00e9t \u0111\u1eb7c tr\u01b0ng nh\u1ea5t c\u1ee7a con gi\u00e1p n\u00e0y.\u00a0<\/p><p>H\u1ecd c\u00f3 t\u00ednh t\u00ecnh \u1ed5n \u0111\u1ecbnh nh\u01b0ng l\u1ea1nh nh\u1ea1t. \u0110\u00f4i khi c\u0169ng r\u1ea5t bi\u1ebft c\u00e1ch quan s\u00e1t v\u00e0 ch\u1edd \u0111\u1ee3i. T\u00ednh c\u00e1ch ng\u01b0\u1eddi tu\u1ed5i T\u1ef5 kh\u00f4ng b\u1ed1c \u0111\u1ed3ng, k\u00edn \u0111\u00e1o v\u00e0 mang n\u00e9t b\u00ed \u1ea9n ri\u00eang. Khi x\u1ea3y ra v\u1ea5n \u0111\u1ec1 ho\u1eb7c m\u00e2u thu\u1eabn h\u1ecd th\u01b0\u1eddng ch\u1ecdn c\u00e1ch im l\u1eb7ng, b\u00ecnh t\u0129nh r\u1ed3i gi\u1ea3i quy\u1ebft v\u1ea5n \u0111\u1ec1.\u00a0<\/p><p>D\u00f9 tr\u00f4ng kh\u00e1 nguy hi\u1ec3m nh\u01b0ng t\u00ednh c\u00e1ch ng\u01b0\u1eddi tu\u1ed5i T\u1ef5 l\u1ea1i c\u00f3 nhi\u1ec1u \u01b0u \u0111i\u1ec3m \u0111\u00e1ng quan t\u00e2m nh\u01b0 tinh th\u1ea7n ham h\u1ecdc h\u1ecfi, s\u1ef1 c\u1ea9n th\u1eadn. Th\u01b0\u1eddng b\u00ecnh t\u0129nh, kh\u00f4ng n\u00f3ng v\u1ed9i tr\u01b0\u1edbc nh\u1eefng t\u00ecnh hu\u1ed1ng kh\u00f3 kh\u0103n. B\u1ed9 \u00f3c ph\u00e1n \u0111o\u00e1n, ph\u00e2n t\u00edch logic gi\u00fap ng\u01b0\u1eddi tu\u1ed5i T\u1ef5 t\u00ecm ra nguy\u00ean nh\u00e2n s\u1ef1 vi\u1ec7c m\u1ed9t c\u00e1ch nhanh ch\u00f3ng.\u00a0<\/p><p>H\u1ecd d\u01b0\u1eddng nh\u01b0 kh\u00f4ng bao gi\u1edd mu\u1ed1n ti\u1ebft l\u1ed9 nh\u1eefng b\u00ed m\u1eadt c\u00e1 nh\u00e2n c\u1ee7a m\u00ecnh cho m\u1ecdi ng\u01b0\u1eddi bi\u1ebft. Do \u0111\u00f3 t\u00ednh c\u00e1ch c\u1ee7a ng\u01b0\u1eddi tu\u1ed5i T\u1ef5 v\u1eabn l\u00e0 m\u1ed9t \u0111i\u1ec1u b\u00ed \u1ea9n, \u00edt ai c\u00f3 th\u1ec3 th\u1ea5u hi\u1ec3u \u0111\u01b0\u1ee3c. Ng\u01b0\u1eddi tu\u1ed5i T\u1ef5 th\u01b0\u1eddng kh\u00e1 \u0111a nghi v\u00e0 h\u1ea7u nh\u01b0 kh\u00f4ng tin t\u01b0\u1edfng ng\u01b0\u1eddi kh\u00e1c.\u00a0<\/p><p>\u0110\u1eb7c bi\u1ec7t, h\u1ecd t\u01b0\u01a1ng \u0111\u1ed1i kh\u00e9o l\u00e9o trong vi\u1ec7c che \u0111\u1eady c\u1ea3m x\u00fac c\u1ee7a m\u00ecnh. Ngay c\u1ea3 khi t\u1ee9c gi\u1eadn, con gi\u00e1p n\u00e0y c\u0169ng ki\u1ec1m ch\u1ebf c\u1ea3m x\u00fac, gi\u1ea5u k\u00edn m\u1ecdi chuy\u1ec7n cho ri\u00eang m\u00ecnh. Ngo\u00e0i ra, v\u1edbi c\u00e1i t\u00f4i kh\u00e1 cao th\u00ec ng\u01b0\u1eddi tu\u1ed5i T\u1ef5 s\u1ed1ng kh\u00e9p k\u00edn, b\u1ea3o th\u1ee7 v\u00e0 kh\u00f4ng bao gi\u1edd nghe theo l\u1eddi khuy\u00ean c\u1ee7a ng\u01b0\u1eddi kh\u00e1c.<\/p><h3 style=\"color: #00f3ff;\"><b>3.T\u00ecnh y\u00eau c\u1ee7a ng\u01b0\u1eddi tu\u1ed5i T\u1ef5<\/b><\/h3><p>V\u1eady trong t\u1eed vi tu\u1ed5i T\u1ef5 n\u00f3i g\u00ec v\u1ec1 t\u00ecnh y\u00eau v\u1edbi ng\u01b0\u1eddi kh\u00e1c gi\u1edbi? Nh\u00ecn chung, t\u00ednh c\u00e1ch c\u1ee7a ng\u01b0\u1eddi tu\u1ed5i T\u1ef5 th\u01b0\u1eddng kh\u00f4ng c\u00f3 l\u1ee3i th\u1ebf trong vi\u1ec7c m\u1edf r\u1ed9ng c\u00e1c m\u1ed1i quan h\u1ec7 x\u00e3 giao. Khi \u0111\u00e3 c\u00f3 ng\u01b0\u1eddi y\u00eau s\u1ebd d\u1ed3n k\u1ebft cho \u0111\u1ed1i t\u01b0\u1ee3ng k\u1ebft h\u00f4n. \u0110\u1ed1i v\u1edbi n\u1eef tu\u1ed5i r\u1eafn kh\u00e1 l\u1ea1nh l\u00f9ng, duy\u00ean d\u00e1ng pha ch\u00fat ki\u00eau sa. Tuy b\u1ec1 ngo\u00e0i c\u00f3 v\u1ebb th\u1edd \u01a1 nh\u01b0ng trong l\u00f2ng v\u1eabn kh\u00f4ng ng\u1eebng ngh\u0129 ng\u1ee3i v\u1ec1 t\u00ecnh y\u00eau.<\/p><p>Nam gi\u1edbi tu\u1ed5i T\u1ef5 th\u01b0\u1eddng r\u1ea5t l\u00e3ng m\u1ea1n \u0111a t\u00ecnh, c\u00f3 s\u1ee9c h\u1ea5p d\u1eabn ng\u01b0\u1eddi kh\u00e1c gi\u1edbi r\u1ea5t l\u1edbn. H\u1ecd lu\u00f4n bi\u1ebft c\u00e1ch l\u00e0m cho \u0111\u1ed1i ph\u01b0\u01a1ng ph\u1ea3i \u0111i\u00eau \u0111\u1ee9ng b\u1eb1ng c\u00e1ch \u00e2m th\u1ea7m b\u00ean c\u1ea1nh v\u00e0 gi\u00fap \u0111\u1ee1 m\u1ed9t c\u00e1ch k\u00edn \u0111\u00e1o.\u00a0<\/p><p>\u1ede c\u1ea3 nam v\u00e0 n\u1eef m\u1ec7nh n\u00e0y th\u01b0\u1eddng r\u1ea5t th\u00edch ch\u00fa \u00fd \u0111\u1ebfn h\u00ecnh th\u1ee9c \u0103n m\u1eb7c b\u1ec1 ngo\u00e0i. Ch\u00ednh v\u00ec v\u1eady n\u00ean h\u1ecd lu\u00f4n xu\u1ea5t hi\u1ec7n m\u1ed9t c\u00e1ch ch\u1ec9nh chu. Ngay c\u1ea3 trong t\u00ecnh y\u00eau, ng\u01b0\u1eddi tu\u1ed5i T\u1ef5 c\u0169ng r\u1ea5t kh\u1eaft khe v\u00e0 th\u00edch chi\u1ebfm h\u1eefu. H\u1ecd c\u00f3 ti\u00eau chu\u1ea9n cao cho t\u1ea5t c\u1ea3 nh\u1eefng ng\u01b0\u1eddi xung quanh m\u00ecnh, bao g\u1ed3m c\u1ea3 b\u1ea3n th\u00e2n v\u00e0 ng\u01b0\u1eddi y\u00eau th\u01b0\u01a1ng.\u00a0<\/p><p>\u0110i\u1ec3m chung c\u1ee7a ng\u01b0\u1eddi tu\u1ed5i T\u1ef5 ch\u00ednh l\u00e0 c\u00f3 t\u00ednh c\u00e1ch \u00f4n h\u00f2a nh\u01b0ng l\u1ea1i hay t\u1ef1 \u00e1i. \u0110\u1eb7c bi\u1ec7t h\u1ecd \u0111\u1ec1u c\u00f3 t\u00ednh chi\u1ebfm h\u1eefu cao trong c\u00e1c m\u1ed1i quan h\u1ec7. \u0110\u00f4i khi ch\u00ednh \u0111i\u1ec1u n\u00e0y l\u1ea1i khi\u1ebfn cho \u0111\u1ed1i ph\u01b0\u01a1ng c\u1ea3m th\u1ea5y b\u1ed1i r\u1ed1i. Trong h\u00f4n nh\u00e2n, \u0111\u00e2y c\u00f3 th\u1ec3 l\u00e0 \u0111i\u1ec1u khi\u1ebfn cho tu\u1ed5i T\u1ef5 v\u00e0 ng\u01b0\u1eddi b\u1ea1n \u0111\u1eddi g\u1eb7p b\u1ea5t h\u00f2a.<\/p><p>Tr\u01b0\u1eddng h\u1ee3p n\u00e0y tu\u1ed5i T\u1ef5 c\u00f3 th\u1ec3 h\u00f3a gi\u1ea3i b\u1eb1ng c\u00e1ch ch\u1ecdn m\u00e0u ch\u0103n ga sao cho h\u1ee3p v\u1edbi b\u1ea3n m\u1ec7nh tu\u1ed5i T\u1ef5. \u0110i\u1ec1u n\u00e0y gi\u00fap thu h\u00fat n\u0103ng l\u01b0\u1ee3ng t\u00edch c\u1ef1c, c\u00e2n b\u1eb1ng sinh kh\u00ed gi\u1eefa hai v\u1ee3 ch\u1ed3ng, gi\u1ea3m c\u00e3i v\u00e3, b\u1ea5t h\u00f2a trong m\u1ed1i quan h\u1ec7<\/p><h3 style=\"color: #00f3ff;\"><b>4. S\u1ef1 nghi\u1ec7p c\u1ee7a ng\u01b0\u1eddi tu\u1ed5i T\u1ef5<\/b><\/h3><p>T\u1eed vi tu\u1ed5i T\u1ef5 thu\u1ed9c tu\u00fdp ng\u01b0\u1eddi kh\u00f4ng r\u1ed9ng r\u00e3i trong v\u1ea5n \u0111\u1ec1 ti\u1ec1n b\u1ea1c. B\u00ean c\u1ea1nh \u0111\u00f3, h\u1ecd lu\u00f4n suy ngh\u0129 cho t\u01b0\u01a1ng lai n\u00ean r\u1ea5t bi\u1ebft c\u00e1ch t\u00edch g\u00f3p ti\u1ec1n b\u1ea1c. \u0110\u1eb7c bi\u1ec7t, nh\u1eefng ai c\u00f3 tu\u1ed5i th\u01a1 ho\u1eb7c qu\u00e1 kh\u1ee9 g\u1eb7p nhi\u1ec1u kh\u00f3 kh\u0103n, b\u1ea5t h\u1ea1nh th\u00ec khi tr\u01b0\u1edfng th\u00e0nh th\u01b0\u1eddng c\u00f3 \u00fd ch\u00ed v\u00e0 nhi\u1ec1u tham v\u1ecdng l\u1edbn. Tu\u1ed5i T\u1ef5 s\u1ebd quy\u1ebft t\u00e2m x\u00e2y d\u1ef1ng s\u1ef1 nghi\u1ec7p \u0111\u1ec3 c\u00f3 cu\u1ed9c s\u1ed1ng \u1ed5n \u0111\u1ecbnh v\u00e0 \u0111\u1ea7y \u0111\u1ee7, sung t\u00fac.\u00a0<\/p><p>H\u1ecd v\u1ed1n d\u0129 c\u00f3 r\u1ea5t nhi\u1ec1u l\u1ee3i th\u1ebf. Nh\u1eefng ng\u01b0\u1eddi tu\u1ed5i T\u1ef5 \u0111\u1ec1u c\u00f3 s\u1ef1 th\u00f4ng minh v\u00e0 tinh ranh nh\u1ea5t \u0111\u1ecbnh. H\u01a1n h\u1ebft h\u1ecd c\u00f2n suy ngh\u0129 s\u00e2u s\u1eafc v\u00e0 bi\u1ebft c\u00e1ch n\u1eafm b\u1eaft c\u01a1 h\u1ed9i r\u1ea5t t\u1ed1t. V\u00ec v\u1eady, con gi\u00e1p n\u00e0y r\u1ea5t d\u1ec5 d\u00e0ng c\u00f3 \u0111\u01b0\u1ee3c nh\u1eefng c\u01a1 h\u1ed9i t\u1ed1t trong c\u00f4ng danh v\u00e0 s\u1ef1 nghi\u1ec7p.\u00a0<\/p><p>Ngo\u00e0i ra ng\u01b0\u1eddi tu\u1ed5i T\u1ef5 lu\u00f4n s\u1ed1ng c\u00f3 tham v\u1ecdng v\u00e0 \u0111\u1eb7t ra m\u1ee5c ti\u00eau r\u00f5 r\u00e0ng. H\u1ecd th\u1eb3ng th\u1eafn v\u00e0 kh\u00f4ng th\u00edch l\u1ee3i d\u1ee5ng ng\u01b0\u1eddi kh\u00e1c hay d\u1ef1a d\u1eabm v\u00e0o b\u1ea5t k\u1ef3 ai. H\u1ecd \u0111i l\u00ean b\u1eb1ng ch\u00ednh s\u1ef1 nh\u1ea1y b\u00e9n v\u00e0 kh\u1ea3 n\u0103ng nh\u00ecn xa tr\u00f4ng r\u1ed9ng c\u1ee7a m\u00ecnh. Nh\u1eefng \u01b0u \u0111i\u1ec3m n\u00e0y gi\u00fap ng\u01b0\u1eddi tu\u1ed5i T\u1ef5 ph\u00e1n \u0111o\u00e1n \u0111\u01b0\u1ee3c th\u1ecb tr\u01b0\u1eddng v\u00e0 \u0111\u1ea7u t\u01b0 kinh doanh kh\u00f4n ngoan.\u00a0<\/p><p>B\u00ean c\u1ea1nh \u01b0u \u0111i\u1ec3m bi\u1ebft nh\u00ecn xa tr\u00f4ng r\u1ed9ng v\u00e0 kh\u1ea3 n\u0103ng t\u01b0 duy nh\u1ea1y b\u00e9n h\u01a1n ng\u01b0\u1eddi th\u00ec tu\u1ed5i T\u1ef5 c\u0169ng c\u00f3 nh\u01b0\u1ee3c \u0111i\u1ec3m \u0111\u00f3 l\u00e0 h\u1ecd c\u00f3 nhi\u1ec1u ham mu\u1ed1n v\u00e0 tham v\u1ecdng cao nh\u01b0ng trong c\u00f4ng vi\u1ec7c l\u1ea1i kh\u00f4ng ki\u00ean \u0111\u1ecbnh v\u1edbi \u0111i\u1ec1u m\u00ecnh ch\u1ecdn v\u00e0 hay b\u1ecf gi\u1eefa ch\u1eebng ch\u1ee9 kh\u00f4ng c\u1ed1 g\u1eafng \u0111\u1ebfn \u0111\u00edch. V\u00ec v\u1eady tu\u1ed5i T\u1ef5 \u0111\u01b0\u1ee3c cho l\u00e0 th\u00edch nhi\u1ec1u ti\u1ec1n b\u1ea1c nh\u01b0ng l\u1ea1i kh\u00f4ng th\u00edch c\u00f4ng vi\u1ec7c c\u1ef1c nh\u1ecdc v\u00e0 v\u1ea5t v\u1ea3. Do \u0111\u00f3, tu\u1ed5i n\u00e0y kh\u00e1 l\u1eadn \u0111\u1eadn, ch\u1ec9 l\u00e0m \u0111\u1ee7 \u0103n \u0111\u1ee7 ti\u00eau.<\/p><h3 style=\"color: #00f3ff;\"><b>5. V\u1eadn m\u1ec7nh c\u1ee7a ng\u01b0\u1eddi tu\u1ed5i T\u1ef5<\/b><\/h3><p>T\u1eed vi tu\u1ed5i T\u1ef5 hay c\u00f2n g\u1ecdi l\u00e0 tu\u1ed5i con r\u1eafn, \u0111\u1ea1i di\u1ec7n cho s\u1ef1 kh\u00f4n ngoan v\u00e0 k\u00edn \u0111\u00e1o. H\u1ecd th\u01b0\u1eddng c\u00f3 \u0111\u1eddi s\u1ed1ng gi\u00e0u t\u00ecnh c\u1ea3m c\u00f9ng v\u1edbi n\u1ed9i t\u00e2m v\u00f4 phong ph\u00fa. S\u1ef1 t\u1ef1 ch\u1ee7 trong t\u1eebng suy ngh\u0129, h\u00e0nh \u0111\u1ed9ng, c\u00f3 kh\u1ea3 n\u0103ng s\u1ed1ng \u0111\u1ed9c l\u1eadp kh\u00f4ng c\u1ea7n ph\u1ea3i ph\u1ee5 thu\u1ed9c v\u00e0o b\u1ea5t k\u1ef3 ai. Ng\u01b0\u1eddi tu\u1ed5i T\u1ef5 lu\u00f4n v\u1eefng v\u00e0ng v\u00e0 t\u1ef1 tin v\u00e0o ch\u00ednh b\u1ea3n th\u00e2n m\u00ecnh.<\/p><p>Tuy nhi\u00ean nh\u00ecn chung, v\u1eadn m\u1ec7nh c\u1ee7a ng\u01b0\u1eddi tu\u1ed5i T\u1ef5 c\u00f2n t\u00f9y thu\u1ed9c v\u00e0o nhi\u1ec1u y\u1ebfu t\u1ed1. Nh\u00ecn chung, t\u1eed vi phong th\u1ee7y, tu\u1ed5i, gi\u1edd sinh l\u00e0 nh\u1eefng y\u1ebfu t\u1ed1 \u1ea3nh h\u01b0\u1edfng tr\u1ef1c ti\u1ebfp \u0111\u1ebfn v\u1eadn m\u1ec7nh c\u1ea3 \u0111\u1eddi c\u1ee7a m\u1ed9t ng\u01b0\u1eddi. \u0110\u01b0\u01a1ng nhi\u00ean n\u1ebfu \u0111\u01b0\u1ee3c sinh v\u00e0o gi\u1edd t\u1ed1t th\u00ec v\u1eadn m\u1ec7nh s\u1ebd hanh th\u00f4ng. Ng\u01b0\u1ee3c l\u1ea1i, b\u1ea1n s\u1ebd c\u1ea7n ph\u1ea3i c\u1ea9n th\u1eadn v\u00e0 n\u1ed7 l\u1ef1c nhi\u1ec1u h\u01a1n n\u1eefa.<\/p><h3 style=\"color: #00f3ff;\"><b>6. Nam <strong>Qu\u00fd T\u1ef5 sinh n\u0103m 1953 ho\u1eb7c 2013<\/strong><\/b><\/h3><ul><li>Tu\u1ed5i t\u01b0\u01a1ng kh\u1eafc: Nh\u00e2m D\u1ea7n v\u00e0 Canh D\u1ea7n<\/li><li>Tu\u1ed5i h\u1ee3p trong l\u00e0m \u0103n, mang l\u1ea1i nhi\u1ec1u may m\u1eafn: Qu\u00fd T\u1ef5, \u1ea4t M\u00f9i v\u00e0 \u0110inh D\u1eadu<\/li><li>Tu\u1ed5i h\u1ee3p k\u1ebft \u0111\u00f4i v\u1ee3 ch\u1ed3ng: T\u00e2n S\u1eedu, T\u00e2n M\u00e3o, Qu\u00fd T\u1ef5, \u1ea4t M\u00f9i, \u0110inh D\u1eadu v\u00e0 K\u1ef7 H\u1ee3..<\/li><\/ul><h3 style=\"color: #00f3ff;\"><b>7. \u00a0<strong>N\u1eef Qu\u00fd T\u1ef5 sinh n\u0103m 1953, 2013<\/strong><\/b><\/h3><ul><li>Tu\u1ed5i t\u01b0\u01a1ng kh\u1eafc: Nh\u00e2m D\u1ea7n v\u00e0 Canh D\u1ea7n<\/li><li>Tu\u1ed5i h\u1ee3p trong l\u00e0m \u0103n: Qu\u00fd T\u1ef5, \u1ea4t M\u00f9i v\u00e0 \u0110inh D\u1eadu<\/li><li>Tu\u1ed5i h\u1ee3p trong l\u1ef1a ch\u1ecdn k\u1ebft \u0111\u00f4i, v\u1ee3 ch\u1ed3ng: T\u00e2n S\u1eedu, Qu\u00fd T\u1ef5, \u1ea4t M\u00f9i, \u0110inh D\u1eadu v\u00e0 K\u1ef7 H\u1ee3i\u00a0\u00fd.<\/li><\/ul><h3 style=\"color: #00f3ff;\"><b>8. <strong>Nam \u1ea4t T\u1ef5 sinh n\u0103m 1965<\/strong><\/b><\/h3><ul><li>Tu\u1ed5i t\u01b0\u01a1ng kh\u1eafc: Gi\u00e1p D\u1ea7n, Nh\u00e2m D\u1ea7n, M\u1eadu Th\u00e2n v\u00e0 Canh Th\u00e2n<\/li><li>Tu\u1ed5i h\u1ee3p trong l\u00e0m \u0103n: Qu\u00fd S\u1eedu, \u0110inh M\u00f9i v\u00e0 Canh Tu\u1ea5t<\/li><li>Tu\u1ed5i h\u1ee3p trong l\u1ef1a ch\u1ecdn v\u1ee3 ch\u1ed3ng: Qu\u00fd S\u1eedu, Gi\u00e1p Th\u00ecn, \u0110inh M\u00f9i v\u00e0 Canh Tu\u1ea5ti.<\/li><\/ul><h3 style=\"color: #00f3ff;\"><b>9. <strong>N\u1eef \u1ea4t T\u1ef5 sinh n\u0103m 1965<\/strong><\/b><\/h3><ul><li>Tu\u1ed5i t\u01b0\u01a1ng kh\u1eafc: Nh\u00e2m T\u00fd, \u1ea4t T\u1ef5, B\u00ednh Ng\u1ecd v\u00e0 T\u00e2n H\u1ee3i\u00a0<\/li><li>Tu\u1ed5i h\u1ee3p trong l\u00e0m \u0103n: Qu\u00fd S\u1eedu, \u0110inh M\u00f9i v\u00e0 Canh Tu\u1ea5t<\/li><li>Tu\u1ed5i h\u1ee3p trong l\u1ef1a ch\u1ecdn h\u00f4n nh\u00e2n: Qu\u00fd S\u1eedu, \u0110inh M\u00f9i, Gi\u00e1p Th\u00ecn v\u00e0 Canh Tu<\/li><\/ul><h3 style=\"color: #00f3ff;\"><b>10. <strong>Nam \u0110inh T\u1ef5 sinh n\u0103m 1977<\/strong><\/b><\/h3><ul><li>Tu\u1ed5i t\u01b0\u01a1ng kh\u1eafc: Nh\u00e2m T\u00fd, Gi\u00e1p T\u00fd, B\u00ednh D\u1ea7n, Gi\u00e1p D\u1ea7n, Canh Ng\u1ecd v\u00e0 M\u1eadu Ng\u1ecd\u00a0<\/li><li>Tu\u1ed5i h\u1ee3p trong l\u00e0m \u0103n, kinh doanh: B\u00ednh Th\u00ecn, Canh Th\u00e2n v\u00e0 Nh\u00e2m Tu\u1ea5t<\/li><li>Tu\u1ed5i h\u1ee3p trong l\u1ef1a ch\u1ecdn v\u1ee3 ch\u1ed3ng: Canh Th\u00e2n v\u00e0 B\u00ednh Th\u00ecn,<\/li><\/ul><h3 style=\"color: #00f3ff;\"><b>11. <strong>N\u1eef \u0110inh T\u1ef5 sinh n\u0103m 1977<\/strong><\/b><\/h3><ul><li>Tu\u1ed5i t\u01b0\u01a1ng kh\u1eafc: Nh\u00e2m T\u00fd, B\u00ednh D\u1ea7n, Gi\u00e1p D\u1ea7n, Canh Ng\u1ecd v\u00e0 M\u1eadu Ng\u1ecd\u00a0<\/li><li>Tu\u1ed5i h\u1ee3p trong l\u00e0m \u0103n, kinh doanh: B\u00ednh Th\u00ecn, Canh Th\u00e2n v\u00e0 Nh\u00e2m Tu\u1ea5t\u00a0<\/li><li>Tu\u1ed5i h\u1ee3p trong l\u1ef1a ch\u1ecdn v\u1ee3 ch\u1ed3ng: B\u00ednh Th\u00ecn, Nh\u00e2m Th\u00e2n, Nh\u00e2m Tu\u1ea5t, Canh Tu\u1ea5t v\u00e0 Gi\u00e1p Tu\u1ea5t<\/li><\/ul><h3 style=\"color: #00f3ff;\"><b>12. <strong>Nam K\u1ef7 T\u1ef5 sinh n\u0103m 1989<\/strong><\/b><\/h3><ul><li>Tu\u1ed5i t\u01b0\u01a1ng kh\u1eafc: M\u1eadu D\u1ea7n, B\u00ednh D\u1ea7n, \u1ea4t D\u1ea7n, K\u1ef7 M\u00e3o, \u0110inh M\u00e3o, T\u00e2n D\u1eadu v\u00e0 Qu\u00fd D\u1eadu\u00a0<\/li><li>Tu\u1ed5i h\u1ee3p trong l\u00e0m \u0103n: K\u1ef7 T\u1ef5, Nh\u00e2m Th\u00e2n, Canh Ng\u1ecd v\u00e0 \u1ea4t H\u1ee3i<\/li><li>Tu\u1ed5i h\u1ee3p trong l\u1ef1a ch\u1ecdn k\u1ebft \u0111\u00f4i: B\u00ednh T\u00fd, K\u1ef7 T\u1ef5, Canh Ng\u1ecd, Nh\u00e2m Th\u00e2n v\u00e0 \u1ea4t H\u1ee3i<\/li><\/ul><h3 style=\"color: #00f3ff;\"><b>13. <strong>N\u1eef K\u1ef7 T\u1ef5 sinh n\u0103m 1989<\/strong><\/b><\/h3><ul><li>Tu\u1ed5i t\u01b0\u01a1ng kh\u1eafc: M\u1eadu D\u1ea7n, K\u1ef7 M\u00e3o, \u0110inh M\u00e3o v\u00e0 Qu\u00fd D\u1eadu<\/li><li>Tu\u1ed5i h\u1ee3p trong l\u00e0m \u0103n: K\u1ef7 T\u1ef5, Canh Ng\u1ecd v\u00e0 Nh\u00e2m Th\u00e2n<\/li><li>Tu\u1ed5i h\u1ee3p trong l\u1ef1a ch\u1ecdn v\u1ee3 ch\u1ed3ng: B\u00ednh T\u1ef5, Nh\u00e2m Th\u00e2n v\u00e0 \u1ea4t H\u1ee3i<\/li><\/ul><h3 style=\"color: #00f3ff;\"><b>14. <strong>\u00a0Nam T\u00e2n T\u1ef5 sinh n\u0103m 2001<\/strong><\/b><\/h3><ul><li>Tu\u1ed5i t\u01b0\u01a1ng kh\u1eafc: K\u1ef7 S\u1eedu, \u0110inh S\u1eedu, Canh D\u1ea7n, M\u1eadu D\u1ea7n, Qu\u00fd M\u00f9i v\u00e0 \u1ea4t M\u00f9i\u00a0<\/li><li>Tu\u1ed5i h\u1ee3p trong l\u00e0m \u0103n: M\u1eadu T\u00fd, T\u00e2n T\u1ef5, Nh\u00e2m Ng\u1ecd v\u00e0 \u0110inh H\u1ee3i<\/li><li>Tu\u1ed5i h\u1ee3p trong l\u1ef1a ch\u1ecdn v\u1ee3 ch\u1ed3ng: M\u1eadu T\u00fd, K\u1ef7 M\u00e3o, T\u00e2n T\u1ef5, Nh\u00e2m Ng\u1ecd, \u1ea4t D\u1eadu v\u00e0 \u0110inh H\u1ee3i<\/li><\/ul><h3 style=\"color: #00f3ff;\"><b>14. <strong>\u00a0N\u1eef T\u00e2n T\u1ef5 sinh n\u0103m 2001<\/strong><\/b><\/h3><ul><li>Tu\u1ed5i t\u01b0\u01a1ng kh\u1eafc: Canh D\u1ea7n, M\u1eadu D\u1ea7n, \u0110inh S\u1eedu, K\u1ef7 S\u1eedu, Qu\u00fd M\u00f9i v\u00e0 \u1ea4t M\u00f9i\u00a0<\/li><li>Tu\u1ed5i h\u1ee3p trong l\u00e0m \u0103n: T\u00e2n T\u1ef5, Nh\u00e2m Ng\u1ecd v\u00e0 \u1ea4t D\u1eadu<\/li><li>Tu\u1ed5i h\u1ee3p trong l\u1ef1a ch\u1ecdn v\u1ee3 ch\u1ed3ng: M\u1eadu T\u00fd, K\u1ef7 M\u00e3o, T\u00e2n T\u1ef5, Nh\u00e2m Ng\u1ecd, \u1ea4t D\u1eadu v\u00e0 \u0110inh H\u1ee3i<\/li><\/ul><figure><figcaption>V\u1eadn m\u1ec7nh ng\u01b0\u1eddi tu\u1ed5i T\u1ef5 kh\u00e1 su\u00f4n s\u1ebb<\/figcaption><\/figure><p>Tuy nhi\u00ean nh\u00ecn chung, v\u1eadn m\u1ec7nh c\u1ee7a ng\u01b0\u1eddi tu\u1ed5i T\u1ef5 c\u00f2n t\u00f9y thu\u1ed9c v\u00e0o nhi\u1ec1u y\u1ebfu t\u1ed1. Nh\u00ecn chung, t\u1eed vi phong th\u1ee7y, tu\u1ed5i, gi\u1edd sinh l\u00e0 nh\u1eefng y\u1ebfu t\u1ed1 \u1ea3nh h\u01b0\u1edfng tr\u1ef1c ti\u1ebfp \u0111\u1ebfn v\u1eadn m\u1ec7nh c\u1ea3 \u0111\u1eddi c\u1ee7a m\u1ed9t ng\u01b0\u1eddi. \u0110\u01b0\u01a1ng nhi\u00ean n\u1ebfu \u0111\u01b0\u1ee3c sinh v\u00e0o gi\u1edd t\u1ed1t th\u00ec v\u1eadn m\u1ec7nh s\u1ebd hanh th\u00f4ng. Ng\u01b0\u1ee3c l\u1ea1i, b\u1ea1n s\u1ebd c\u1ea7n ph\u1ea3i c\u1ea9n th\u1eadn v\u00e0 n\u1ed7 l\u1ef1c nhi\u1ec1u h\u01a1n n\u1eefa.<\/p>\t\t\t\t\t\t\t\t<\/div>\n\t\t\t\t<div class=\"elementor-element elementor-element-277efcd tahefobu-main-menu-align-left tahefobu-main-menu-align--tabletleft tahefobu-main-menu-align--mobileleft tahefobu-sub-icon-caret-down tahefobu-nav-menu-bp-mobile tahefobu-mobile-menu-full-width tahefobu-mobile-menu-item-align-center tahefobu-mobile-toggle-v1 tahefobu-sub-divider-yes tahefobu-mobile-divider-yes elementor-widget elementor-widget-tahefobu-navigation-menu\" data-id=\"277efcd\" data-element_type=\"widget\" data-widget_type=\"tahefobu-navigation-menu.default\">\n\t\t\t\t<div class=\"elementor-widget-container\">\n\t\t\t\t\t<nav class=\"tahefobu-nav-menu-container tahefobu-nav-menu-horizontal\" data-trigger=\"hover\"><ul id=\"menu-1-277efcd\" class=\"tahefobu-nav-menu\"><li class=\"menu-item menu-item-type-post_type menu-item-object-page menu-item-852\"><a href=\"https:\/\/zenithspirit.id.vn\/index.php\/12-dia-chi\/\" class=\"tahefobu-menu-item tahefobu-pointer-item\">12-\u0110\u1ecaA CHI<\/a><\/li>\n<li class=\"menu-item menu-item-type-post_type menu-item-object-page menu-item-853\"><a href=\"https:\/\/zenithspirit.id.vn\/index.php\/about-zenith\/\" class=\"tahefobu-menu-item tahefobu-pointer-item\">ABOUT ZENITH<\/a><\/li>\n<li class=\"menu-item menu-item-type-post_type menu-item-object-page menu-item-1172\"><a href=\"https:\/\/zenithspirit.id.vn\/index.php\/12-cung-hd\/\" class=\"tahefobu-menu-item tahefobu-pointer-item\">12 Cung HD<\/a><\/li>\n<\/ul><\/nav><nav class=\"tahefobu-mobile-nav-menu-container\"><div class=\"tahefobu-mobile-toggle-wrap\"><div class=\"tahefobu-mobile-toggle\"><span class=\"tahefobu-mobile-toggle-line\"><\/span><span class=\"tahefobu-mobile-toggle-line\"><\/span><span class=\"tahefobu-mobile-toggle-line\"><\/span><\/div><\/div><ul id=\"mobile-menu-2-277efcd\" class=\"tahefobu-mobile-nav-menu\"><li class=\"menu-item menu-item-type-post_type menu-item-object-page menu-item-852\"><a href=\"https:\/\/zenithspirit.id.vn\/index.php\/12-dia-chi\/\" class=\"tahefobu-mobile-menu-item\">12-\u0110\u1ecaA CHI<\/a><\/li>\n<li class=\"menu-item menu-item-type-post_type menu-item-object-page menu-item-853\"><a href=\"https:\/\/zenithspirit.id.vn\/index.php\/about-zenith\/\" class=\"tahefobu-mobile-menu-item\">ABOUT ZENITH<\/a><\/li>\n<li class=\"menu-item menu-item-type-post_type menu-item-object-page menu-item-1172\"><a href=\"https:\/\/zenithspirit.id.vn\/index.php\/12-cung-hd\/\" class=\"tahefobu-mobile-menu-item\">12 Cung HD<\/a><\/li>\n<\/ul><\/nav>\t\t\t\t<\/div>\n\t\t\t\t<\/div>\n\t\t\t\t\t<\/div>\n\t\t\t\t<\/div>\n\t\t\t\t<\/div>\n\t\t","protected":false},"excerpt":{"rendered":"<p>T\u1ed5ng Quan V\u1ec1 R\u1eafn 1. Gi\u1edbi thi\u1ec7u th\u00f4ng tin v\u1ec1 ng\u01b0\u1eddi tu\u1ed5i R\u1eafn Tu\u1ed5i T\u1ef5 hay c\u00f2n g\u1ecdi l\u00e0 tu\u1ed5i r\u1eafn, trong 12 con gi\u00e1p th\u00ec \u0111\u00e2y l\u00e0 con gi\u00e1p th\u1ee9 6. Ng\u01b0\u1eddi tu\u1ed5i T\u1ef5 sinh v\u00e0o c\u00e1c n\u0103m nh\u01b0: 1941 (T\u00e2n T\u1ef5), n\u0103m 1953 v\u00e0 2013 (Qu\u00fd T\u1ef5), n\u0103m 1965 (\u1ea4t T\u1ef5), 1977 (\u0110inh [&hellip;]<\/p>\n","protected":false},"author":1,"featured_media":0,"parent":0,"menu_order":0,"comment_status":"closed","ping_status":"closed","template":"elementor_canvas","meta":{"footnotes":""},"class_list":["post-914","page","type-page","status-publish","hentry"],"_links":{"self":[{"href":"https:\/\/zenithspirit.id.vn\/index.php\/wp-json\/wp\/v2\/pages\/914","targetHints":{"allow":["GET"]}}],"collection":[{"href":"https:\/\/zenithspirit.id.vn\/index.php\/wp-json\/wp\/v2\/pages"}],"about":[{"href":"https:\/\/zenithspirit.id.vn\/index.php\/wp-json\/wp\/v2\/types\/page"}],"author":[{"embeddable":true,"href":"https:\/\/zenithspirit.id.vn\/index.php\/wp-json\/wp\/v2\/users\/1"}],"replies":[{"embeddable":true,"href":"https:\/\/zenithspirit.id.vn\/index.php\/wp-json\/wp\/v2\/comments?post=914"}],"version-history":[{"count":12,"href":"https:\/\/zenithspirit.id.vn\/index.php\/wp-json\/wp\/v2\/pages\/914\/revisions"}],"predecessor-version":[{"id":1053,"href":"https:\/\/zenithspirit.id.vn\/index.php\/wp-json\/wp\/v2\/pages\/914\/revisions\/1053"}],"wp:attachment":[{"href":"https:\/\/zenithspirit.id.vn\/index.php\/wp-json\/wp\/v2\/media?parent=914"}],"curies":[{"name":"wp","href":"https:\/\/api.w.org\/{rel}","templated":true}]}}