{"id":929,"date":"2025-12-31T08:03:51","date_gmt":"2025-12-31T08:03:51","guid":{"rendered":"https:\/\/zenithspirit.id.vn\/?page_id=929"},"modified":"2026-01-01T03:01:06","modified_gmt":"2026-01-01T03:01:06","slug":"tuoi-trau","status":"publish","type":"page","link":"https:\/\/zenithspirit.id.vn\/index.php\/tuoi-trau\/","title":{"rendered":"Tu\u1ed5i S\u1eedu"},"content":{"rendered":"\t\t<div data-elementor-type=\"wp-page\" data-elementor-id=\"929\" class=\"elementor elementor-929\">\n\t\t\t\t<div class=\"elementor-element elementor-element-1132cdc e-grid e-con-boxed e-con e-parent\" data-id=\"1132cdc\" data-element_type=\"container\">\n\t\t\t\t\t<div class=\"e-con-inner\">\n\t\t\t\t<div class=\"elementor-element elementor-element-066e71d elementor-view-default elementor-widget elementor-widget-icon\" data-id=\"066e71d\" data-element_type=\"widget\" data-widget_type=\"icon.default\">\n\t\t\t\t\t\t\t<div class=\"elementor-icon-wrapper\">\n\t\t\t<a class=\"elementor-icon\" href=\"https:\/\/zenithspirit.id.vn\/index.php\/12-dia-chi\">\n\t\t\t<svg aria-hidden=\"true\" class=\"e-font-icon-svg e-fas-long-arrow-alt-left\" viewBox=\"0 0 448 512\" xmlns=\"http:\/\/www.w3.org\/2000\/svg\"><path d=\"M134.059 296H436c6.627 0 12-5.373 12-12v-56c0-6.627-5.373-12-12-12H134.059v-46.059c0-21.382-25.851-32.09-40.971-16.971L7.029 239.029c-9.373 9.373-9.373 24.569 0 33.941l86.059 86.059c15.119 15.119 40.971 4.411 40.971-16.971V296z\"><\/path><\/svg>\t\t\t<\/a>\n\t\t<\/div>\n\t\t\t\t\t\t<\/div>\n\t\t\t\t<div class=\"elementor-element elementor-element-40ccee3 elementor-widget elementor-widget-heading\" data-id=\"40ccee3\" data-element_type=\"widget\" data-widget_type=\"heading.default\">\n\t\t\t\t\t<h2 class=\"elementor-heading-title elementor-size-default\">T\u1ed5ng Quan V\u1ec1 Tr\u00e2u<\/h2>\t\t\t\t<\/div>\n\t\t\t\t\t<\/div>\n\t\t\t\t<\/div>\n\t\t<div class=\"elementor-element elementor-element-4265eaa e-flex e-con-boxed e-con e-parent\" data-id=\"4265eaa\" data-element_type=\"container\">\n\t\t\t\t\t<div class=\"e-con-inner\">\n\t\t\t\t<div class=\"elementor-element elementor-element-4f199da elementor-widget elementor-widget-text-editor\" data-id=\"4f199da\" data-element_type=\"widget\" data-widget_type=\"text-editor.default\">\n\t\t\t\t\t\t\t\t\t<h3 style=\"color: #00f3ff;\"><b>1. Gi\u1edbi thi\u1ec7u th\u00f4ng tin v\u1ec1 ng\u01b0\u1eddi tu\u1ed5i S\u1eedu<\/b><\/h3><p>v\u1edbi c\u00e1c v\u1ea5n \u0111\u1ec1 v\u1ec1 s\u1ef1 nghi\u1ec7p, gia \u0111\u1ea1o, t\u00ecnh duy\u00ean\u2026 s\u1ebd gi\u00fap b\u1ea1n hi\u1ec3u r\u00f5 h\u01a1n v\u1ec1 s\u1ed1 m\u1ec7nh c\u1ee7a tu\u1ed5i n\u00e0y, t\u1eeb \u0111\u00f3 c\u00f3 m\u1ed9t s\u1ed1 \u0111i\u1ec1u ch\u1ec9nh \u0111\u1ec3 c\u00f4ng vi\u1ec7c, cu\u1ed9c s\u1ed1ng tr\u1edf n\u00ean thu\u1eadn l\u1ee3i h\u01a1n. C\u00f9ng Vua N\u1ec7m t\u00ecm hi\u1ec3u k\u1ef9 h\u01a1n v\u1ec1 v\u1ea5n \u0111\u1ec1 n\u00e0y th\u00f4ng qua b\u00e0i vi\u1ebft d\u01b0\u1edbi \u0111\u00e2y nh\u00e9.<\/p><h3 style=\"color: #00f3ff;\"><b>2. T\u00ednh c\u00e1ch ng\u01b0\u1eddi tu\u1ed5i S\u1eedu<\/b><\/h3><p>Trong t\u1eed vi tu\u1ed5i S\u1eedu, nh\u1eefng ng\u01b0\u1eddi thu\u1ed9c tu\u1ed5i n\u00e0y th\u01b0\u1eddng c\u00f3 t\u00ednh th\u1eadt th\u00e0, nh\u1eabn n\u1ea1i, kh\u1ea3 n\u0103ng giao ti\u1ebfp k\u00e9m, do \u0111\u00f3 m\u00e0 c\u00e1c m\u1ed1i quan h\u1ec7 c\u1ee7a h\u1ecd c\u0169ng kh\u00f4ng qu\u00e1 nhi\u1ec1u. H\u1ecd c\u00f2n l\u00e0 nh\u1eefng ng\u01b0\u1eddi kh\u00e1 tr\u1ea7m m\u1eb7c, s\u1ed1ng n\u1ed9i t\u00e2m nh\u01b0ng l\u1ea1i r\u1ea5t \u00f4n h\u00f2a v\u1edbi ng\u01b0\u1eddi kh\u00e1c, l\u00e0m vi\u1ec7c m\u1ed9t c\u00e1ch ch\u0103m ch\u1ec9 v\u00e0 nghi\u00eam t\u00fac.<\/p><p>Ng\u01b0\u1eddi tu\u1ed5i S\u1eedu \u0111i xa l\u1eadp nghi\u1ec7p t\u1eeb khi c\u00f2n tr\u1ebb, d\u00f9 g\u1eb7p nhi\u1ec1u kh\u00f3 kh\u0103n nh\u01b0ng \u0111\u01b0\u1ee3c qu\u00fd nh\u00e2n ph\u00f9 tr\u1ee3 n\u00ean c\u00f3 th\u1ec3 x\u00e2y d\u1ef1ng s\u1ef1 nghi\u1ec7p t\u1eeb hai b\u00e0n tay tr\u1eafng. V\u1ec1 trung ni\u00ean, m\u1eb7c d\u00f9 c\u00f3 nhi\u1ec1u mu\u1ed9n phi\u1ec1n v\u1ec1 tinh th\u1ea7n, s\u1ee9c kh\u1ecfe nh\u01b0ng t\u1ed5ng quan th\u00ec h\u1eadu v\u1eadn c\u1ee7a h\u1ecd r\u1ea5t t\u1ed1t \u0111\u1eb9p, s\u1ed1ng cu\u1ed9c s\u1ed1ng an nh\u00e0.<\/p><h3 style=\"color: #00f3ff;\"><b>3.T\u00ecnh y\u00eau c\u1ee7a ng\u01b0\u1eddi tu\u1ed5i S\u1eedu<\/b><\/h3><p>Ng\u01b0\u1eddi tu\u1ed5i S\u1eedu l\u00e0 nh\u1eefng ng\u01b0\u1eddi \u00edt th\u1ec3 hi\u1ec7n c\u1ea3m x\u00fac, t\u00ecnh c\u1ea3m c\u1ee7a m\u00ecnh nh\u01b0ng khi g\u1eb7p ng\u01b0\u1eddi ph\u00f9 h\u1ee3p th\u00ec h\u1ecd s\u1eb5n s\u00e0ng b\u1ed9c l\u1ed9 t\u00ecnh c\u1ea3m c\u1ee7a m\u00ecnh m\u1ed9t c\u00e1ch ch\u00e2n th\u00e0nh. Do kh\u1ea3 n\u0103ng giao ti\u1ebfp k\u00e9m n\u00ean h\u1ecd \u0111\u00e3 b\u1ecf qua nhi\u1ec1u c\u01a1 h\u1ed9i trong chuy\u1ec7n t\u00ecnh duy\u00ean, vi\u1ec7c chinh ph\u1ee5c \u0111\u1ed1i t\u01b0\u1ee3ng m\u00ecnh c\u1ea3m m\u1ebfn c\u0169ng kh\u00e1 kh\u00f3 kh\u0103n. Tuy nhi\u00ean, sau c\u00f9ng th\u00ec nh\u1eefng n\u1ed7 l\u1ef1c v\u00e0 s\u1ef1 nh\u1eabn n\u1ea1i c\u1ee7a h\u1ecd c\u0169ng s\u1ebd \u0111\u01b0\u1ee3c \u0111\u1ec1n \u0111\u00e1p x\u1ee9ng \u0111\u00e1ng.<\/p><p>Trong t\u00ecnh y\u00eau, nam tu\u1ed5i S\u1eedu kh\u00f4ng bi\u1ebft ph\u00e2n chia ranh gi\u1edbi r\u00f5 r\u00e0ng, d\u00f9 \u0111\u00e3 y\u00eau ng\u01b0\u1eddi n\u00e0y nh\u01b0ng h\u1ecd v\u1eabn \u0111\u1ed1i x\u1eed t\u1ed1t v\u1edbi c\u00e1c c\u00f4 g\u00e1i kh\u00e1c. H\u1ecd c\u0169ng l\u00e0 ng\u01b0\u1eddi hay ghen tu\u00f4ng m\u1ed9t c\u00e1ch v\u00f4 l\u00fd, \u0111i\u1ec1u n\u00e0y khi\u1ebfn cho \u0111\u1ed1i ph\u01b0\u01a1ng c\u1ea3m th\u1ea5y bu\u1ed3n t\u1ee7i. N\u1eef tu\u1ed5i S\u1eedu l\u1ea1i c\u00f3 t\u00ednh t\u00ecnh \u00f4n h\u00f2a, nh\u00e3 nh\u1eb7n, do \u0111\u00f3 r\u1ea5t \u0111\u01b0\u1ee3c \u0111\u00e0n \u00f4ng y\u00eau th\u00edch. M\u1eb7c d\u00f9 v\u1eady, h\u1ecd c\u0169ng c\u00f3 \u0111i\u1ec3m y\u1ebfu l\u00e0 hay \u0111\u1ed1 k\u1ef5, th\u00edch chi\u1ebfm h\u1eefu n\u00ean \u0111\u00f4i khi khi\u1ebfn m\u1ed9t n\u1eeda c\u1ee7a m\u00ecnh c\u1ea3m th\u1ea5y \u1ee9c ch\u1ebf, ch\u00f3 ch\u1ecbu.<\/p><p>Sau khi k\u1ebft h\u00f4n, ng\u01b0\u1eddi tu\u1ed5i S\u1eedu kh\u00f4ng bi\u1ebft c\u00e1ch c\u00e2n b\u1eb1ng cu\u1ed9c s\u1ed1ng, \u0111\u00f4i khi h\u1ecd c\u00f2n th\u1edd \u01a1, l\u1ea1nh l\u00f9ng v\u1edbi b\u1ea1n \u0111\u1eddi c\u1ee7a m\u00ecnh, \u0111i\u1ec1u n\u00e0y l\u00e0 l\u00fd do khi\u1ebfn cho m\u1ed1i quan h\u1ec7 v\u1ee3 ch\u1ed3ng b\u1ecb tan v\u1ee1. L\u1eddi khuy\u00ean d\u00e0nh cho nh\u1eefng ng\u01b0\u1eddi tu\u1ed5i n\u00e0y l\u00e0 nh\u01b0\u1eddng nh\u1ecbn nhi\u1ec1u h\u01a1n v\u00e0 m\u1edf l\u00f2ng v\u1edbi nhau h\u01a1n, t\u1eeb \u0111\u00f3 c\u1ea3 hai m\u1edbi c\u00f3 s\u1ef1 h\u00f2a h\u1ee3p, vi\u00ean m\u00e3n trong cu\u1ed9c s\u1ed1ng.<\/p><p>Ngo\u00e0i ra, ng\u01b0\u1eddi tu\u1ed5i S\u1eedu c\u00f3 th\u1ec3 \u00e1p d\u1ee5ng quy lu\u1eadt m\u00e0u s\u1eafc ch\u0103n ga h\u1ee3p phong th\u1ee7y Tu\u1ed5i S\u1eedu \u0111\u1ec3 l\u00e0m gi\u1ea3m nh\u1eefng b\u1ea5t \u0111\u1ed3ng, c\u00e3i v\u00e3 trong h\u00f4n nh\u00e2n. Ng\u01b0\u1eddi tu\u1ed5i S\u1eedu sinh n\u0103m n\u00e0o s\u1ebd c\u00f3 nh\u1eefng m\u00e0u s\u1eafc ph\u00f9 h\u1ee3p t\u01b0\u01a1ng \u1ee9ng khi s\u1eed d\u1ee5ng ch\u0103n ga \u0111\u1ec7m ng\u1ee7<\/p><h3 style=\"color: #00f3ff;\"><b>4. S\u1ef1 nghi\u1ec7p c\u1ee7a ng\u01b0\u1eddi tu\u1ed5i S\u1eedu<\/b><\/h3><p>Nh\u1eefng ng\u01b0\u1eddi tu\u1ed5i s\u1eedu c\u00f3 kh\u1ea3 n\u0103ng l\u00e0m vi\u1ec7c \u0111\u1ed9c l\u1eadp t\u1ed1t, gi\u1eef \u0111\u01b0\u1ee3c s\u1ef1 t\u1ec9nh t\u00e1o, tinh th\u1ea7n tr\u00e1ch nhi\u1ec7m cao n\u00ean h\u1ecd c\u00f3 th\u1ec3 ho\u00e0n th\u00e0nh t\u1ed1t c\u00f4ng vi\u1ec7c c\u1ee7a m\u00ecnh. H\u1ecd lu\u00f4n c\u00f3 \u00fd ch\u00ed, quy\u1ebft t\u00e2m n\u00ean c\u00f3 th\u1ec3 ho\u00e0n th\u00e0nh t\u1ed1t c\u00f4ng vi\u1ec7c \u0111\u01b0\u1ee3c giao, b\u1edfi v\u1eady h\u1ecd d\u1ec5 g\u1eb7t h\u00e1i \u0111\u01b0\u1ee3c nhi\u1ec1u th\u00e0nh c\u00f4ng.<\/p><p>Nh\u1eefng ng\u01b0\u1eddi tu\u1ed5i S\u1eedu c\u00f3 t\u00ednh c\u01b0\u01a1ng tr\u1ef1c, do \u0111\u00f3 h\u1ecd d\u1ec5 g\u1eb7p ph\u1ea3i nh\u1eefng m\u00e2u thu\u1eabn c\u00e1 nh\u00e2n, k\u00e8m theo \u0111\u00f3 l\u00e0 kh\u1ea3 n\u0103ng giao ti\u1ebfp k\u00e9m n\u00ean \u0111\u00f4i khi vi\u1ec7c l\u00e0m \u0103n, h\u1ee3p t\u00e1c c\u1ee7a h\u1ecd c\u0169ng b\u1ecb tr\u1edf ng\u1ea1i. Nh\u00ecn chung nh\u1eefng ng\u01b0\u1eddi tu\u1ed5i n\u00e0y ph\u00f9 h\u1ee3p v\u1edbi nh\u1eefng c\u00f4ng vi\u1ec7c c\u00f3 s\u1ef1 c\u00f4ng b\u1eb1ng, l\u00e0m vi\u1ec7c c\u00f4ng khai, nh\u01b0 v\u1eady s\u1ef1 nghi\u1ec7p c\u1ee7a h\u1ecd r\u1ea5t t\u1ed1t \u0111\u1eb9p, c\u00f3 th\u1ec3 ph\u00e1t huy h\u1ebft kh\u1ea3 n\u0103ng c\u1ee7a m\u00ecnh.<\/p><p>Ng\u01b0\u1eddi tu\u1ed5i S\u1eedu kh\u00f4ng ph\u00f9 h\u1ee3p v\u1edbi c\u00e1c c\u00f4ng vi\u1ec7c li\u00ean quan \u0111\u1ebfn ngh\u1ec7 thu\u1eadt, nh\u1eefng c\u00f4ng vi\u1ec7c \u0111\u00f2i h\u1ecfi s\u1ef1 linh ho\u1ea1t v\u00e0 kh\u00e9o l\u00e9o. H\u1ecd ph\u00f9 h\u1ee3p h\u01a1n v\u1edbi nh\u1eefng c\u00f4ng vi\u1ec7c li\u00ean quan \u0111\u1ebfn t\u00ednh to\u00e1n, logic, k\u1ef9 thu\u1eadt, b\u00e1c s\u0129, gi\u00e1o vi\u00ean.<\/p><h3 style=\"color: #00f3ff;\"><b>5. V\u1eadn m\u1ec7nh c\u1ee7a ng\u01b0\u1eddi tu\u1ed5i S\u1eedu<\/b><\/h3><p>Trong t\u1eed vi tu\u1ed5i S\u1eedu, v\u1eadn m\u1ec7nh c\u1ee7a m\u1ed7i ng\u01b0\u1eddi s\u1ebd kh\u00e1c nhau t\u00f9y theo t\u1eebng tu\u1ed5i v\u00e0 m\u1ec7nh, c\u1ee5 th\u1ec3 nh\u01b0 sau:<\/p><h3 style=\"color: #00f3ff;\"><b>6. Tu\u1ed5i \u1ea4t S\u1eedu \u2013 1985: M\u1ec7nh H\u1ea3i trung Kim, t\u1ee9c Tr\u00e2u gi\u1eefa bi\u1ec3n<\/b><\/h3><p>Ng\u01b0\u1eddi tu\u1ed5i \u1ea4t S\u1eedu sinh n\u0103m 1985 th\u01b0\u1eddng c\u00f3 t\u00e0i t\u1ed5 ch\u1ee9c v\u00e0 l\u00e3nh \u0111\u1ea1o, qu\u1ea3n l\u00fd, k\u00e8m theo \u0111\u00f3 l\u00e0 \u00fd ch\u00ed quy\u1ebft t\u00e2m ti\u1ebfn v\u1ec1 ph\u00eda tr\u01b0\u1edbc, do \u0111\u00f3 h\u1ecd c\u00f3 th\u1ec3 g\u1eb7t h\u00e1i \u0111\u01b0\u1ee3c th\u00e0nh c\u00f4ng. Nh\u1eefng ng\u01b0\u1eddi tu\u1ed5i n\u00e0y c\u0169ng s\u1eb5n s\u00e0ng \u0111\u1ed1i m\u1eb7t v\u1edbi gian nan, th\u1eed th\u00e1ch, c\u00e0ng n\u1ed7 l\u1ef1c th\u00ec h\u1ecd c\u00e0ng nh\u1eadn \u0111\u01b0\u1ee3c vinh quang.<\/p><h3 style=\"color: #00f3ff;\"><b>7. Tu\u1ed5i \u0110inh S\u1eedu \u2013 1997: M\u1ec7nh Gi\u1ea3n H\u1ea1 Th\u1ee7y, t\u1ee9c Tr\u00e2u trong h\u1ed3<\/b><\/h3><p>Nh\u1eefng ng\u01b0\u1eddi tu\u1ed5i n\u00e0y th\u01b0\u1eddng th\u00f4ng minh, ham h\u1ecdc h\u1ecfi, t\u01b0 duy logic, bi\u1ebft nh\u00ecn xa tr\u00f4ng r\u1ed9ng n\u00ean h\u1ecd d\u1ec5 d\u00e0ng \u0111\u1ea1t \u0111\u01b0\u1ee3c th\u00e0nh c\u00f4ng. H\u1ecd c\u0169ng l\u00e0 ng\u01b0\u1eddi lu\u00f4n ph\u1ea5n \u0111\u1ea5u kh\u00f4ng ng\u1eebng \u0111\u1ec3 \u0111\u1ea1t \u0111\u01b0\u1ee3c m\u1ee5c ti\u00eau, kh\u00f4ng c\u00fai \u0111\u1ea7u tr\u01b0\u1edbc kh\u00f3 kh\u0103n, b\u1edfi v\u1eady m\u00e0 h\u1ecd c\u00f3 th\u1ec3 l\u00e0m n\u00ean th\u00e0nh c\u00f4ng t\u1eeb hai b\u00e0n tay tr\u1eafng.<\/p><h3 style=\"color: #00f3ff;\"><b>8. Tu\u1ed5i K\u1ef7 S\u1eedu \u2013 1949: M\u1ec7nh T\u00edch l\u1ecbch H\u1ecfa, t\u1ee9c Tr\u00e2u trong r\u00e0o<\/b><\/h3><p>Ng\u01b0\u1eddi tu\u1ed5i K\u1ef7 S\u1eedu c\u00f3 nhi\u1ec1u ho\u00e0i b\u00e3o v\u00e0 \u01b0\u1edbc m\u01a1 nh\u01b0ng nh\u1eefng \u01b0\u1edbc m\u01a1 n\u00e0y l\u1ea1i kh\u00f4ng th\u1ef1c t\u1ebf. M\u1eb7c d\u00f9 h\u1ecd l\u00e0 ng\u01b0\u1eddi th\u00f4ng minh, c\u00f3 \u0111\u1ea7u \u00f3c nh\u01b0ng l\u1ea1i thi\u1ebfu s\u1ef1 ki\u00ean nh\u1eabn, hay n\u1ea3n ch\u00ed tr\u01b0\u1edbc kh\u00f3 kh\u0103n, c\u0169ng v\u00ec v\u1eady m\u00e0 th\u00e0nh c\u00f4ng c\u1ee7a ng\u01b0\u1eddi tu\u1ed5i n\u00e0y th\u01b0\u1eddng \u0111\u1ebfn kh\u00e1 mu\u1ed9n. Trong quan h\u1ec7 v\u1edbi m\u1ecdi ng\u01b0\u1eddi, tu\u1ed5i K\u1ef7 S\u1eedu nh\u1eadn \u0111\u01b0\u1ee3c nhi\u1ec1u ng\u01b0\u1eddi y\u00eau qu\u00fd v\u00ec s\u1ef1 ch\u00e2n th\u00e0nh, bi\u1ebft gi\u00fap \u0111\u1ee1 ng\u01b0\u1eddi kh\u00e1c m\u00e0 kh\u00f4ng m\u00e0ng danh l\u1ee3i.<\/p><h3 style=\"color: #00f3ff;\"><b>9. Tu\u1ed5i T\u00e2n S\u1eedu \u2013 1961: M\u1ec7nh B\u00edch th\u01b0\u1ee3ng Th\u1ed5, t\u1ee9c Tr\u00e2u gi\u1eefa \u0111\u01b0\u1eddng\u00a0<\/b><\/h3><p>Nh\u1eefng ng\u01b0\u1eddi tu\u1ed5i n\u00e0y c\u00f3 t\u00ednh t\u00ecnh hi\u1ec1n l\u00e0nh, t\u1ed1t b\u1ee5ng, hay gi\u00fap \u0111\u1ee1 ng\u01b0\u1eddi kh\u00e1c. H\u1ecd c\u00f2n l\u00e0 ng\u01b0\u1eddi bi\u1ebft tr\u1ecdng ch\u1eef t\u00edn, c\u00f3 tr\u00e1ch nhi\u1ec7m v\u1edbi c\u00f4ng vi\u1ec7c. Ng\u01b0\u1eddi tu\u1ed5i T\u00e2n S\u1eedu 1961 c\u0169ng kh\u00f4ng bi\u1ebft n\u1ecbnh n\u1ecdt ai, h\u1ecd s\u1ed1ng ch\u00e2n th\u00e0nh v\u00e0 th\u1eadt t\u00e2m v\u1edbi m\u1ecdi ng\u01b0\u1eddi xung quanh.<\/p><h3 style=\"color: #00f3ff;\"><b>10. Tu\u1ed5i Qu\u00fd S\u1eedu \u2013 1973: M\u1ec7nh Tang \u0111\u1ed1 M\u1ed9c, t\u1ee9c Tr\u00e2u trong chu\u1ed3ng<\/b><\/h3><p>Tu\u1ed5i Qu\u00fd S\u1eedu 1973 l\u00e0 nh\u1eefng ng\u01b0\u1eddi gi\u1ecfi giao ti\u1ebfp do \u0111\u00f3 h\u1ecd c\u00f3 nhi\u1ec1u m\u1ed1i quan h\u1ec7, \u0111\u01b0\u1ee3c nhi\u1ec1u ng\u01b0\u1eddi y\u00eau qu\u00fd. H\u1ecd l\u00e0 ng\u01b0\u1eddi c\u00f3 l\u1eadp tr\u01b0\u1eddng nh\u01b0ng l\u1ea1i kh\u00f4ng b\u1ea3o th\u1ee7, s\u1eb5n s\u00e0ng ti\u1ebfp thu nh\u1eefng kinh nghi\u1ec7m, ki\u1ebfn th\u1ee9c t\u1eeb ng\u01b0\u1eddi kh\u00e1c. Ng\u01b0\u1eddi tu\u1ed5i S\u1eedu sinh n\u0103m 1973 l\u00e0 ng\u01b0\u1eddi bao dung, d\u1ec5 d\u00e0ng tha th\u1ee9 cho ng\u01b0\u1eddi kh\u00e1c v\u1edbi mong mu\u1ed1n gi\u00fap b\u1ea3n th\u00e2n m\u00ecnh an l\u1ea1c h\u01a1n.<\/p><p><strong>T\u1eed vi tu\u1ed5i S\u1eedu<\/strong>\u00a0tr\u1ecdn \u0111\u1eddi d\u1ef1a tr\u00ean m\u1ed9t s\u1ed1 lu\u1eadn gi\u1ea3i mang t\u00ednh khoa h\u1ecdc v\u00e0 chi\u00eam nghi\u1ec7m t\u1eeb th\u1ef1c t\u1ebf. Mong r\u1eb1ng b\u00e0i vi\u1ebft n\u00e0y s\u1ebd gi\u00fap b\u1ea1n hi\u1ec3u h\u01a1n v\u1ec1 nh\u1eefng ng\u01b0\u1eddi tu\u1ed5i S\u1eedu, t\u1eeb \u0111\u00f3 c\u00f3 th\u1ec3 chung s\u1ed1ng h\u00f2a h\u1ee3p h\u01a1n v\u00e0 c\u00f3 th\u1ec3 ph\u1ed1i h\u1ee3p v\u1edbi h\u1ecd m\u1ed9t c\u00e1ch d\u1ec5 d\u00e0ng.<\/p>\t\t\t\t\t\t\t\t<\/div>\n\t\t<div class=\"elementor-element elementor-element-b300a86 e-con-full e-flex e-con e-child\" data-id=\"b300a86\" data-element_type=\"container\">\n\t\t\t\t<div class=\"elementor-element elementor-element-277efcd tahefobu-main-menu-align-left tahefobu-main-menu-align--tabletleft tahefobu-main-menu-align--mobileleft tahefobu-sub-icon-caret-down tahefobu-nav-menu-bp-mobile tahefobu-mobile-menu-full-width tahefobu-mobile-menu-item-align-center tahefobu-mobile-toggle-v1 tahefobu-sub-divider-yes tahefobu-mobile-divider-yes elementor-widget elementor-widget-tahefobu-navigation-menu\" data-id=\"277efcd\" data-element_type=\"widget\" data-widget_type=\"tahefobu-navigation-menu.default\">\n\t\t\t\t<div class=\"elementor-widget-container\">\n\t\t\t\t\t<nav class=\"tahefobu-nav-menu-container tahefobu-nav-menu-horizontal\" data-trigger=\"hover\"><ul id=\"menu-1-277efcd\" class=\"tahefobu-nav-menu\"><li class=\"menu-item menu-item-type-post_type menu-item-object-page menu-item-852\"><a href=\"https:\/\/zenithspirit.id.vn\/index.php\/12-dia-chi\/\" class=\"tahefobu-menu-item tahefobu-pointer-item\">12-\u0110\u1ecaA CHI<\/a><\/li>\n<li class=\"menu-item menu-item-type-post_type menu-item-object-page menu-item-853\"><a href=\"https:\/\/zenithspirit.id.vn\/index.php\/about-zenith\/\" class=\"tahefobu-menu-item tahefobu-pointer-item\">ABOUT ZENITH<\/a><\/li>\n<li class=\"menu-item menu-item-type-post_type menu-item-object-page menu-item-1172\"><a href=\"https:\/\/zenithspirit.id.vn\/index.php\/12-cung-hd\/\" class=\"tahefobu-menu-item tahefobu-pointer-item\">12 Cung HD<\/a><\/li>\n<\/ul><\/nav><nav class=\"tahefobu-mobile-nav-menu-container\"><div class=\"tahefobu-mobile-toggle-wrap\"><div class=\"tahefobu-mobile-toggle\"><span class=\"tahefobu-mobile-toggle-line\"><\/span><span class=\"tahefobu-mobile-toggle-line\"><\/span><span class=\"tahefobu-mobile-toggle-line\"><\/span><\/div><\/div><ul id=\"mobile-menu-2-277efcd\" class=\"tahefobu-mobile-nav-menu\"><li class=\"menu-item menu-item-type-post_type menu-item-object-page menu-item-852\"><a href=\"https:\/\/zenithspirit.id.vn\/index.php\/12-dia-chi\/\" class=\"tahefobu-mobile-menu-item\">12-\u0110\u1ecaA CHI<\/a><\/li>\n<li class=\"menu-item menu-item-type-post_type menu-item-object-page menu-item-853\"><a href=\"https:\/\/zenithspirit.id.vn\/index.php\/about-zenith\/\" class=\"tahefobu-mobile-menu-item\">ABOUT ZENITH<\/a><\/li>\n<li class=\"menu-item menu-item-type-post_type menu-item-object-page menu-item-1172\"><a href=\"https:\/\/zenithspirit.id.vn\/index.php\/12-cung-hd\/\" class=\"tahefobu-mobile-menu-item\">12 Cung HD<\/a><\/li>\n<\/ul><\/nav>\t\t\t\t<\/div>\n\t\t\t\t<\/div>\n\t\t\t\t<\/div>\n\t\t\t\t\t<\/div>\n\t\t\t\t<\/div>\n\t\t\t\t<\/div>\n\t\t","protected":false},"excerpt":{"rendered":"<p>T\u1ed5ng Quan V\u1ec1 Tr\u00e2u 1. Gi\u1edbi thi\u1ec7u th\u00f4ng tin v\u1ec1 ng\u01b0\u1eddi tu\u1ed5i S\u1eedu v\u1edbi c\u00e1c v\u1ea5n \u0111\u1ec1 v\u1ec1 s\u1ef1 nghi\u1ec7p, gia \u0111\u1ea1o, t\u00ecnh duy\u00ean\u2026 s\u1ebd gi\u00fap b\u1ea1n hi\u1ec3u r\u00f5 h\u01a1n v\u1ec1 s\u1ed1 m\u1ec7nh c\u1ee7a tu\u1ed5i n\u00e0y, t\u1eeb \u0111\u00f3 c\u00f3 m\u1ed9t s\u1ed1 \u0111i\u1ec1u ch\u1ec9nh \u0111\u1ec3 c\u00f4ng vi\u1ec7c, cu\u1ed9c s\u1ed1ng tr\u1edf n\u00ean thu\u1eadn l\u1ee3i h\u01a1n. C\u00f9ng Vua [&hellip;]<\/p>\n","protected":false},"author":1,"featured_media":0,"parent":0,"menu_order":2,"comment_status":"closed","ping_status":"closed","template":"elementor_canvas","meta":{"footnotes":""},"class_list":["post-929","page","type-page","status-publish","hentry"],"_links":{"self":[{"href":"https:\/\/zenithspirit.id.vn\/index.php\/wp-json\/wp\/v2\/pages\/929","targetHints":{"allow":["GET"]}}],"collection":[{"href":"https:\/\/zenithspirit.id.vn\/index.php\/wp-json\/wp\/v2\/pages"}],"about":[{"href":"https:\/\/zenithspirit.id.vn\/index.php\/wp-json\/wp\/v2\/types\/page"}],"author":[{"embeddable":true,"href":"https:\/\/zenithspirit.id.vn\/index.php\/wp-json\/wp\/v2\/users\/1"}],"replies":[{"embeddable":true,"href":"https:\/\/zenithspirit.id.vn\/index.php\/wp-json\/wp\/v2\/comments?post=929"}],"version-history":[{"count":4,"href":"https:\/\/zenithspirit.id.vn\/index.php\/wp-json\/wp\/v2\/pages\/929\/revisions"}],"predecessor-version":[{"id":1069,"href":"https:\/\/zenithspirit.id.vn\/index.php\/wp-json\/wp\/v2\/pages\/929\/revisions\/1069"}],"wp:attachment":[{"href":"https:\/\/zenithspirit.id.vn\/index.php\/wp-json\/wp\/v2\/media?parent=929"}],"curies":[{"name":"wp","href":"https:\/\/api.w.org\/{rel}","templated":true}]}}