{"id":939,"date":"2025-12-31T08:25:24","date_gmt":"2025-12-31T08:25:24","guid":{"rendered":"https:\/\/zenithspirit.id.vn\/?page_id=939"},"modified":"2026-01-01T03:25:56","modified_gmt":"2026-01-01T03:25:56","slug":"tuoi-meo","status":"publish","type":"page","link":"https:\/\/zenithspirit.id.vn\/index.php\/tuoi-meo\/","title":{"rendered":"Tu\u1ed5i M\u00e8o"},"content":{"rendered":"\t\t<div data-elementor-type=\"wp-page\" data-elementor-id=\"939\" class=\"elementor elementor-939\">\n\t\t\t\t<div class=\"elementor-element elementor-element-1132cdc e-grid e-con-boxed e-con e-parent\" data-id=\"1132cdc\" data-element_type=\"container\">\n\t\t\t\t\t<div class=\"e-con-inner\">\n\t\t\t\t<div class=\"elementor-element elementor-element-066e71d elementor-view-default elementor-widget elementor-widget-icon\" data-id=\"066e71d\" data-element_type=\"widget\" data-widget_type=\"icon.default\">\n\t\t\t\t\t\t\t<div class=\"elementor-icon-wrapper\">\n\t\t\t<a class=\"elementor-icon\" href=\"https:\/\/zenithspirit.id.vn\/index.php\/12-dia-chi\">\n\t\t\t<svg aria-hidden=\"true\" class=\"e-font-icon-svg e-fas-long-arrow-alt-left\" viewBox=\"0 0 448 512\" xmlns=\"http:\/\/www.w3.org\/2000\/svg\"><path d=\"M134.059 296H436c6.627 0 12-5.373 12-12v-56c0-6.627-5.373-12-12-12H134.059v-46.059c0-21.382-25.851-32.09-40.971-16.971L7.029 239.029c-9.373 9.373-9.373 24.569 0 33.941l86.059 86.059c15.119 15.119 40.971 4.411 40.971-16.971V296z\"><\/path><\/svg>\t\t\t<\/a>\n\t\t<\/div>\n\t\t\t\t\t\t<\/div>\n\t\t\t\t<div class=\"elementor-element elementor-element-40ccee3 elementor-widget elementor-widget-heading\" data-id=\"40ccee3\" data-element_type=\"widget\" data-widget_type=\"heading.default\">\n\t\t\t\t\t<h2 class=\"elementor-heading-title elementor-size-default\">T\u1ed5ng Quan V\u1ec1 M\u00e8o<\/h2>\t\t\t\t<\/div>\n\t\t\t\t\t<\/div>\n\t\t\t\t<\/div>\n\t\t<div class=\"elementor-element elementor-element-4265eaa e-flex e-con-boxed e-con e-parent\" data-id=\"4265eaa\" data-element_type=\"container\">\n\t\t\t\t\t<div class=\"e-con-inner\">\n\t\t<div class=\"elementor-element elementor-element-b300a86 e-con-full e-flex e-con e-child\" data-id=\"b300a86\" data-element_type=\"container\">\n\t\t\t\t<div class=\"elementor-element elementor-element-4f199da elementor-widget elementor-widget-text-editor\" data-id=\"4f199da\" data-element_type=\"widget\" data-widget_type=\"text-editor.default\">\n\t\t\t\t\t\t\t\t\t<h3 style=\"color: #00f3ff;\"><b>1. Gi\u1edbi thi\u1ec7u th\u00f4ng tin v\u1ec1 ng\u01b0\u1eddi tu\u1ed5i M\u00e8o<\/b><\/h3><p>Tu\u1ed5i M\u00e3o c\u00f2n \u0111\u01b0\u1ee3c g\u1ecdi l\u00e0 tu\u1ed5i M\u00e8o, n\u1eb1m \u1edf v\u1ecb tr\u00ed th\u1ee9 t\u01b0 trong danh s\u00e1ch 12 con gi\u00e1p. \u0110\u00e2y l\u00e0 lo\u00e0i v\u1eadt tinh anh, nhanh nh\u1eb9n v\u00e0 th\u00f4ng minh. V\u1eady t\u1eed vi c\u1ee7a ng\u01b0\u1eddi tu\u1ed5i M\u00e3o ra sao? Trong b\u00e0i vi\u1ebft n\u00e0y ch\u00fang ta s\u1ebd c\u00f9ng nhau t\u00ecm hi\u1ec3u v\u1ec1<strong>t\u1eed vi tu\u1ed5i M\u00e3o tr\u1ecdn \u0111\u1eddi<\/strong>: S\u1ef1 nghi\u1ec7p, t\u00e0i v\u1eadn gia \u0111\u1ea1o v\u00e0 s\u1ed1 m\u1ec7nh.<\/p><p>Ng\u01b0\u1eddi tu\u1ed5i M\u00e3o \u0111\u01b0\u1ee3c sao Thi\u00ean H\u1ef7 chi\u1ebfu m\u1ec7nh nh\u1edd \u0111\u00f3 m\u00e0 c\u00f3 ph\u00fac ph\u1eadn t\u1ed1t \u0111\u1eb9p v\u00f4 c\u00f9ng. Trong cu\u1ed9c s\u1ed1ng, ng\u01b0\u1eddi tu\u1ed5i M\u00e3o th\u01b0\u1eddng g\u1eb7p may m\u1eafn b\u1edfi h\u1ecd \u0111\u01b0\u1ee3c qu\u00fd nh\u00e2n ph\u00f9 tr\u1ee3.\u00a0<\/p><p>Con gi\u00e1p n\u00e0y \u0111\u01b0\u1ee3c tr\u1eddi ph\u00fa cho kh\u1ea3 n\u0103ng th\u00f4ng minh, lanh l\u1ee3i. B\u00ean c\u1ea1nh \u0111\u00f3, h\u1ecd c\u00f2n nh\u1eadn \u0111\u01b0\u1ee3c ph\u00fac \u0111\u1ee9c t\u1eeb gia \u0111\u00ecnh v\u00e0 nh\u1edd c\u1eady \u0111\u01b0\u1ee3c nh\u1eefng ng\u01b0\u1eddi th\u00e2n th\u00edch. Tuy nhi\u00ean, tu\u1ed5i M\u00e3o c\u1ea7n ph\u1ea3i ch\u00fa \u00fd v\u00ec b\u00ean c\u1ea1nh hay c\u00f3 ti\u1ec3u nh\u00e2n g\u00e2y ho\u1ea1.\u00a0<\/p><p><span style=\"text-decoration: underline;\">Tu\u1ed5i M\u00e3o l\u00e0 nh\u1eefng ng\u01b0\u1eddi c\u00f3 n\u0103m sinh g\u1ed3m:\u00a0<\/span><\/p><ol><li>Tu\u1ed5i T\u00e2n M\u00e3o: sinh n\u0103m 1951, 2011 thu\u1ed9c m\u1ec7nh M\u1ed9c<\/li><li>Tu\u1ed5i Qu\u00fd M\u00e3o: sinh n\u0103m 1963 thu\u1ed9c m\u1ec7nh Kim<\/li><li>Tu\u1ed5i \u1ea4t M\u00e3o: sinh n\u0103m 1975 thu\u1ed9c m\u1ec7nh Thu\u1ef7<\/li><li>Tu\u1ed5i \u0110inh M\u00e3o: sinh n\u0103m 1987 thu\u1ed9c m\u1ec7nh Ho\u1ea3<\/li><li>Tu\u1ed5i K\u1ef7 M\u00e3o: sinh n\u0103m 1999 thu\u1ed9c m\u1ec7nh Th\u1ed5<\/li><li>Tu\u1ed5i T\u00e2n M\u00e3o 1951-2011 : Thu\u1ed9c M\u1ec7nh M\u1ed9c<\/li><\/ol><h3 style=\"color: #00f3ff;\"><b>2. T\u00ednh c\u00e1ch ng\u01b0\u1eddi tu\u1ed5i M\u00e8o<\/b><\/h3><p>Ng\u01b0\u1eddi tu\u1ed5i M\u00e3o c\u00f3 t\u00ednh c\u00e1ch d\u1ecbu d\u00e0ng v\u00e0 kh\u00e1 nh\u1ea1y c\u1ea3m. H\u1ecd c\u00f3 b\u1ea3n t\u00ednh hi\u1ec1n l\u00e0nh, l\u01b0\u01a1ng thi\u1ec7n v\u00e0 hay gi\u00fap \u0111\u1ee1 ng\u01b0\u1eddi kh\u00e1c. Tuy nhi\u00ean, ch\u00ednh l\u00f2ng th\u01b0\u01a1ng ng\u01b0\u1eddi n\u00e0y c\u1ee7a h\u1ecd l\u1ea1i th\u01b0\u1eddng xuy\u00ean b\u1ecb k\u1ebb x\u1ea5u l\u1ee3i d\u1ee5ng l\u00e0m cho h\u1ecd c\u1ea3m th\u1ea5y b\u1ecb t\u1ed5n th\u01b0\u01a1ng.<\/p><p>Trong 12 con gi\u00e1p, tu\u1ed5i M\u00e3o \u0111\u01b0\u1ee3c cho l\u00e0 cung m\u1ec7nh c\u00f3 t\u00ednh c\u00e1ch nh\u1eb9 nh\u00e0ng nh\u1ea5t. Nh\u1eefng ng\u01b0\u1eddi thu\u1ed9c cung m\u1ec7nh n\u00e0y \u0111\u1ec1u s\u1edf h\u1eefu s\u1ef1 tinh t\u1ebf, bi\u1ebft c\u1ea3m th\u00f4ng v\u00e0 lu\u00f4n quan t\u00e2m chu \u0111\u00e1o \u0111\u1ebfn nh\u1eefng ng\u01b0\u1eddi xung quanh<\/p><p>B\u00ean c\u1ea1nh \u0111\u00f3, ng\u01b0\u1eddi tu\u1ed5i M\u00e3o c\u00f2n r\u1ea5t y\u00eau h\u00f2a b\u00ecnh, h\u1ecd gh\u00e9t b\u1ea1o l\u1ef1c. V\u00ec v\u1eady, h\u1ecd kh\u00f4ng bao gi\u1edd xu\u1ea5t hi\u1ec7n trong nh\u1eefng tr\u1eadn xung \u0111\u1ed9t. Ng\u01b0\u1ee3c l\u1ea1i, \u0111\u1ee9ng tr\u01b0\u1edbc nh\u1eefng t\u00ecnh hu\u1ed1ng c\u0103ng th\u1eb3ng, h\u1ecd lu\u00f4n \u0111i\u1ec1m t\u0129nh v\u00e0 gi\u1ea3i quy\u1ebft v\u1ea5n \u0111\u1ec1.\u00a0<\/p><p>C\u00f3 th\u1ec3 \u0111\u00e1nh gi\u00e1, tu\u1ed5i M\u00e3o l\u00e0 nh\u1eefng ng\u01b0\u1eddi kh\u00e1 kh\u00f4n ngoan v\u00e0 c\u00f3 t\u00e0i nh\u1eadn th\u1ee9c v\u1ec1 nh\u1eefng s\u1ef1 v\u1eadt, hi\u1ec7n t\u01b0\u1ee3ng xung quanh. Do \u0111\u00f3, \u1ea9n s\u00e2u d\u01b0\u1edbi v\u1ebb ngo\u00e0i l\u1ea1nh l\u00f9ng l\u00e0 m\u1ed9t t\u1ea5m l\u00f2ng gi\u00e0u tr\u1eafc \u1ea9n v\u00e0 s\u00e2u s\u1eafc.<\/p><p>B\u00ean c\u1ea1nh \u0111\u00f3, tu\u1ed5i M\u00e3o c\u00f2n l\u00e0 ng\u01b0\u1eddi kh\u00e1 h\u1ee3m h\u0129nh, h\u1ecd th\u00edch ng\u1ed3i l\u00ea \u0111\u00f4i m\u00e1ch v\u00e0 r\u1ea5t kh\u00f3 kh\u0103n trong vi\u1ec7c v\u1ef1c d\u1eady tinh th\u1ea7n m\u1ed7i khi g\u1eb7p ph\u1ea3i nh\u1eefng t\u00ecnh hu\u1ed1ng \u00e9o le.<\/p><p>V\u1ec1 kh\u00ed ch\u1ea5t c\u1ee7a tu\u1ed5i M\u00e3o, h\u1ecd l\u00e0 nh\u1eefng ng\u01b0\u1eddi d\u1ec5 m\u1ee7i l\u00f2ng, hay \u01b0u t\u01b0, th\u1eadm ch\u00ed l\u00e0 mau n\u01b0\u1edbc m\u1eaft. Tuy nhi\u00ean, h\u1ecd c\u0169ng thu\u1ed9c tu\u00fdp ng\u01b0\u1eddi b\u1ea3o th\u1ee7 v\u00e0 kh\u00f4ng bao gi\u1edd h\u00e0nh \u0111\u1ed9ng n\u1ebfu ch\u01b0a ch\u1eafc ch\u1eafn v\u00e0 ch\u01b0a t\u00ednh to\u00e1n thi\u1ec7t h\u01a1n k\u1ef9 c\u00e0ng<\/p><h3 style=\"color: #00f3ff;\"><b>3.T\u00ecnh duy\u00ean c\u1ee7a ng\u01b0\u1eddi tu\u1ed5i M\u00e8o<\/b><\/h3><p>Ng\u01b0\u1eddi tu\u1ed5i M\u00e3o th\u01b0\u1eddng c\u00f3 s\u1ee9c h\u1ea5p d\u1eabn t\u1eeb ch\u00ednh s\u1ef1 h\u00f2a \u0111\u1ed3ng, th\u00e2n thi\u1ec7n, vui v\u1ebb c\u1ee7a h\u1ecd. Do \u0111\u00f3, \u0111\u00f4i khi kh\u00f4ng c\u1ea7n ph\u1ea3i ch\u1ee7 \u0111\u1ed9ng, ng\u01b0\u1eddi tu\u1ed5i M\u00e3o v\u1eabn lu\u00f4n cu\u1ed1n h\u00fat \u0111\u01b0\u1ee3c ng\u01b0\u1eddi kh\u00e1c gi\u1edbi v\u00e0 nh\u1eadn \u0111\u01b0\u1ee3c nhi\u1ec1u l\u1eddi t\u1ecf t\u00ecnh, theo \u0111u\u1ed5i.<\/p><p>B\u00ean c\u1ea1nh \u0111\u00f3, tu\u1ed5i M\u00e3o c\u00f2n s\u1edf h\u1eefu nh\u1eefng t\u00ecnh c\u1ea3m r\u1ea5t phong ph\u00fa, h\u1ecd c\u00f3 nhi\u1ec1u t\u00e2m t\u01b0 v\u00e0 d\u1ec5 ph\u00e1t sinh t\u00ecnh c\u1ea3m. Tuy nhi\u00ean, h\u1ecd c\u0169ng r\u1ea5t d\u1ec5 c\u00e3i c\u1ecd, tranh ch\u1ea5p v\u1edbi n\u1eeda kia c\u1ee7a m\u00ecnh. Do \u0111\u00f3, \u0111\u1ec3 t\u00ecnh c\u1ea3m lu\u00f4n b\u1ec1n ch\u1eb7t ng\u01b0\u1eddi tu\u1ed5i M\u00e3o c\u1ea7n bi\u1ebft ki\u1ec1m ch\u1ebf c\u1ea3m x\u00fac c\u1ee7a m\u00ecnh \u0111\u1ec3 kh\u00f4ng g\u00e2y t\u1ed5n th\u01b0\u01a1ng cho ng\u01b0\u1eddi kh\u00e1c.<\/p><p>Trong cu\u1ed9c s\u1ed1ng h\u00f4n nh\u00e2n, gia ch\u1ee7 tu\u1ed5i M\u00e3o c\u1ea7n l\u01b0u \u00fd \u0111\u1eb7c bi\u1ec7t tr\u00e1nh c\u00e1u gi\u1eadn, tranh ch\u1ea5p to ti\u1ebfng v\u1edbi b\u1ea1n \u0111\u1eddi. \u0110\u1ed3ng th\u1eddi, b\u1ea1n h\u00e3y \u00e1p d\u1ee5ng th\u00eam nh\u1eefng m\u1eb9o phong th\u1ee7y nh\u01b0 ch\u1ecdn ch\u0103n ga h\u1ee3p tu\u1ed5i M\u00e3o \u0111\u1ec3 l\u00e0m gi\u1ea3m c\u00e3i v\u00e3 gi\u1eefa hai v\u1ee3 ch\u1ed3ng, \u0111\u1ea7u gi\u01b0\u1eddng b\u1ea5t h\u00f2a, cu\u1ed1i gi\u01b0\u1eddng l\u00e0m h\u00f2a.<\/p><p>V\u1edbi nam gi\u1edbi tu\u1ed5i M\u00e3o, h\u1ecd l\u00e0 nh\u1eefng ng\u01b0\u1eddi \u0111\u00e0n \u00f4ng c\u00f3 quan ni\u1ec7m kh\u00e1 m\u1edbi m\u1ebb trong t\u00ecnh y\u00eau \u0111\u1ed3ng th\u1eddi c\u0169ng c\u00f3 r\u1ea5t nhi\u1ec1u c\u00f4 g\u00e1i mu\u1ed1n theo \u0111u\u1ed5i. V\u1edbi c\u00e1ch n\u00f3i chuy\u1ec7n kh\u00f4n kh\u00e9o, nh\u1eefng ch\u00e0ng trai c\u1ea7m tinh con m\u00e8o nhanh ch\u00f3ng chi\u1ebfm \u0111\u01b0\u1ee3c tr\u00e1i tim c\u1ee7a ph\u00e1i n\u1eef. Tuy nhi\u00ean, khi \u0111\u1ed1i ph\u01b0\u01a1ng mu\u1ed1n tr\u00f3i ch\u00e2n h\u1ecd b\u1eb1ng m\u1ed9t t\u00ecnh y\u00eau \u0111\u00edch th\u1ef1c th\u00ec h\u1ecd s\u1ebd bi\u1ebfn m\u1ea5t kh\u00f4ng d\u1ea5u v\u1ebft.<\/p><p>V\u1edbi n\u1eef gi\u1edbi tu\u1ed5i M\u00e3o, trong t\u00ecnh y\u00eau, h\u1ecd l\u00e0 ng\u01b0\u1eddi con g\u00e1i thu\u1ea7n khi\u1ebft, c\u00f3 t\u00ednh c\u00e1ch \u00f4n ho\u00e0, chu \u0111\u00e1o v\u00e0 s\u1edf h\u1eefu b\u1ed9 nguy\u00ean t\u1eafc ri\u00eang trong vi\u1ec7c l\u1ef1a ch\u1ecdn t\u00ecnh y\u00eau cho cu\u1ed9c \u0111\u1eddi c\u1ee7a m\u00ecnh. H\u1ecd s\u1ebd kh\u00f4ng bao gi\u1edd \u0111\u1ebfn v\u1edbi ng\u01b0\u1eddi m\u00e0 kh\u00f4ng c\u00f3 t\u00ecnh y\u00eau th\u1ef1c s\u1ef1 v\u00e0 c\u0169ng s\u1ebd kh\u00f4ng c\u00f3 b\u1ea5t k\u1ef3 \u0111i\u1ec1u g\u00ec tr\u00f3i bu\u1ed9c \u0111\u01b0\u1ee3c h\u1ecd v\u00e0o m\u1ed9t t\u00ecnh y\u00eau kh\u00f4ng t\u1ef1 nguy\u1ec7n.<\/p><h3 style=\"color: #00f3ff;\"><b>4. S\u1ef1 nghi\u1ec7p c\u1ee7a ng\u01b0\u1eddi tu\u1ed5i M\u00e8o<\/b><\/h3><p>Tr\u00ean con \u0111\u01b0\u1eddng s\u1ef1 nghi\u1ec7p, ng\u01b0\u1eddi tu\u1ed5i M\u00e3o g\u1eb7p kh\u00e1 nhi\u1ec1u may m\u1eafn. \u0110\u1ed3ng th\u1eddi, h\u1ecd c\u0169ng l\u00e0 nh\u1eefng ng\u01b0\u1eddi c\u00f3 ch\u00ed ti\u1ebfn th\u1ee7 \u0111\u00e1ng ng\u01b0\u1ee1ng m\u1ed9. Do \u0111\u00f3, ph\u1ea7n \u0111a ng\u01b0\u1eddi tu\u1ed5i M\u00e3o \u0111\u1ec1u \u0111\u1ea1t \u0111\u01b0\u1ee3c th\u00e0nh c\u00f4ng tr\u00ean c\u1ea3 con \u0111\u01b0\u1eddng th\u01b0\u01a1ng tr\u01b0\u1eddng l\u1eabn quan tr\u01b0\u1eddng.<\/p><p>Tu\u1ed5i M\u00e3o l\u00e0 con ng\u01b0\u1eddi t\u00e0i gi\u1ecfi v\u00e0 bi\u1ebft n\u1eafm b\u1eaft th\u1eddi c\u01a1 c\u0169ng nh\u01b0 bi\u1ebft ch\u1edd \u0111\u1ee3i c\u01a1 h\u1ed9i t\u1edbi \u0111\u1ec3 \u0111\u1ea1t \u0111\u01b0\u1ee3c nh\u1eefng m\u1ee5c \u0111\u00edch cao c\u1ea3 c\u1ee7a m\u00ecnh. Tuy nhi\u00ean, \u0111\u1ec3 con \u0111\u01b0\u1eddng s\u1ef1 nghi\u1ec7p hanh th\u00f4ng, thu\u1eadn l\u1ee3i nh\u1ea5t, ng\u01b0\u1eddi tu\u1ed5i M\u00e3o c\u0169ng c\u1ea7n ph\u1ea3i bi\u1ebft kh\u1eafc ph\u1ee5c nh\u1eefng khuy\u1ebft \u0111i\u1ec3m sau:<\/p><ul><li>Khi g\u1eb7p kh\u00f3 kh\u0103n, h\u1ecd th\u01b0\u1eddng c\u1ea3m th\u1ea5y n\u1ea3n ch\u00ed. V\u00ec v\u1eady, tu\u1ed5i M\u00e3o c\u1ea7n r\u00e8n luy\u1ec7n \u00fd ch\u00ed ki\u00ean tr\u00ec c\u00f9ng l\u00f2ng can \u0111\u1ea3m d\u00e1m ngh\u0129 d\u00e1m l\u00e0m.<\/li><li>Lu\u00f4n ki\u00ean \u0111\u1ecbnh v\u1edbi m\u1ee5c ti\u00eau \u0111\u00e3 \u0111\u1eb7t ra ban \u0111\u1ea7u, kh\u00f4ng \u0111\u1ee9ng n\u00fai n\u00e0y tr\u00f4ng n\u00fai n\u1ecd.<\/li><li>Kh\u00f4ng sa \u0111\u00e0 v\u00e0o th\u00f3i quen s\u1ed1ng h\u01b0\u1edfng th\u1ee5, lo\u1ea1i b\u1ecf t\u01b0 t\u01b0\u1edfng h\u01b0 vinh.<\/li><li>Kh\u1eafc ph\u1ee5c t\u00ednh c\u00e1ch ch\u1ee7 quan, quan li\u00ean c\u00f9ng t\u00ednh d\u1ec5 tin ng\u01b0\u1eddi c\u1ee7a m\u00ecnh \u0111\u1ec3 kh\u00f4ng r\u01b0\u1edbc h\u1ecda v\u00e0o th\u00e2<\/li><\/ul><p>\u00a0<\/p><h3 style=\"color: #00f3ff;\"><b>5. \u00a0tu\u1ed5i M\u00e3o tr\u1ecdn \u0111\u1eddi \u1ee9ng v\u1edbi v\u1eadn m\u1ec7nh<\/b><\/h3><p>V\u1eadn m\u1ec7nh c\u1ee7a ng\u01b0\u1eddi tu\u1ed5i M\u00e3o theo th\u00e1ng sinh \u0111\u01b0\u1ee3c t\u1ed5ng h\u1ee3p nh\u01b0 sau:<\/p><ul><li>Sinh th\u00e1ng Gi\u00eang: ng\u01b0\u1eddi c\u00f3 t\u00ednh t\u00ecnh l\u01b0\u01a1ng thi\u1ec7n l\u1ea1i d\u1ec5 tin ng\u01b0\u1eddi n\u00ean \u0111\u00f4i khi b\u1ecb l\u1ee3i d\u1ee5ng l\u00f2ng t\u1ed1t. H\u1ecd ph\u1ea3i tr\u1ea3i qua nhi\u1ec1u cay \u0111\u1eafng, v\u1ea5t v\u1ea3 \u0111\u1ebfn sau n\u00e0y m\u1edbi \u0111\u01b0\u1ee3c h\u01b0\u1edfng nhi\u1ec1u ph\u00fac l\u1ed9c.<\/li><li>Sinh th\u00e1ng hai: Cu\u1ed9c \u0111\u1eddi c\u1ee7a h\u1ecd c\u00f3 nhi\u1ec1u th\u0103ng tr\u1ea7m. C\u00f3 l\u00fac s\u1ef1 nghi\u1ec7p l\u00ean nh\u01b0 di\u1ec1u g\u1eb7p gi\u00f3 nh\u01b0ng \u0111\u00f4i khi c\u0169ng g\u1eb7p ph\u1ea3i nhi\u1ec1u th\u1ea5t b\u1ea1i.<\/li><li>Sinh th\u00e1ng ba: H\u1ecd l\u00e0 ng\u01b0\u1eddi th\u00f4ng minh, s\u1eafc s\u1ea3o, c\u00f3 \u00fd ch\u00ed l\u1edbn v\u00e0 c\u00f3 th\u1ec3 t\u1ef1 th\u00e2n l\u1eadp nghi\u1ec7p.<\/li><\/ul><p>\u00a0<\/p><p>.<\/p>\t\t\t\t\t\t\t\t<\/div>\n\t\t\t\t<div class=\"elementor-element elementor-element-277efcd tahefobu-main-menu-align-left tahefobu-main-menu-align--tabletleft tahefobu-main-menu-align--mobileleft tahefobu-sub-icon-caret-down tahefobu-nav-menu-bp-mobile tahefobu-mobile-menu-full-width tahefobu-mobile-menu-item-align-center tahefobu-mobile-toggle-v1 tahefobu-sub-divider-yes tahefobu-mobile-divider-yes elementor-widget elementor-widget-tahefobu-navigation-menu\" data-id=\"277efcd\" data-element_type=\"widget\" data-widget_type=\"tahefobu-navigation-menu.default\">\n\t\t\t\t<div class=\"elementor-widget-container\">\n\t\t\t\t\t<nav class=\"tahefobu-nav-menu-container tahefobu-nav-menu-horizontal\" data-trigger=\"hover\"><ul id=\"menu-1-277efcd\" class=\"tahefobu-nav-menu\"><li class=\"menu-item menu-item-type-post_type menu-item-object-page menu-item-852\"><a href=\"https:\/\/zenithspirit.id.vn\/index.php\/12-dia-chi\/\" class=\"tahefobu-menu-item tahefobu-pointer-item\">12-\u0110\u1ecaA CHI<\/a><\/li>\n<li class=\"menu-item menu-item-type-post_type menu-item-object-page menu-item-853\"><a href=\"https:\/\/zenithspirit.id.vn\/index.php\/about-zenith\/\" class=\"tahefobu-menu-item tahefobu-pointer-item\">ABOUT ZENITH<\/a><\/li>\n<li class=\"menu-item menu-item-type-post_type menu-item-object-page menu-item-1172\"><a href=\"https:\/\/zenithspirit.id.vn\/index.php\/12-cung-hd\/\" class=\"tahefobu-menu-item tahefobu-pointer-item\">12 Cung HD<\/a><\/li>\n<\/ul><\/nav><nav class=\"tahefobu-mobile-nav-menu-container\"><div class=\"tahefobu-mobile-toggle-wrap\"><div class=\"tahefobu-mobile-toggle\"><span class=\"tahefobu-mobile-toggle-line\"><\/span><span class=\"tahefobu-mobile-toggle-line\"><\/span><span class=\"tahefobu-mobile-toggle-line\"><\/span><\/div><\/div><ul id=\"mobile-menu-2-277efcd\" class=\"tahefobu-mobile-nav-menu\"><li class=\"menu-item menu-item-type-post_type menu-item-object-page menu-item-852\"><a href=\"https:\/\/zenithspirit.id.vn\/index.php\/12-dia-chi\/\" class=\"tahefobu-mobile-menu-item\">12-\u0110\u1ecaA CHI<\/a><\/li>\n<li class=\"menu-item menu-item-type-post_type menu-item-object-page menu-item-853\"><a href=\"https:\/\/zenithspirit.id.vn\/index.php\/about-zenith\/\" class=\"tahefobu-mobile-menu-item\">ABOUT ZENITH<\/a><\/li>\n<li class=\"menu-item menu-item-type-post_type menu-item-object-page menu-item-1172\"><a href=\"https:\/\/zenithspirit.id.vn\/index.php\/12-cung-hd\/\" class=\"tahefobu-mobile-menu-item\">12 Cung HD<\/a><\/li>\n<\/ul><\/nav>\t\t\t\t<\/div>\n\t\t\t\t<\/div>\n\t\t\t\t<\/div>\n\t\t\t\t\t<\/div>\n\t\t\t\t<\/div>\n\t\t\t\t<\/div>\n\t\t","protected":false},"excerpt":{"rendered":"<p>T\u1ed5ng Quan V\u1ec1 M\u00e8o 1. Gi\u1edbi thi\u1ec7u th\u00f4ng tin v\u1ec1 ng\u01b0\u1eddi tu\u1ed5i M\u00e8o Tu\u1ed5i M\u00e3o c\u00f2n \u0111\u01b0\u1ee3c g\u1ecdi l\u00e0 tu\u1ed5i M\u00e8o, n\u1eb1m \u1edf v\u1ecb tr\u00ed th\u1ee9 t\u01b0 trong danh s\u00e1ch 12 con gi\u00e1p. \u0110\u00e2y l\u00e0 lo\u00e0i v\u1eadt tinh anh, nhanh nh\u1eb9n v\u00e0 th\u00f4ng minh. V\u1eady t\u1eed vi c\u1ee7a ng\u01b0\u1eddi tu\u1ed5i M\u00e3o ra sao? Trong b\u00e0i [&hellip;]<\/p>\n","protected":false},"author":1,"featured_media":0,"parent":0,"menu_order":0,"comment_status":"closed","ping_status":"closed","template":"elementor_canvas","meta":{"footnotes":""},"class_list":["post-939","page","type-page","status-publish","hentry"],"_links":{"self":[{"href":"https:\/\/zenithspirit.id.vn\/index.php\/wp-json\/wp\/v2\/pages\/939","targetHints":{"allow":["GET"]}}],"collection":[{"href":"https:\/\/zenithspirit.id.vn\/index.php\/wp-json\/wp\/v2\/pages"}],"about":[{"href":"https:\/\/zenithspirit.id.vn\/index.php\/wp-json\/wp\/v2\/types\/page"}],"author":[{"embeddable":true,"href":"https:\/\/zenithspirit.id.vn\/index.php\/wp-json\/wp\/v2\/users\/1"}],"replies":[{"embeddable":true,"href":"https:\/\/zenithspirit.id.vn\/index.php\/wp-json\/wp\/v2\/comments?post=939"}],"version-history":[{"count":7,"href":"https:\/\/zenithspirit.id.vn\/index.php\/wp-json\/wp\/v2\/pages\/939\/revisions"}],"predecessor-version":[{"id":948,"href":"https:\/\/zenithspirit.id.vn\/index.php\/wp-json\/wp\/v2\/pages\/939\/revisions\/948"}],"wp:attachment":[{"href":"https:\/\/zenithspirit.id.vn\/index.php\/wp-json\/wp\/v2\/media?parent=939"}],"curies":[{"name":"wp","href":"https:\/\/api.w.org\/{rel}","templated":true}]}}