{"id":949,"date":"2025-12-31T08:41:52","date_gmt":"2025-12-31T08:41:52","guid":{"rendered":"https:\/\/zenithspirit.id.vn\/?page_id=949"},"modified":"2026-01-01T03:27:05","modified_gmt":"2026-01-01T03:27:05","slug":"tuoi-rong","status":"publish","type":"page","link":"https:\/\/zenithspirit.id.vn\/index.php\/tuoi-rong\/","title":{"rendered":"Tu\u1ed5i R\u1ed3ng"},"content":{"rendered":"\t\t<div data-elementor-type=\"wp-page\" data-elementor-id=\"949\" class=\"elementor elementor-949\">\n\t\t\t\t<div class=\"elementor-element elementor-element-1132cdc e-grid e-con-boxed e-con e-parent\" data-id=\"1132cdc\" data-element_type=\"container\">\n\t\t\t\t\t<div class=\"e-con-inner\">\n\t\t\t\t<div class=\"elementor-element elementor-element-066e71d elementor-view-default elementor-widget elementor-widget-icon\" data-id=\"066e71d\" data-element_type=\"widget\" data-widget_type=\"icon.default\">\n\t\t\t\t\t\t\t<div class=\"elementor-icon-wrapper\">\n\t\t\t<a class=\"elementor-icon\" href=\"https:\/\/zenithspirit.id.vn\/index.php\/12-dia-chi\">\n\t\t\t<svg aria-hidden=\"true\" class=\"e-font-icon-svg e-fas-long-arrow-alt-left\" viewBox=\"0 0 448 512\" xmlns=\"http:\/\/www.w3.org\/2000\/svg\"><path d=\"M134.059 296H436c6.627 0 12-5.373 12-12v-56c0-6.627-5.373-12-12-12H134.059v-46.059c0-21.382-25.851-32.09-40.971-16.971L7.029 239.029c-9.373 9.373-9.373 24.569 0 33.941l86.059 86.059c15.119 15.119 40.971 4.411 40.971-16.971V296z\"><\/path><\/svg>\t\t\t<\/a>\n\t\t<\/div>\n\t\t\t\t\t\t<\/div>\n\t\t\t\t<div class=\"elementor-element elementor-element-40ccee3 elementor-widget elementor-widget-heading\" data-id=\"40ccee3\" data-element_type=\"widget\" data-widget_type=\"heading.default\">\n\t\t\t\t\t<h2 class=\"elementor-heading-title elementor-size-default\">T\u1ed5ng Quan V\u1ec1 R\u1ed3ng<\/h2>\t\t\t\t<\/div>\n\t\t\t\t\t<\/div>\n\t\t\t\t<\/div>\n\t\t<div class=\"elementor-element elementor-element-4265eaa e-flex e-con-boxed e-con e-parent\" data-id=\"4265eaa\" data-element_type=\"container\">\n\t\t\t\t\t<div class=\"e-con-inner\">\n\t\t<div class=\"elementor-element elementor-element-b300a86 e-con-full e-flex e-con e-child\" data-id=\"b300a86\" data-element_type=\"container\">\n\t\t\t\t<div class=\"elementor-element elementor-element-4f199da elementor-widget elementor-widget-text-editor\" data-id=\"4f199da\" data-element_type=\"widget\" data-widget_type=\"text-editor.default\">\n\t\t\t\t\t\t\t\t\t<h3 style=\"color: #00f3ff;\"><b>1. Gi\u1edbi thi\u1ec7u th\u00f4ng tin v\u1ec1 ng\u01b0\u1eddi tu\u1ed5i Th\u00ecn (R\u1ed3ng)<\/b><\/h3>\n<p>Trong d\u00e2n gian x\u01b0a, R\u1ed3ng l\u00e0 linh v\u1eadt th\u1ec3 hi\u1ec7n cho quy\u1ec1n uy, \u0111\u1ea1i di\u1ec7n cho s\u1ee9c m\u1ea1nh phi th\u01b0\u1eddng, cao qu\u00fd \u0111\u01b0\u1ee3c ng\u01b0\u1eddi d\u00e2n t\u00f4n k\u00ednh. Theo t\u1eed vi tu\u1ed5i Th\u00ecn, trong 12 con gi\u00e1p, nh\u1eefng ng\u01b0\u1eddi tu\u1ed5i R\u1ed3ng lu\u00f4n \u0111\u01b0\u1ee3c \u0111\u00e1nh gi\u00e1 cao b\u1edfi s\u1ef1 th\u00f4ng minh, lanh l\u1ee3i, t\u00e0i tr\u00ed h\u01a1n ng\u01b0\u1eddi, lu\u00f4n c\u00f3 \u0111\u01b0\u1ee3c th\u00e0nh c\u00f4ng trong cu\u1ed9c s\u1ed1ng v\u00e0 \u0111\u01b0\u1ee3c m\u1ecdi ng\u01b0\u1eddi t\u00f4n tr\u1ecdng.<\/p>\n<p>Nh\u1eefng ng\u01b0\u1eddi tu\u1ed5i Th\u00ecn trong cu\u1ed9c \u0111\u1eddi g\u1eb7p nhi\u1ec1u qu\u00fd nh\u00e2n ph\u00f9 tr\u1ee3, lu\u00f4n c\u00f3 ho\u00e0i b\u00e3o l\u1edbn, s\u1ef1 nghi\u1ec7p c\u00f4ng th\u00e0nh danh to\u1ea1i, cu\u1ed9c s\u1ed1ng h\u1ea1nh ph\u00fac \u1ea5m \u00eam, g\u1eb7p nhi\u1ec1u may m\u1eafn trong cu\u1ed9c \u0111\u1eddi.<\/p>\n<p><span style=\"text-decoration: underline;\">Tu\u1ed5i R\u00f4ngf l\u00e0 nh\u1eefng ng\u01b0\u1eddi c\u00f3 n\u0103m sinh g\u1ed3m:&nbsp;<\/span><\/p>\n<ol>\n<li>Nh\u00e2m Th\u00ecn: 1952 \u2013 2012<\/li>\n<li>Canh Th\u00ecn: 1940 \u2013 2000<\/li>\n<li>M\u1eadu Th\u00ecn: 1928 \u2013 1988<\/li>\n<li>B\u00ednh Th\u00ecn: 1916 \u2013 1976<\/li>\n<li>Gi\u00e1p Th\u00ecn: 1904 \u2013 1964<\/li>\n<\/ol>\n<p>Trong t\u1eed vi tu\u1ed5i Th\u00ecn, h\u1ecd l\u00e0 ng\u01b0\u1eddi lu\u00f4n c\u00f3 n\u0103ng l\u01b0\u1ee3ng d\u1ed3i d\u00e0o, v\u1ebb b\u1ec1 ngo\u00e0i lu\u00f4n to\u00e1t l\u00ean kh\u00ed ph\u00e1ch oai h\u00f9ng, cao sang, nh\u01b0ng \u1ea9n trong \u0111\u00f3 l\u00e0 s\u1ef1 th\u1eadt th\u00e0, y\u00eau th\u01b0\u01a1ng m\u1ecdi ng\u01b0\u1eddi xung quanh<\/p>\n<h3 style=\"color: #00f3ff;\"><b>2. T\u00ednh c\u00e1ch T\u1ed5ng qu\u00e1t ng\u01b0\u1eddi tu\u1ed5i R\u1ed3ng.<\/b><\/h3>\n<p>Nh\u1eefng ng\u01b0\u1eddi tu\u1ed5i n\u00e0y ngay t\u1eeb khi c\u00f2n nh\u1ecf \u0111\u00e3 l\u00e0 \u0111\u1ee9a tr\u1ebb lanh l\u1ee3i, th\u00edch kh\u00e1m ph\u00e1 v\u00e0 r\u1ea5t hi\u1ebfu \u0111\u1ed9ng, ham h\u1ecdc h\u1ecfi. Khi tr\u01b0\u1edfng th\u00e0nh, h\u1ecd l\u00e0 ng\u01b0\u1eddi th\u00f4ng minh, t\u00e0i tr\u00ed h\u01a1n ng\u01b0\u1eddi, lu\u00f4n c\u00f3 kh\u00e1t v\u1ecdng v\u01b0\u01a1n l\u00ean m\u1ea1nh m\u1ebd, chinh ph\u1ee5c th\u1eed th\u00e1ch, c\u00e0ng kh\u00f3 kh\u0103n l\u1ea1i c\u00e0ng th\u1ec3 hi\u1ec7n \u0111\u01b0\u1ee3c ph\u1ea9m ch\u1ea5t ng\u01b0\u1eddi tu\u1ed5i R\u1ed3ng.&nbsp;<\/p>\n<p>Ng\u01b0\u1eddi tu\u1ed5i Th\u00ecn lu\u00f4n c\u00f3 ho\u00e0i b\u00e3o c\u0169ng nh\u01b0 tham v\u1ecdng l\u1edbn, h\u1ecd mu\u1ed1n v\u01b0\u01a1n l\u00ean b\u1ea7u tr\u1eddi \u0111\u1ec3 th\u1ecfa s\u1ee9c v\u1eaby v\u00f9ng, t\u00ecm \u0111\u1ebfn nh\u1eefng th\u1eed th\u00e1ch, ch\u1ee9 kh\u00f4ng mu\u1ed1n b\u00f3 bu\u1ed9c trong m\u1ed9t kh\u00f4ng gian h\u1eb9p. H\u1ecd lu\u00f4n ph\u1ea5n \u0111\u1ea5u \u0111\u1ec3 bi\u1ebfn m\u1ee5c ti\u00eau c\u0169ng nh\u01b0 \u01b0\u1edbc m\u01a1 tr\u1edf th\u00e0nh hi\u1ec7n th\u1ef1c.<\/p>\n<p>Nh\u1eefng ng\u01b0\u1eddi sinh n\u0103m Th\u00ecn l\u00e0 nh\u1eefng ng\u01b0\u1eddi kh\u00f4ng bao gi\u1edd d\u1ec5 d\u00e0ng ch\u1ecbu khu\u1ea5t ph\u1ee5c tr\u01b0\u1edbc ai, kh\u00e1t v\u1ecdng kh\u1eb3ng \u0111\u1ecbnh b\u1ea3n th\u00e2n lu\u00f4n r\u1ef1c ch\u00e1y trong h\u1ecd. H\u1ecd th\u01b0\u1eddng b\u1ecb thu h\u00fat b\u1edfi quy\u1ec1n l\u1ef1c, danh v\u1ecdng v\u00e0 cu\u1ed9c s\u1ed1ng gi\u00e0u sang.<\/p>\n<p>Trong s\u1ef1 nghi\u1ec7p h\u1ecd v\u1ea1ch ra nh\u1eefng m\u1ee5c ti\u00eau r\u00f5 r\u00e0ng v\u00e0 th\u1ef1c hi\u1ec7n \u0111\u1ec3 \u0111\u1ea1t \u0111\u01b0\u1ee3c n\u00f3. D\u00f9 g\u1eb7p kh\u00f3 kh\u0103n hay th\u1ea5t b\u1ea1i nh\u01b0ng h\u1ecd kh\u00f4ng bao gi\u1edd nh\u1ee5t ch\u00ed lu\u00f4n bi\u1ebft c\u00e1ch \u0111\u1ee9ng l\u00ean v\u00e0 v\u01b0\u1ee3t qua \u0111\u01b0\u1ee3c.<\/p>\n<p>Tu\u1ed5i R\u1ed3ng x\u1eed l\u00fd c\u00e1c v\u1ea5n \u0111\u1ec1 trong cu\u1ed9c s\u1ed1ng r\u1ea5t quy\u1ebft \u0111o\u00e1n, m\u1ea1nh m\u1ebd, c\u00f4ng t\u01b0 ph\u00e2n minh, s\u1ebd kh\u00f4ng \u0111\u1ec3 vi\u1ec7c ri\u00eang \u1ea3nh h\u01b0\u1edbng \u0111\u1ebfn c\u00f4ng vi\u1ec7c chung. Vi\u1ec7c t\u1ef1 t\u1ef1 tin th\u00e1i qu\u00e1, \u0111\u00f4i l\u00fac c\u0169ng l\u00e0 \u0111i\u1ec3m y\u1ebfu c\u1ee7a h\u1ecd, khi\u1ebfn h\u1ecd g\u1eb7p \u0111\u00f4i ch\u00fat kh\u00f3 kh\u0103n. Ng\u01b0\u1eddi tu\u1ed5i Th\u00ecn d\u1ec5 n\u1ed5i n\u00f3ng nh\u01b0ng kh\u00f4ng bao gi\u1edd \u00f4m h\u1eadn th\u00f9 trong l\u00f2ng lu\u00f4n bao dung v\u00e0 tha th\u1ee9 cho ng\u01b0\u1eddi kh\u00e1c. V\u00ec v\u1eady cu\u1ed9c s\u1ed1ng c\u1ee7a h\u1ecd r\u1ea5t ung dung, l\u1ea1c quan v\u00e0 y\u00eau \u0111\u1eddi.<\/p>\n<p>H\u1ecd c\u00f3 th\u1ec3 quy\u1ebft \u0111o\u00e1n, nghi\u00eam t\u00fac trong c\u00f4ng vi\u1ec7c hay nh\u1eefng chuy\u1ec7n l\u1edbn trong cu\u1ed9c s\u1ed1ng nh\u01b0ng khi n\u00f3i chuy\u1ec7n hay vui ch\u01a1i v\u1edbi b\u1ea1n b\u00e8, h\u1ecd c\u0169ng th\u1ec3 hi\u1ec7n m\u00ecnh l\u00e0 ng\u01b0\u1eddi r\u1ea5t h\u00f2a \u0111\u1ed3ng, tho\u1ea3i m\u00e1i v\u1edbi m\u1ecdi ng\u01b0\u1eddi xung quanh.<\/p>\n<p>Theo t\u1eed vi tu\u1ed5i Th\u00ecn, ph\u1ee5 n\u1eef sinh n\u0103m Th\u00ecn c\u00f3 t\u00ednh gi\u1ea3n d\u1ecb, \u0103n m\u1eb7c b\u00ecnh th\u01b0\u1eddng kh\u00f4ng qu\u00e1 l\u1ed9ng l\u1eaby, th\u00edch s\u1ef1 tho\u1ea3i m\u00e1i, \u0111\u1ed9c l\u1eadp, b\u00ecnh \u0111\u1eb3ng trong cu\u1ed9c s\u1ed1ng. H\u1ecd c\u0169ng l\u00e0 nh\u1eefng ng\u01b0\u1eddi r\u1ea5t y\u00eau th\u01b0\u01a1ng m\u1ecdi ng\u01b0\u1eddi, th\u00edch l\u00e0m vi\u1ec7c thi\u1ec7n gi\u00fap \u0111\u1ee1 nh\u1eefng ng\u01b0\u1eddi kh\u00f3 kh\u0103n h\u01a1n.<\/p>\n<p>\u0110\u00e0n \u00f4ng tu\u1ed5i th\u00ecn c\u00f3 nhi\u1ec1u tham v\u1ecdng v\u00e0 ho\u00e0i b\u00e3o l\u1edbn, lu\u00f4n mu\u1ed1n chinh ph\u1ee5c nh\u1eefng kh\u00f3 kh\u0103n \u0111\u1ec3 \u0111\u1ea1t \u0111\u1ebfn \u0111\u1ec9nh cao. Nam tu\u1ed5i Th\u00ecn th\u00edch giao ti\u1ebfp, t\u1ea1o m\u1ed1i quan h\u1ec7 m\u1edbi v\u00e0 lu\u00f4n s\u1ed1ng r\u1ea5t th\u1ef1c t\u1ebf. \u1ede c\u00e1c anh ch\u00e0ng tu\u1ed5i Th\u00ecn lu\u00f4n c\u00f3 s\u1ef1 nhi\u1ec7t huy\u1ebft, v\u00e0 tin t\u01b0\u1edfng v\u00e0o b\u1ea3n th\u00e2n. H\u1ecd l\u00e0 nh\u1eefng ng\u01b0\u1eddi r\u1ea5t n\u0103ng \u0111\u1ed9ng trong m\u1ecdi l\u0129nh v\u1ef1c m\u00ecnh tham gia.<\/p>\n<p>Ng\u01b0\u1eddi tu\u1ed5i Th\u00ecn lu\u00f4n n\u1ed5i tr\u1ed9i h\u01a1n ng\u01b0\u1eddi kh\u00e1c \u1edf s\u1ef1 th\u00f4ng minh, lanh l\u1ee3i r\u1ea5t gi\u1ecfi trong vi\u1ec7c l\u00e3nh \u0111\u1ea1o. H\u1ecd c\u00f3 \u0111\u1ea7u \u00f3c nh\u1ea1y b\u00e9n, s\u1eafc s\u1ea3o, lu\u00f4n \u0111\u01b0a ra nh\u1eefng \u00fd t\u01b0\u1edfng to l\u1edbn, v\u00e0 c\u1ed1 g\u1eafng th\u1ef1c hi\u1ec7n cho b\u1eb1ng \u0111\u01b0\u1ee3c. Ch\u00ednh v\u00ec v\u1eady th\u00e0nh qu\u1ea3 h\u1ecd \u0111\u1ea1t \u0111\u01b0\u1ee3c l\u00e0 s\u1ef1 gi\u00e0u sang, ph\u00fa qu\u00fd \u0111\u01b0\u1ee3c ng\u01b0\u1eddi kh\u00e1c n\u1ec3 ph\u1ee5c. \u0110\u1ed1i v\u1edbi h\u1ecd kh\u00f4ng g\u00ec l\u00e0 kh\u00f4ng th\u1ec3, th\u1eed th\u00e1ch ch\u1ec9 l\u00e0m h\u1ecd th\u00eam m\u1ea1nh m\u1ebd, quy\u1ebft \u0111o\u00e1n h\u01a1n m\u00e0 th\u00f4i.<\/p>\n<h3 style=\"color: #00f3ff;\"><b>3. T\u00ecnh duy\u00ean c\u1ee7a ng\u01b0\u1eddi tu\u1ed5i&nbsp; R\u1ed3ng<\/b><\/h3>\n<p>Ng\u01b0\u1eddi tu\u1ed5i th\u00ecn c\u00f3 s\u1ee9c h\u00fat r\u1ea5t l\u1edbn v\u1edbi ng\u01b0\u1eddi kh\u00e1c gi\u1edbi. Nh\u01b0ng h\u1ecd th\u01b0\u1eddng t\u1ecf ra ki\u00eau ng\u1ea1o, th\u00edch ng\u01b0\u1eddi kh\u00e1c theo \u0111u\u1ed5i v\u00e0 kh\u00f4ng ch\u1ee7 \u0111\u1ed9ng tr\u01b0\u1edbc trong t\u00ecnh y\u00eau. M\u1ed9t khi \u0111\u00e3 y\u00eau ai th\u00ec t\u00ecnh h\u1ecd d\u00e0nh t\u00ecnh c\u1ea3m cho \u0111\u1ed1i ph\u01b0\u01a1ng r\u1ea5t ch\u00e2n th\u00e0nh v\u00e0 lu\u00f4n nghi\u00eam t\u00fac trong chuy\u1ec7n t\u00ecnh c\u1ea3m.<\/p>\n<p>Khi l\u1ef1a ch\u1ecdn ng\u01b0\u1eddi y\u00eau, h\u1ecd th\u01b0\u1eddng y\u00eau c\u1ea7u r\u1ea5t cao, \u0111\u00f3 ph\u1ea3i l\u00e0 nh\u1eefng ng\u01b0\u1eddi th\u00f4ng minh, t\u00e0i gi\u1ecfi, h\u00e0i h\u01b0\u1edbc, h\u1ee3p v\u1edbi t\u00ednh c\u00e1ch c\u1ee7a h\u1ecd. N\u00ean chuy\u1ec7n t\u00ecnh duy\u00ean c\u1ee7a h\u1ecd th\u01b0\u1eddng kh\u00f4ng m\u1ea5y su\u00f4n s\u1ebb. V\u1edbi t\u00ednh c\u00e1ch \u0111\u1ed9c l\u1eadp, m\u1ea1nh m\u1ebd c\u1ee7a m\u00ecnh, th\u00ec n\u1ebfu chuy\u1ec7n t\u00ecnh c\u1ea3m kh\u00f4ng \u0111\u01b0\u1ee3c tr\u1ecdn v\u1eb9n, h\u1ecd c\u0169ng d\u1ec5 d\u00e0ng v\u01b0\u1ee3t qua.<\/p>\n<h3 style=\"color: #00f3ff;\"><b>4. Tu\u1ed5i R\u1ed3ng tr\u1ecdn \u0111\u1eddi \u1ee9ng v\u1edbi v\u1eadn m\u1ec7nh<\/b><\/h3>\n<p>Trong h\u1ecdc thuy\u1ebft ng\u0169 h\u00e0nh, th\u1ebf gi\u1edbi \u0111\u01b0\u1ee3c t\u1ea1o b\u1edfi 5 y\u1ebfu t\u1ed1 Kim, M\u1ed9c, Th\u1ee7y, H\u1ecfa, Th\u1ed5. Ng\u01b0\u1eddi tu\u1ed5i Th\u00ecn \u0111\u01b0\u1ee3c cho l\u00e0 thu\u1ed9c m\u1ec7nh M\u1ed9c. M\u1ec7nh m\u1ed9c l\u00e0 nh\u1eefng ng\u01b0\u1eddi t\u00e0i gi\u1ecfi, khi\u00eam t\u1ed1n, h\u1ecd l\u00e0 nh\u1eefng ng\u01b0\u1eddi h\u01b0\u1edbng ngo\u1ea1i n\u00ean r\u1ea5t th\u00edch giao ti\u1ebfp, m\u1edf r\u1ed9ng c\u00e1c m\u1ed1i quan h\u1ec7 x\u00e3 h\u1ed9i.<\/p>\n<p>Nh\u1eefng ng\u01b0\u1eddi sinh n\u0103m Th\u00ecn kh\u00f4ng qu\u00e1 b\u1ea3o th\u1ee7, c\u1ed1 ch\u1ea5p, h\u1ecd lu\u00f4n l\u1eafng nghe s\u1ef1 \u0111\u00e1nh gi\u00e1 \u0111\u1ebfn t\u1eeb ng\u01b0\u1eddi kh\u00e1c, s\u1eb5n s\u00e0ng nh\u1eadn l\u1ed7i v\u00e0 s\u1eeda sai n\u00ean th\u01b0\u1eddng m\u1ecdi ng\u01b0\u1eddi t\u00f4n tr\u1ecdng v\u00e0 qu\u00fd m\u1ebfn.<\/p>\n<p>Theo quan h\u1ec7 t\u01b0\u01a1ng sinh, t\u01b0\u01a1ng kh\u1eafc th\u00ec m\u1ec7nh M\u1ed9c s\u1ebd h\u1ee3p v\u1edbi m\u1ec7nh H\u1ecfa, Th\u1ee7y v\u00e0 kh\u1eafc v\u1edbi Th\u1ed5 v\u00e0 Kim<\/p>\n<p>.<\/p>\t\t\t\t\t\t\t\t<\/div>\n\t\t\t\t<div class=\"elementor-element elementor-element-277efcd tahefobu-main-menu-align-left tahefobu-main-menu-align--tabletleft tahefobu-main-menu-align--mobileleft tahefobu-sub-icon-caret-down tahefobu-nav-menu-bp-mobile tahefobu-mobile-menu-full-width tahefobu-mobile-menu-item-align-center tahefobu-mobile-toggle-v1 tahefobu-sub-divider-yes tahefobu-mobile-divider-yes elementor-widget elementor-widget-tahefobu-navigation-menu\" data-id=\"277efcd\" data-element_type=\"widget\" data-widget_type=\"tahefobu-navigation-menu.default\">\n\t\t\t\t<div class=\"elementor-widget-container\">\n\t\t\t\t\t<nav class=\"tahefobu-nav-menu-container tahefobu-nav-menu-horizontal\" data-trigger=\"hover\"><ul id=\"menu-1-277efcd\" class=\"tahefobu-nav-menu\"><li class=\"menu-item menu-item-type-post_type menu-item-object-page menu-item-852\"><a href=\"https:\/\/zenithspirit.id.vn\/index.php\/12-dia-chi\/\" class=\"tahefobu-menu-item tahefobu-pointer-item\">12-\u0110\u1ecaA CHI<\/a><\/li>\n<li class=\"menu-item menu-item-type-post_type menu-item-object-page menu-item-853\"><a href=\"https:\/\/zenithspirit.id.vn\/index.php\/about-zenith\/\" class=\"tahefobu-menu-item tahefobu-pointer-item\">ABOUT ZENITH<\/a><\/li>\n<li class=\"menu-item menu-item-type-post_type menu-item-object-page menu-item-1172\"><a href=\"https:\/\/zenithspirit.id.vn\/index.php\/12-cung-hd\/\" class=\"tahefobu-menu-item tahefobu-pointer-item\">12 Cung HD<\/a><\/li>\n<\/ul><\/nav><nav class=\"tahefobu-mobile-nav-menu-container\"><div class=\"tahefobu-mobile-toggle-wrap\"><div class=\"tahefobu-mobile-toggle\"><span class=\"tahefobu-mobile-toggle-line\"><\/span><span class=\"tahefobu-mobile-toggle-line\"><\/span><span class=\"tahefobu-mobile-toggle-line\"><\/span><\/div><\/div><ul id=\"mobile-menu-2-277efcd\" class=\"tahefobu-mobile-nav-menu\"><li class=\"menu-item menu-item-type-post_type menu-item-object-page menu-item-852\"><a href=\"https:\/\/zenithspirit.id.vn\/index.php\/12-dia-chi\/\" class=\"tahefobu-mobile-menu-item\">12-\u0110\u1ecaA CHI<\/a><\/li>\n<li class=\"menu-item menu-item-type-post_type menu-item-object-page menu-item-853\"><a href=\"https:\/\/zenithspirit.id.vn\/index.php\/about-zenith\/\" class=\"tahefobu-mobile-menu-item\">ABOUT ZENITH<\/a><\/li>\n<li class=\"menu-item menu-item-type-post_type menu-item-object-page menu-item-1172\"><a href=\"https:\/\/zenithspirit.id.vn\/index.php\/12-cung-hd\/\" class=\"tahefobu-mobile-menu-item\">12 Cung HD<\/a><\/li>\n<\/ul><\/nav>\t\t\t\t<\/div>\n\t\t\t\t<\/div>\n\t\t\t\t<\/div>\n\t\t\t\t\t<\/div>\n\t\t\t\t<\/div>\n\t\t\t\t<\/div>\n\t\t","protected":false},"excerpt":{"rendered":"<p>T\u1ed5ng Quan V\u1ec1 R\u1ed3ng 1. Gi\u1edbi thi\u1ec7u th\u00f4ng tin v\u1ec1 ng\u01b0\u1eddi tu\u1ed5i Th\u00ecn (R\u1ed3ng) Trong d\u00e2n gian x\u01b0a, R\u1ed3ng l\u00e0 linh v\u1eadt th\u1ec3 hi\u1ec7n cho quy\u1ec1n uy, \u0111\u1ea1i di\u1ec7n cho s\u1ee9c m\u1ea1nh phi th\u01b0\u1eddng, cao qu\u00fd \u0111\u01b0\u1ee3c ng\u01b0\u1eddi d\u00e2n t\u00f4n k\u00ednh. Theo t\u1eed vi tu\u1ed5i Th\u00ecn, trong 12 con gi\u00e1p, nh\u1eefng ng\u01b0\u1eddi tu\u1ed5i R\u1ed3ng lu\u00f4n [&hellip;]<\/p>\n","protected":false},"author":1,"featured_media":0,"parent":0,"menu_order":0,"comment_status":"closed","ping_status":"closed","template":"elementor_canvas","meta":{"footnotes":""},"class_list":["post-949","page","type-page","status-publish","hentry"],"_links":{"self":[{"href":"https:\/\/zenithspirit.id.vn\/index.php\/wp-json\/wp\/v2\/pages\/949","targetHints":{"allow":["GET"]}}],"collection":[{"href":"https:\/\/zenithspirit.id.vn\/index.php\/wp-json\/wp\/v2\/pages"}],"about":[{"href":"https:\/\/zenithspirit.id.vn\/index.php\/wp-json\/wp\/v2\/types\/page"}],"author":[{"embeddable":true,"href":"https:\/\/zenithspirit.id.vn\/index.php\/wp-json\/wp\/v2\/users\/1"}],"replies":[{"embeddable":true,"href":"https:\/\/zenithspirit.id.vn\/index.php\/wp-json\/wp\/v2\/comments?post=949"}],"version-history":[{"count":10,"href":"https:\/\/zenithspirit.id.vn\/index.php\/wp-json\/wp\/v2\/pages\/949\/revisions"}],"predecessor-version":[{"id":961,"href":"https:\/\/zenithspirit.id.vn\/index.php\/wp-json\/wp\/v2\/pages\/949\/revisions\/961"}],"wp:attachment":[{"href":"https:\/\/zenithspirit.id.vn\/index.php\/wp-json\/wp\/v2\/media?parent=949"}],"curies":[{"name":"wp","href":"https:\/\/api.w.org\/{rel}","templated":true}]}}