{"id":976,"date":"2025-12-31T10:08:28","date_gmt":"2025-12-31T10:08:28","guid":{"rendered":"https:\/\/zenithspirit.id.vn\/?page_id=976"},"modified":"2026-01-01T03:26:36","modified_gmt":"2026-01-01T03:26:36","slug":"tuoi-than","status":"publish","type":"page","link":"https:\/\/zenithspirit.id.vn\/index.php\/tuoi-than\/","title":{"rendered":"Tu\u1ed5i Th\u00e2n"},"content":{"rendered":"\t\t<div data-elementor-type=\"wp-page\" data-elementor-id=\"976\" class=\"elementor elementor-976\">\n\t\t\t\t<div class=\"elementor-element elementor-element-1132cdc e-grid e-con-boxed e-con e-parent\" data-id=\"1132cdc\" data-element_type=\"container\">\n\t\t\t\t\t<div class=\"e-con-inner\">\n\t\t\t\t<div class=\"elementor-element elementor-element-066e71d elementor-view-default elementor-widget elementor-widget-icon\" data-id=\"066e71d\" data-element_type=\"widget\" data-widget_type=\"icon.default\">\n\t\t\t\t\t\t\t<div class=\"elementor-icon-wrapper\">\n\t\t\t<a class=\"elementor-icon\" href=\"https:\/\/zenithspirit.id.vn\/index.php\/12-dia-chi\">\n\t\t\t<svg aria-hidden=\"true\" class=\"e-font-icon-svg e-fas-long-arrow-alt-left\" viewBox=\"0 0 448 512\" xmlns=\"http:\/\/www.w3.org\/2000\/svg\"><path d=\"M134.059 296H436c6.627 0 12-5.373 12-12v-56c0-6.627-5.373-12-12-12H134.059v-46.059c0-21.382-25.851-32.09-40.971-16.971L7.029 239.029c-9.373 9.373-9.373 24.569 0 33.941l86.059 86.059c15.119 15.119 40.971 4.411 40.971-16.971V296z\"><\/path><\/svg>\t\t\t<\/a>\n\t\t<\/div>\n\t\t\t\t\t\t<\/div>\n\t\t\t\t<div class=\"elementor-element elementor-element-40ccee3 elementor-widget elementor-widget-heading\" data-id=\"40ccee3\" data-element_type=\"widget\" data-widget_type=\"heading.default\">\n\t\t\t\t\t<h2 class=\"elementor-heading-title elementor-size-default\">T\u1ed5ng Quan V\u1ec1 Kh\u1ec9<\/h2>\t\t\t\t<\/div>\n\t\t\t\t\t<\/div>\n\t\t\t\t<\/div>\n\t\t<div class=\"elementor-element elementor-element-4265eaa e-flex e-con-boxed e-con e-parent\" data-id=\"4265eaa\" data-element_type=\"container\">\n\t\t\t\t\t<div class=\"e-con-inner\">\n\t\t<div class=\"elementor-element elementor-element-b300a86 e-con-full e-flex e-con e-child\" data-id=\"b300a86\" data-element_type=\"container\">\n\t\t\t\t<\/div>\n\t\t\t\t<div class=\"elementor-element elementor-element-4f199da elementor-widget elementor-widget-text-editor\" data-id=\"4f199da\" data-element_type=\"widget\" data-widget_type=\"text-editor.default\">\n\t\t\t\t\t\t\t\t\t<h3 style=\"color: #00f3ff;\"><b>1. Gi\u1edbi thi\u1ec7u th\u00f4ng tin v\u1ec1 ng\u01b0\u1eddi tu\u1ed5i Kh\u1ec9 (Th\u00e2n)<\/b><\/h3><p>tu\u1ed5i Th\u00e2n c\u1ea7m tinh con kh\u1ec9 \u0111\u1ee9ng v\u1ecb tr\u00ed th\u1ee9 9, l\u00e0 con v\u1eadt th\u00f4ng minh v\u00e0 v\u00f4 c\u00f9ng kh\u00f4n kh\u00e9o. B\u1edfi v\u1eady m\u00e0 nh\u1eefng ng\u01b0\u1eddi tu\u1ed5i Th\u00e2n r\u1ea5t t\u00e0i gi\u1ecfi, th\u00f4ng minh, nhanh nh\u1eb9n m\u00e0 c\u00f2n gi\u00e0u l\u00f2ng v\u1ecb tha, s\u1eb5n s\u00e0ng gi\u00fap \u0111\u1ee1 ng\u01b0\u1eddi g\u1eb7p kh\u00f3 kh\u0103n h\u01a1n.<\/p><p>Ng\u01b0\u1eddi sinh tu\u1ed5i Th\u00e2n c\u00f3 t\u00e0i ch\u00ed cao, s\u00e1ng su\u1ed1t, c\u00f3 \u00fd ch\u00ed ti\u1ebfn th\u1ee7 m\u1ea1nh m\u1ebd, d\u1ec5 th\u00edch nghi m\u1ecdi ho\u00e0n c\u1ea3nh. \u0110\u1eb7c bi\u1ec7t, ng\u01b0\u1eddi tu\u1ed5i Th\u00e2n c\u00f3 t\u00ednh c\u00e1ch c\u1ee9ng r\u1eafn, th\u00edch h\u01b0\u1edbng ngo\u1ea1i. Tu\u1ed5i th\u00e2n khi bu\u1ed3n hay vui lo l\u1eafng, bi\u1ec3u l\u1ed9 qua ng\u00f4n ng\u1eef c\u1eeda mi\u1ec7ng, d\u00e1ng v\u1ebb b\u00ean ngo\u00e0i.<\/p><p>Tu\u1ed5i Th\u00e2n g\u1ed3m c\u00e1c n\u0103m sinh: B\u00ednh Th\u00e2n (1956), M\u1eadu Th\u00e2n (1968), Canh Th\u00e2n (1980), Nh\u00e2m Th\u00e2n (1992), v\u00e0 Gi\u00e1p Th\u00e2n (2004<\/p><h3 style=\"color: #00f3ff;\"><b>2. T\u00ednh c\u00e1ch ng\u01b0\u1eddi tu\u1ed5i Kh\u1ec9<\/b><\/h3><p>C\u1ea7m tinh tu\u1ed5i con kh\u1ec9, ng\u01b0\u1eddi tu\u1ed5i Th\u00e2n th\u01b0\u1eddng c\u00f3 t\u00ednh c\u00e1ch r\u1ea5t nhanh nh\u1eb9n, lanh l\u1eb9, v\u00e0 kh\u00f4n kh\u00e9o nh\u01b0 \u0111\u00fang con v\u1eadt c\u1ea7m tinh. H\u1ecd s\u1ed1ng r\u1ea5t l\u1ea1c quan v\u00e0 lu\u00f4n c\u1edfi m\u1edf, vui v\u1ebb v\u1edbi m\u1ecdi ng\u01b0\u1eddi xung quanh. Ngay c\u1ea3 khi g\u1eb7p nh\u1eefng kh\u00f3 kh\u0103n, tr\u1eafc tr\u1edf trong cu\u1ed9c s\u1ed1ng, ng\u01b0\u1eddi tu\u1ed5i Th\u00e2n v\u1eabn lu\u00f4n v\u1eefng v\u00e0ng, gi\u1eef v\u1eefng \u00fd ch\u00ed v\u00e0 v\u01b0\u1ee3t qua tr\u1edf ng\u1ea1i.<\/p><p>M\u1eb7c d\u00f9 v\u1eady, h\u1ea7u h\u1ebft ng\u01b0\u1eddi tu\u1ed5i Th\u00e2n th\u01b0\u1eddng c\u00f3 t\u00ednh c\u00e1ch kh\u00e1 nh\u1ea1y c\u1ea3m, \u0111\u1eb7c bi\u1ec7t v\u1edbi n\u1eef m\u1ea1ng tu\u1ed5i Th\u00e2n. H\u1ecd th\u01b0\u1eddng d\u1ec5 b\u1ecb \u1ea3nh h\u01b0\u1edfng c\u1ea3m x\u00fac ho\u1eb7c t\u00e2m tr\u1ea1ng t\u1eeb ng\u01b0\u1eddi xung quanh ho\u1eb7c nh\u1eefng vi\u1ec7c b\u00ean ngo\u00e0i t\u00e1c \u0111\u1ed9ng.<\/p><p>Ng\u01b0\u1eddi tu\u1ed5i Th\u00e2n r\u1ea5t th\u00f4ng minh n\u00ean lu\u00f4n bi\u1ebft c\u00e1ch gi\u1eef h\u00f2a kh\u00ed trong t\u1ea5t c\u1ea3 c\u00e1c m\u1ed1i quan h\u1ec7 v\u00e0 nh\u1eefng cu\u1ed9c tr\u00f2 chuy\u1ec7n. V\u1edbi t\u00ednh c\u00e1ch n\u00e0y c\u00f9ng s\u1ef1 h\u00e0o ph\u00f3ng, r\u1ed9ng r\u00e3i v\u1ed1n c\u00f3, ng\u01b0\u1eddi c\u1ea7m tinh con kh\u1ec9 r\u1ea5t \u0111\u01b0\u1ee3c l\u00f2ng m\u1ecdi ng\u01b0\u1eddi xung quanh.<\/p><h3 style=\"color: #00f3ff;\"><b>3.T\u00ecnh duy\u00ean c\u1ee7a ng\u01b0\u1eddi tu\u1ed5i Kh\u1ec9<\/b><\/h3><p>Tu\u1ed5i Th\u00e2n th\u01b0\u1eddng l\u1ef1a ch\u1ecdn v\u00e0 y\u00eau th\u00edch \u0111\u1ed1i ph\u01b0\u01a1ng c\u00f3 ngo\u1ea1i h\u00ecnh \u01b0a nh\u00ecn. Nam tu\u1ed5i Th\u00e2n th\u01b0\u1eddng ng\u00e3 r\u1ea1p tr\u01b0\u1edbc c\u00e1c c\u00f4 g\u00e1i ki\u1ec1u di\u1ec5m v\u00e0 duy\u00ean d\u00e1ng. C\u00f2n n\u1eef tu\u1ed5i Th\u00e2n l\u1ea1i d\u1ec5 sa v\u00e0o t\u00ecnh y\u00eau v\u1edbi c\u00e1c anh ch\u00e0ng l\u1ecbch l\u00e3m, phong \u0111\u1ed9.\u00a0<\/p><p>H\u1ea7u h\u1ebft ng\u01b0\u1eddi tu\u1ed5i Th\u00e2n th\u01b0\u1eddng \u0111\u1ebfn v\u1edbi nhau do t\u1ef1 t\u00ecm hi\u1ec3u, v\u00ec v\u1eady h\u1ecd c\u00f3 cu\u1ed9c s\u1ed1ng h\u00f4n nh\u00e2n kh\u00e1 thu\u1eadn l\u1ee3i v\u00e0 b\u00ecnh y\u00ean. Tuy nhi\u00ean, ng\u01b0\u1eddi tu\u1ed5i Th\u00e2n \u0111\u00f2i h\u1ecfi kh\u00e1 cao trong \u0111\u1eddi s\u1ed1ng v\u1ee3 ch\u1ed3ng v\u00e0 v\u1edbi ng\u01b0\u1eddi b\u1ea1n \u0111\u1eddi c\u1ee7a m\u00ecnh. H\u1ecd lu\u00f4n mu\u1ed1n \u0111\u01b0\u1ee3c quan t\u00e2m, chia s\u1ebb v\u00e0 h\u00e2m n\u00f3ng t\u00ecnh c\u1ea3m.<\/p><p>M\u1eb7c d\u00f9 kh\u00f4ng thu\u1ed9c tu\u00fdp ng\u01b0\u1eddi l\u0103ng nh\u0103ng hay \u0111\u00e0o hoa, ng\u01b0\u1eddi c\u1ea7m tinh con kh\u1ec9 \u0111\u00f4i khi v\u1eabn c\u00f3 c\u1ea3m gi\u00e1c ch\u00e1n n\u1ea3n v\u1edbi m\u1ed1i quan h\u1ec7 hi\u1ec7n t\u1ea1i. B\u1ea1n \u0111\u1eddi c\u1ee7a ng\u01b0\u1eddi tu\u1ed5i Th\u00e2n ph\u1ea3i th\u01b0\u1eddng xuy\u00ean t\u1ea1o nhi\u1ec1u s\u1ef1 b\u1ea5t ng\u1edd trong t\u00ecnh y\u00eau c\u1ee7a c\u1ea3 hai.<\/p><h3 style=\"color: #00f3ff;\"><b><strong>4. V\u1eadn m\u1ec7nh c\u1ee7a ng\u01b0\u1eddi tu\u1ed5i Kh\u1ec9<\/strong><\/b><\/h3><p>Nh\u00ecn chung, t\u1eed vi tu\u1ed5i Th\u00e2n cho th\u1ea5y ng\u01b0\u1eddi tu\u1ed5i n\u00e0y c\u00f3 s\u1ed1 v\u1eadn kh\u00e1. V\u1edbi t\u00ednh c\u00e1ch vui v\u1ebb, ho\u1ea1t b\u00e1t, h\u1ecd c\u00f3 th\u1ec3 h\u1ee3p t\u00e1c l\u00e0m \u0103n, kinh doanh v\u1edbi nhi\u1ec1u ng\u01b0\u1eddi \u0111\u1ec3 \u0111\u1ea1t \u0111\u01b0\u1ee3c th\u00e0nh c\u00f4ng. Ng\u01b0\u1eddi tu\u1ed5i Th\u00e2n \u0111\u1eb7c bi\u1ec7t c\u00f3 t\u00e0i n\u0103ng trong l\u0129nh v\u1ef1c kinh doanh.\u00a0<\/p><p>H\u1ecd c\u00f3 \u0111\u1ea7u \u00f3c nh\u1ea1y b\u00e9n, n\u1eafm b\u1eaft th\u1ecb hi\u1ebfu t\u1ed1t c\u00f9ng v\u1edbi kh\u1ea3 n\u0103ng giao ti\u1ebfp, x\u00e2y d\u1ef1ng m\u1ed1i quan h\u1ec7 r\u1ed9ng, ng\u01b0\u1eddi tu\u1ed5i Th\u00e2n th\u01b0\u1eddng \u0111\u1ea1t th\u00e0nh c\u00f4ng r\u1ef1c r\u1ee1 trong s\u1ef1 nghi\u1ec7p. Tuy nhi\u00ean, h\u1ecd c\u0169ng ph\u1ea3i tr\u1ea3i qua r\u1ea5t nhi\u1ec1u v\u1ea5t v\u1ea3, th\u0103ng tr\u1ea7m m\u1edbi \u0111\u1ea1t \u0111\u01b0\u1ee3c m\u1ee5c ti\u00eau tr\u00ean con \u0111\u01b0\u1eddng c\u00f4ng danh c\u1ee7a m\u00ecnh.<\/p><p>Ng\u01b0\u1eddi tu\u1ed5i Th\u00e2n th\u01b0\u1eddng c\u00f3 t\u00ednh t\u1ef1 \u0111\u1eafc sau khi \u0111\u1ea1t \u0111\u01b0\u1ee3c m\u1ed9t c\u1ed9t m\u1ed1c n\u00e0o \u0111\u00f3 tr\u00ean con \u0111\u01b0\u1eddng s\u1ef1 nghi\u1ec7p. \u0110\u00e2y l\u00e0 y\u1ebfu t\u1ed1 m\u00e0 ng\u01b0\u1eddi c\u1ea7m tinh con kh\u1ec9 c\u1ea7n kh\u1eafc ph\u1ee5c \u0111\u1ec3 duy tr\u00ec s\u1ef1 nghi\u1ec7p l\u00e2u d\u00e0i v\u00e0 b\u1ec1n v\u1eefng.\u00a0<\/p><p>N\u1ebfu ki\u00ean tr\u00ec, quy\u1ebft t\u00e2m trong c\u00f4ng vi\u1ec7c v\u00e0 kh\u1eafc ph\u1ee5c nh\u1eefng m\u1eb7t h\u1ea1n ch\u1ebf c\u1ee7a b\u1ea3n th\u00e2n, ng\u01b0\u1eddi tu\u1ed5i n\u00e0y s\u1ebd sung t\u00fac v\u1ec1 m\u1eb7t t\u00e0i ch\u00ednh v\u00e0 s\u1edf h\u1eefu nhi\u1ec1u b\u1ea5t \u0111\u1ed9ng s\u1ea3n, nh\u00e0 c\u1eeda, \u0111\u1ea5t \u0111ai.<\/p><h3 style=\"color: #00f3ff;\"><b><strong>5. V\u1eadn m\u1ec7nh tu\u1ed5i Kh\u1ec9 theo t\u1eebng n\u0103m sinh\u00a0<\/strong><\/b><\/h3><p><strong>3.1. Sinh n\u0103m Nh\u00e2m Th\u00e2n \u2013 1992: Kh\u1ec9 th\u00f4ng minh<\/strong><\/p><p>Ng\u01b0\u1eddi sinh n\u0103m Nh\u00e2m Th\u00e2n khi l\u00e0m vi\u1ec7t r\u1ea5t t\u1eadp trung, s\u1ebd kh\u00f4ng c\u00f3 \u0111i\u1ec1u g\u00ec c\u00f3 th\u1ec3 khi\u1ebfn h\u1ecd ph\u00e2n t\u00e2m, \u0110\u1eb7c bi\u1ec7t, ng\u01b0\u1eddi tu\u1ed5i Th\u00e2n m\u1ec7nh Kim lu\u00f4n s\u00e1ng t\u1ea1o m\u1ed7i khi l\u00e0m vi\u1ec7c, h\u1ecd \u0111\u00f3ng g\u00f3p n\u00ean nhi\u1ec1u \u00fd t\u01b0\u1edfng \u0111\u1ed9c \u0111\u00e1o cho t\u1eadp th\u1ec3 v\u00e0 nh\u1eadn \u0111\u01b0\u1ee3c s\u1ef1 tin t\u01b0\u1edfng c\u1ee7a \u0111\u1ed3ng nghi\u1ec7p.<\/p><p>Ngo\u00e0i ra, tu\u1ed5i Th\u00e2n m\u1ec7nh Kim t\u1ef1 l\u1eadp, l\u00e0m ch\u1ee7 v\u1ec1 cu\u1ed9c s\u1ed1ng v\u00e0 c\u00f4ng vi\u1ec7c c\u1ee7a m\u00ecnh. H\u1ecd t\u1ef1 tin \u0111\u1ed1i di\u1ec7n v\u1edbi kh\u00f3 kh\u0103n trong cu\u1ed9c s\u1ed1ng v\u00e0 kh\u00f4ng bao gi\u1edd ch\u00e1n n\u1ea3n khi cu\u1ed9c s\u1ed1ng x\u1ea3y ra nhi\u1ec1u kh\u00f3 kh\u0103n, \u00e1p l\u1ef1c.<\/p><p><strong>3.2. Sinh n\u0103m Canh Th\u00e2n \u2013 1980: Kh\u1ec9 l\u00ean n\u00fai<\/strong><\/p><p>Tu\u1ed5i Th\u00e2n m\u1ec7nh M\u1ed9c l\u00e0 nh\u1eefng ng\u01b0\u1eddi hi\u1ec1n l\u00e0nh, t\u00ednh t\u00ecnh ngay th\u1eb3ng, \u0111\u01b0\u1ee3c nhi\u1ec1u ng\u01b0\u1eddi y\u00eau qu\u00fd v\u00e0 k\u00ednh tr\u1ecdng. Ngay t\u1eeb khi c\u00f2n tr\u1ebb, h\u1ecd \u0111\u00e3 ham h\u1ecdc h\u1ecfi, c\u00f3 nhi\u1ec1u \u01b0\u1edbc m\u01a1, ho\u00e0i b\u00e3o. H\u1ecd c\u0169ng c\u00f3 ki\u1ebfn th\u1ee9c chuy\u00ean s\u00e2u trong nhi\u1ec1u l\u0129nh v\u1ef1c, lu\u00f4n c\u1ed1 g\u1eafng ph\u1ea5n \u0111\u1ea5u \u0111\u1ec3 \u01b0\u1edbc m\u01a1 tr\u1edf th\u00e0nh hi\u1ec7n th\u1ef1c.<\/p><p>B\u00ean c\u1ea1nh \u0111\u00f3, ng\u01b0\u1eddi m\u1ec7nh n\u00e0y c\u0169ng nghi\u00eam t\u00fac, c\u1ea9n tr\u1ecdng trong c\u00f4ng vi\u1ec7c, do \u0111\u00f3 h\u1ecd lu\u00f4n \u0111\u1ec1 ra k\u1ebf ho\u1ea1ch chi ti\u1ebft, s\u1eed d\u1ee5ng \u0111\u1ea7u \u00f3c ph\u00e2n t\u00edch \u0111\u1ec3 x\u00e1c \u0111\u1ecbnh m\u1ea5u ch\u1ed1t v\u1ea5n \u0111\u1ec1, tuy\u1ec7t \u0111\u1ed1i kh\u00f4ng d\u00f9ng tr\u1ef1c gi\u00e1c m\u00e1ch b\u1ea3o. \u0110i\u1ec1u n\u00e0y gi\u00fap cho ng\u01b0\u1eddi tu\u1ed5i Canh Th\u00e2n c\u00f3 b\u01b0\u1edbc \u0111i ch\u1eafc ch\u1eafn, ch\u00ednh x\u00e1c tr\u00ean con \u0111\u01b0\u1eddng s\u1ef1 nghi\u1ec7p c\u1ee7a m\u00ecnh.<\/p><p><strong>3.3. Sinh n\u0103m B\u00ednh Th\u00e2n 1956: Kh\u1ec9 an nh\u00e0n<\/strong><\/p><p>Tu\u1ed5i Th\u00e2n m\u1ec7nh Ho\u1ea3 l\u00e0 nh\u1eefng ng\u01b0\u1eddi th\u00f4ng minh, nhanh nh\u1eb9n, s\u00e1ng t\u1ea1o. Ngay t\u1eeb khi c\u00f2n h\u1ecf, h\u1ecd \u0111\u00e3 c\u00f3 \u00fd th\u1ee9c t\u1ef1 l\u1eadp cao, \u0111\u1ebfn khi tr\u01b0\u1edfng th\u00e0nh, h\u1ecd \u0111\u00e3 c\u00f3 th\u1ec3 t\u1ef1 m\u00ecnh gi\u1ea3i quy\u1ebft \u0111\u01b0\u1ee3c kh\u00f3 kh\u0103n \u1edf trong cu\u1ed9c s\u1ed1ng m\u00e0 ch\u1eb3ng c\u1ea7n nh\u1edd c\u1eady, c\u1ea7u c\u1ee9u ai.<\/p><p>Nh\u1edd s\u1ef1 kh\u00e9o l\u00e9o v\u1ec1 giao ti\u1ebfp c\u1ee7a m\u00ecnh m\u00e0 tu\u1ed5i B\u00ednh Th\u00e2n \u0111\u01b0\u1ee3c nhi\u1ec1u ng\u01b0\u1eddi y\u00eau qu\u00fd v\u00e0 c\u00f3 nh\u1eefng m\u1ed1i quan h\u1ec7 giao thi\u1ec7p r\u1ed9ng r\u00e3i, nh\u1eefng ng\u01b0\u1eddi n\u00e0y th\u01b0\u1eddng g\u1eb7p nhi\u1ec1u may m\u1eafn cu\u1ed9c s\u1ed1ng, c\u1ea3 cu\u1ed9c \u0111\u1eddi an nh\u00e0n m\u00e0 v\u1eabn \u0111\u1ea7y \u0111\u1ee7 c\u1ee7a c\u1ea3i, kh\u00f4ng thi\u1ebfu th\u1ed1n th\u1ee9 g\u00ec.<\/p><p><strong>3.4. Sinh n\u0103m M\u1eadu Th\u00e2n 1968: Kh\u1ec9 \u0103n qu\u1ea3<\/strong><\/p><p>V\u1edbi t\u1ea7m nh\u00ecn xa tr\u00f4ng r\u1ed9ng c\u00f9ng kh\u1ea3 n\u0103ng ph\u00e2n t\u00edch v\u1ea5n \u0111\u1ec1 ch\u00ednh x\u00e1c, nh\u1ea1y b\u00e9n, ng\u01b0\u1eddi tu\u1ed5i n\u00e0y d\u1ec5 d\u00e0ng \u0111\u1ea1t \u0111\u01b0\u1ee3c th\u00e0nh c\u00f4ng trong nhi\u1ec1u l\u0129nh v\u1ef1c. C\u0169ng b\u1edfi t\u1ea5m l\u00f2ng l\u01b0\u01a1ng thi\u1ec7n v\u00e0 nh\u00e2n h\u1eadu m\u00e0 h\u1ecd c\u0169ng g\u1eb7p nhi\u1ec1u may m\u1eafn, m\u1ed7i l\u00fac kh\u00f3 kh\u0103n \u0111\u1ec1u \u0111\u01b0\u1ee3c qu\u00fd nh\u00e2n ph\u00f9 tr\u1ee3 v\u00e0 gi\u00fap \u0111\u1ee1.<\/p><p>Nh\u1eefng ng\u01b0\u1eddi n\u00e0y r\u1ea5t ham h\u1ecdc h\u1ecfi, kh\u00e1m ph\u00e1 \u0111i\u1ec1u m\u1edbi l\u1ea1 \u1edf trong cu\u1ed9c s\u1ed1ng v\u00e0 d\u1ec5 b\u1ecb thu h\u00fat b\u1edfi th\u1ee9 \u0111\u1ed9c \u0111\u00e1o k\u1ef3 l\u1ea1. V\u1eady n\u00ean h\u1ecd \u00edt duy tr\u00ec th\u00f3i quen n\u00e0o l\u00e2u d\u00e0i v\u00e0 c\u0169ng kh\u00f4ng ki\u00ean nh\u00e2n v\u1edbi c\u00f4ng vi\u1ec7c c\u1ee7a m\u00ecnh. Khi g\u1eb7p m\u1ed9t ch\u00fat r\u1eafc r\u1ed1i, tr\u1edf ng\u1ea1i, tu\u1ed5i M\u1eadu Th\u00e2n c\u0169ng c\u00f3 xu h\u01b0\u1edbng b\u1ecf cu\u1ed9c, thay \u0111\u1ed5i \u0111\u01b0\u1eddng \u0111i c\u1ee7a m\u00ecnh.<\/p><p><b><strong>4. V\u1eadn m\u1ec7nh ng\u01b0\u1eddi tu\u1ed5i Th\u00e2n theo t\u1eebng th\u00e1ng sinh<\/strong><\/b><\/p><p><strong>Sinh th\u00e1ng Gi\u00eang:<\/strong>\u00a0Ng\u01b0\u1eddi sinh th\u00e1ng n\u00e0y t\u00e0i gi\u1ecfi, th\u00f4ng minh th\u1eddi c\u01a1 thu\u1eadn l\u1ee3i ch\u01b0a \u0111\u1ebfn, mu\u1ed1n th\u00e0nh c\u00f4ng n\u00ean ki\u00ean tr\u00ec ch\u1edd \u0111\u1ee3i. \u0110\u1ed3ng th\u1eddi g\u1eb7p nhi\u1ec1u may m\u1eafn trong cu\u1ed9c s\u1ed1ng, c\u00f3 s\u1ee9c kho\u1ebb t\u1ed1t v\u00e0 \u00edt b\u1ecb b\u1ec7nh t\u1eadt.<\/p><p><strong>Sinh th\u00e1ng hai:<\/strong>\u00a0C\u00f4ng vi\u1ec7c ch\u00ednh c\u00f3 th\u1ec3 g\u1eb7p nhi\u1ec1u kh\u00f3 kh\u0103n nh\u01b0ng ngh\u1ec1 tay tr\u00e1i l\u1ea1i r\u1ea5t thu\u1eadn l\u1ee3i, b\u1edfi v\u1eady cu\u1ed9c s\u1ed1ng \u1ed5n \u0111\u1ecbnh, \u0111\u1ea7y \u0111\u1ee7. Khi c\u00e0ng v\u1ec1 gi\u00e0, c\u00e0ng c\u00f3 nhi\u1ec1u t\u00e0i l\u1ed9c, \u0111\u01b0\u1ee3c h\u01b0\u1edfng cu\u1ed9c s\u1ed1ng sung s\u01b0\u1edbng v\u00e0 h\u1ea1nh ph\u00fac.<\/p><p><strong>Sinh th\u00e1ng ba:<\/strong>\u00a0\u0110\u00e2y l\u00e0 nh\u1eefng ng\u01b0\u1eddi c\u00f3 t\u00e0i, c\u00f3 \u0111\u1ee9c v\u00e0 v\u0103n song to\u00e0n. Trong cu\u1ed9c s\u1ed1ng s\u1ebd g\u1eb7p nhi\u1ec1u may m\u1eafn, c\u00f3 nhi\u1ec1u b\u1ea1n b\u00e8 y\u00eau qu\u00fd, m\u1ed7i khi g\u1eb7p kh\u00f3 kh\u0103n \u0111\u1ec1u c\u00f3 qu\u00fd nh\u00e2n gi\u00fap \u0111\u1ee1.<\/p><p><strong>Sinh th\u00e1ng t\u01b0:<\/strong>\u00a0Ban \u0111\u1ea7u cu\u1ed9c s\u1ed1ng c\u0169ng g\u1eb7p nhi\u1ec1u kh\u00f3 kh\u0103n nh\u01b0ng khi c\u1ed1 g\u1eafng, ki\u00ean tr\u00f9 s\u1ebd v\u01b0\u1ee3t qua th\u1eed th\u00e1ch, c\u00e0ng v\u1ec1 sau c\u00e0ng c\u00f3 cu\u1ed9c s\u1ed1ng sung s\u01b0\u1edbng, \u0111\u1ee7 \u0111\u1ea7y, kh\u00f4ng lo thi\u1ebfu th\u1ed1n.<\/p><p><strong>Sinh th\u00e1ng n\u0103m:<\/strong>\u00a0Th\u00f4ng minh, t\u00e0i gi\u1ecfi nh\u01b0ng l\u1ea1i l\u00e0 ng\u01b0\u1eddi thi\u1ebfu may m\u1eafn b\u1edfi v\u1eady tuy ch\u0103m ch\u1ec9, n\u1ed7 l\u1ef1c trong cu\u1ed9c s\u1ed1ng nh\u01b0ng k\u1ebft qu\u1ea3 \u0111\u1ea1t \u0111\u01b0\u1ee3c ch\u01b0a t\u01b0\u01a1ng x\u1ee9ng v\u1edbi c\u00f4ng s\u1ee9c b\u1ecf ra.<\/p><p><strong>Sinh th\u00e1ng s\u00e1u:<\/strong>\u00a0L\u00e0 ng\u01b0\u1eddi hi\u1ec1n l\u00e0nh, ngay th\u1eb3ng, c\u1ea3 \u0111\u1eddi s\u1ed1ng r\u1ea5t an nh\u00e0n, \u0111\u1ea7y \u0111\u1ee7. Ng\u01b0\u1eddi n\u00e0y c\u00f3 \u0111\u1eddi s\u1ed1ng t\u00ecnh c\u1ea3m, thu\u1eadn l\u1ee3i, v\u1ee3 ch\u1ed3ng chung thu\u1ef7, y\u00eau th\u01b0\u01a1ng nhau, gia \u0111\u00ecnh thu\u1eadn ho\u00e0 h\u1ea1nh ph\u00fac.<\/p><p><strong>Sinh th\u00e1ng b\u1ea3y:<\/strong>\u00a0C\u00f3 c\u1ee7a c\u1ea3i, t\u00e0i l\u1ed9c v\u00e0 c\u1ea3 \u0111\u1eddi kh\u00f4ng lo thi\u1ebfu th\u1ed1n, cu\u1ed9c s\u1ed1ng g\u1eb7p nhi\u1ec1u may m\u1eafn, n\u00ean \u0111\u01b0\u1ee3c m\u1ecdi ng\u01b0\u1eddi y\u00eau qu\u00fd, t\u00f4n tr\u1ecdng tuy nhi\u00ean c\u1ea7n \u0111\u1ec1 ph\u00f2ng bi\u1ebfn c\u1ed1 x\u1ea5u v\u1ec1 s\u1ee9c kho\u1ebb.<\/p><p><strong>Sinh th\u00e1ng t\u00e1m:<\/strong>\u00a0\u0110\u00e2y l\u00e0 ng\u01b0\u1eddi s\u1ed1ng gi\u00e0u t\u00ecnh c\u1ea3m v\u00e0 \u0111\u01b0\u1eddng t\u00ecnh duy\u00ean may m\u1eafn, thu\u1eadn l\u1ee3i. B\u1edfi v\u1eady gia \u0111\u00ecnh h\u1ea1nh ph\u00fac, v\u1ee3 ch\u1ed3ng thu\u1ef7 chung son s\u1eaft. Ng\u01b0\u1eddi n\u00e0y \u0111\u01b0\u1ee3c h\u01b0\u1edfng nhi\u1ec1u t\u00e0i l\u1ed9c, n\u1ebfu c\u1ed1 g\u1eafng s\u1ebd s\u1edbm x\u00e2y d\u1ef1ng s\u1ef1 nghi\u1ec7p th\u00e0nh c\u00f4ng, v\u1eefng ch\u1eafc.<\/p><p><strong>Sinh th\u00e1ng ch\u00edn:<\/strong>\u00a0C\u00f3 nhi\u1ec1u \u01b0\u1edbc m\u01a1, ho\u00e0i b\u00e3o v\u00e0 \u00fd ch\u00ed x\u00e2y d\u1ef1ng s\u1ef1 nghi\u1ec7p t\u1eeb khi c\u00f2n tr\u1ebb. Ng\u01b0\u1eddi n\u00e0y mu\u1ed1n th\u00e0nh c\u00f4ng nh\u1ea5t \u0111\u1ecbnh, b\u00ecnh t\u0129nh, c\u1ea9n th\u1eadn, kh\u00f4ng n\u00ean h\u1ea5p t\u1ea5p, n\u00f3ng v\u1ed9i r\u1ed3i l\u00e0m h\u1ecfng vi\u1ec7c l\u1edbn.<\/p><p><strong>Sinh th\u00e1ng m\u01b0\u1eddi:<\/strong>\u00a0\u00cdt t\u00e0i l\u1ed9c c\u0169ng kh\u00f4ng c\u00f3 ch\u00ed l\u1edbn, c\u1ea3 \u0111\u1eddi an ph\u1eadn, cu\u1ed9c s\u1ed1ng b\u00ecnh th\u01b0\u1eddng, kh\u00f4ng c\u00f3 uy quy\u1ec1n hay \u0111\u1ecba v\u1ecb. H\u1ecd s\u1ebd g\u1eb7p may m\u1eafn v\u1ec1 \u0111\u01b0\u1eddng t\u00ecnh duy\u00ean, h\u00f4n nh\u00e2n h\u1ea1nh ph\u00fac, gia \u0111\u00ecnh ho\u00e0 thu\u1eadn.<\/p><p><strong>Sinh th\u00e1ng m\u01b0\u1eddi m\u1ed9t:<\/strong>\u00a0V\u1ec1 s\u1ef1 nghi\u1ec7p v\u00e0 t\u00ecnh duy\u00ean \u0111\u1ec1u kh\u00f4ng m\u1ea5y thu\u1eadn l\u1ee3i v\u00e0 g\u1eb7p nhi\u1ec1u kh\u00f3 kh\u0103n, bi\u1ebfn c\u1ed1. Tai ho\u1ea1 xu\u1ea5t ph\u00e1t t\u1eeb t\u00ednh t\u00ecnh r\u1ea5t b\u1ea3o th\u1ee5, \u01b0\u01a1ng b\u01b0\u1edbng, kh\u00f4ng ch\u1ecbu nghe l\u1eddi khuy\u00ean nh\u1ee7, ch\u1ec9 d\u1ea1y c\u1ee7a ng\u01b0\u1eddi kh\u00e1c.<\/p><p><strong>Sinh th\u00e1ng m\u01b0\u1eddi hai:<\/strong>\u00a0Ban \u0111\u1ea7u c\u0169ng g\u1eb7p nhi\u1ec1u kh\u00f3 kh\u0103n tr\u00ean con \u0111\u01b0\u1eddng x\u00e2y d\u1ef1ng, ph\u00e1t tri\u1ec3n s\u1ef1 nghi\u1ec7p. D\u00f9 kh\u00f4ng c\u00f3 ai gi\u00fap \u0111\u1ee1 ph\u1ea3i t\u1ef1 m\u00ecnh gi\u1ea3i quy\u1ebft, th\u00e1o g\u1ee1 r\u1eafc r\u1ed1i, n\u1ebfu mu\u1ed1n th\u00e0nh c\u00f4ng ph\u1ea3i c\u00f3 l\u00f2ng quy\u1ebft t\u00e2m ki\u00ean tr\u00ec<\/p><p>.<\/p>\t\t\t\t\t\t\t\t<\/div>\n\t\t\t\t<div class=\"elementor-element elementor-element-277efcd tahefobu-main-menu-align-left tahefobu-main-menu-align--tabletleft tahefobu-main-menu-align--mobileleft tahefobu-sub-icon-caret-down tahefobu-nav-menu-bp-mobile tahefobu-mobile-menu-full-width tahefobu-mobile-menu-item-align-center tahefobu-mobile-toggle-v1 tahefobu-sub-divider-yes tahefobu-mobile-divider-yes elementor-widget elementor-widget-tahefobu-navigation-menu\" data-id=\"277efcd\" data-element_type=\"widget\" data-widget_type=\"tahefobu-navigation-menu.default\">\n\t\t\t\t<div class=\"elementor-widget-container\">\n\t\t\t\t\t<nav class=\"tahefobu-nav-menu-container tahefobu-nav-menu-horizontal\" data-trigger=\"hover\"><ul id=\"menu-1-277efcd\" class=\"tahefobu-nav-menu\"><li class=\"menu-item menu-item-type-post_type menu-item-object-page menu-item-852\"><a href=\"https:\/\/zenithspirit.id.vn\/index.php\/12-dia-chi\/\" class=\"tahefobu-menu-item tahefobu-pointer-item\">12-\u0110\u1ecaA CHI<\/a><\/li>\n<li class=\"menu-item menu-item-type-post_type menu-item-object-page menu-item-853\"><a href=\"https:\/\/zenithspirit.id.vn\/index.php\/about-zenith\/\" class=\"tahefobu-menu-item tahefobu-pointer-item\">ABOUT ZENITH<\/a><\/li>\n<li class=\"menu-item menu-item-type-post_type menu-item-object-page menu-item-1172\"><a href=\"https:\/\/zenithspirit.id.vn\/index.php\/12-cung-hd\/\" class=\"tahefobu-menu-item tahefobu-pointer-item\">12 Cung HD<\/a><\/li>\n<\/ul><\/nav><nav class=\"tahefobu-mobile-nav-menu-container\"><div class=\"tahefobu-mobile-toggle-wrap\"><div class=\"tahefobu-mobile-toggle\"><span class=\"tahefobu-mobile-toggle-line\"><\/span><span class=\"tahefobu-mobile-toggle-line\"><\/span><span class=\"tahefobu-mobile-toggle-line\"><\/span><\/div><\/div><ul id=\"mobile-menu-2-277efcd\" class=\"tahefobu-mobile-nav-menu\"><li class=\"menu-item menu-item-type-post_type menu-item-object-page menu-item-852\"><a href=\"https:\/\/zenithspirit.id.vn\/index.php\/12-dia-chi\/\" class=\"tahefobu-mobile-menu-item\">12-\u0110\u1ecaA CHI<\/a><\/li>\n<li class=\"menu-item menu-item-type-post_type menu-item-object-page menu-item-853\"><a href=\"https:\/\/zenithspirit.id.vn\/index.php\/about-zenith\/\" class=\"tahefobu-mobile-menu-item\">ABOUT ZENITH<\/a><\/li>\n<li class=\"menu-item menu-item-type-post_type menu-item-object-page menu-item-1172\"><a href=\"https:\/\/zenithspirit.id.vn\/index.php\/12-cung-hd\/\" class=\"tahefobu-mobile-menu-item\">12 Cung HD<\/a><\/li>\n<\/ul><\/nav>\t\t\t\t<\/div>\n\t\t\t\t<\/div>\n\t\t\t\t\t<\/div>\n\t\t\t\t<\/div>\n\t\t\t\t<\/div>\n\t\t","protected":false},"excerpt":{"rendered":"<p>T\u1ed5ng Quan V\u1ec1 Kh\u1ec9 1. Gi\u1edbi thi\u1ec7u th\u00f4ng tin v\u1ec1 ng\u01b0\u1eddi tu\u1ed5i Kh\u1ec9 (Th\u00e2n) tu\u1ed5i Th\u00e2n c\u1ea7m tinh con kh\u1ec9 \u0111\u1ee9ng v\u1ecb tr\u00ed th\u1ee9 9, l\u00e0 con v\u1eadt th\u00f4ng minh v\u00e0 v\u00f4 c\u00f9ng kh\u00f4n kh\u00e9o. B\u1edfi v\u1eady m\u00e0 nh\u1eefng ng\u01b0\u1eddi tu\u1ed5i Th\u00e2n r\u1ea5t t\u00e0i gi\u1ecfi, th\u00f4ng minh, nhanh nh\u1eb9n m\u00e0 c\u00f2n gi\u00e0u l\u00f2ng v\u1ecb tha, [&hellip;]<\/p>\n","protected":false},"author":1,"featured_media":0,"parent":0,"menu_order":0,"comment_status":"closed","ping_status":"closed","template":"elementor_canvas","meta":{"footnotes":""},"class_list":["post-976","page","type-page","status-publish","hentry"],"_links":{"self":[{"href":"https:\/\/zenithspirit.id.vn\/index.php\/wp-json\/wp\/v2\/pages\/976","targetHints":{"allow":["GET"]}}],"collection":[{"href":"https:\/\/zenithspirit.id.vn\/index.php\/wp-json\/wp\/v2\/pages"}],"about":[{"href":"https:\/\/zenithspirit.id.vn\/index.php\/wp-json\/wp\/v2\/types\/page"}],"author":[{"embeddable":true,"href":"https:\/\/zenithspirit.id.vn\/index.php\/wp-json\/wp\/v2\/users\/1"}],"replies":[{"embeddable":true,"href":"https:\/\/zenithspirit.id.vn\/index.php\/wp-json\/wp\/v2\/comments?post=976"}],"version-history":[{"count":5,"href":"https:\/\/zenithspirit.id.vn\/index.php\/wp-json\/wp\/v2\/pages\/976\/revisions"}],"predecessor-version":[{"id":1065,"href":"https:\/\/zenithspirit.id.vn\/index.php\/wp-json\/wp\/v2\/pages\/976\/revisions\/1065"}],"wp:attachment":[{"href":"https:\/\/zenithspirit.id.vn\/index.php\/wp-json\/wp\/v2\/media?parent=976"}],"curies":[{"name":"wp","href":"https:\/\/api.w.org\/{rel}","templated":true}]}}