{"id":998,"date":"2026-01-01T01:31:43","date_gmt":"2026-01-01T01:31:43","guid":{"rendered":"https:\/\/zenithspirit.id.vn\/?page_id=998"},"modified":"2026-01-01T03:21:28","modified_gmt":"2026-01-01T03:21:28","slug":"tuoi-tuat","status":"publish","type":"page","link":"https:\/\/zenithspirit.id.vn\/index.php\/tuoi-tuat\/","title":{"rendered":"Tu\u1ed5i Tu\u1ea5t"},"content":{"rendered":"\t\t<div data-elementor-type=\"wp-page\" data-elementor-id=\"998\" class=\"elementor elementor-998\">\n\t\t\t\t<div class=\"elementor-element elementor-element-1132cdc e-grid e-con-boxed e-con e-parent\" data-id=\"1132cdc\" data-element_type=\"container\">\n\t\t\t\t\t<div class=\"e-con-inner\">\n\t\t\t\t<div class=\"elementor-element elementor-element-066e71d elementor-view-default elementor-widget elementor-widget-icon\" data-id=\"066e71d\" data-element_type=\"widget\" data-widget_type=\"icon.default\">\n\t\t\t\t\t\t\t<div class=\"elementor-icon-wrapper\">\n\t\t\t<a class=\"elementor-icon\" href=\"https:\/\/zenithspirit.id.vn\/index.php\/12-dia-chi\">\n\t\t\t<svg aria-hidden=\"true\" class=\"e-font-icon-svg e-fas-long-arrow-alt-left\" viewBox=\"0 0 448 512\" xmlns=\"http:\/\/www.w3.org\/2000\/svg\"><path d=\"M134.059 296H436c6.627 0 12-5.373 12-12v-56c0-6.627-5.373-12-12-12H134.059v-46.059c0-21.382-25.851-32.09-40.971-16.971L7.029 239.029c-9.373 9.373-9.373 24.569 0 33.941l86.059 86.059c15.119 15.119 40.971 4.411 40.971-16.971V296z\"><\/path><\/svg>\t\t\t<\/a>\n\t\t<\/div>\n\t\t\t\t\t\t<\/div>\n\t\t\t\t<div class=\"elementor-element elementor-element-40ccee3 elementor-widget elementor-widget-heading\" data-id=\"40ccee3\" data-element_type=\"widget\" data-widget_type=\"heading.default\">\n\t\t\t\t\t<h2 class=\"elementor-heading-title elementor-size-default\">T\u1ed5ng Quan V\u1ec1 Tu\u1ea5t<\/h2>\t\t\t\t<\/div>\n\t\t\t\t\t<\/div>\n\t\t\t\t<\/div>\n\t\t<div class=\"elementor-element elementor-element-4265eaa e-flex e-con-boxed e-con e-parent\" data-id=\"4265eaa\" data-element_type=\"container\">\n\t\t\t\t\t<div class=\"e-con-inner\">\n\t\t<div class=\"elementor-element elementor-element-b300a86 e-con-full e-flex e-con e-child\" data-id=\"b300a86\" data-element_type=\"container\">\n\t\t\t\t<\/div>\n\t\t\t\t<div class=\"elementor-element elementor-element-4f199da elementor-widget elementor-widget-text-editor\" data-id=\"4f199da\" data-element_type=\"widget\" data-widget_type=\"text-editor.default\">\n\t\t\t\t\t\t\t\t\t<h3 style=\"color: #00f3ff;\"><b>Gi\u1edbi thi\u1ec7u t\u1ed5ng qu\u00e1t.<\/b><\/h3><p>Ng\u01b0\u1eddi sinh n\u0103m Tu\u1ea5t mu\u1ed1n s\u1ed1ng m\u1ed9t cu\u1ed9c s\u1ed1ng \u0111\u1ea7y \u0111\u1ee7 nh\u1ea5t. Tuy nhi\u00ean, h\u1ecd c\u00e2n nh\u1eafc nh\u1eefng g\u00ec ph\u00eda tr\u01b0\u1edbc v\u00e0 mu\u1ed1n tr\u00e1nh b\u1ea5t k\u1ef3 s\u1ef1 h\u1ed1i ti\u1ebfc n\u00e0o. H\u1ecd l\u00e0 ng\u01b0\u1eddi gi\u00e0 d\u1eb7n v\u00e0 c\u00f3 th\u1ec3 nh\u00ecn nh\u1eadn v\u1ea5n \u0111\u1ec1 kh\u00e1 nghi\u00eam tr\u1ecdng. Nh\u01b0ng khi h\u1ecd l\u1edbn tu\u1ed5i h\u01a1n, h\u1ecd s\u1ebd h\u1ecdc \u0111\u01b0\u1ee3c c\u00e1ch l\u00e0m th\u1ebf n\u00e0o \u0111\u1ec3 b\u1edbt ch\u1ec9 tr\u00edch h\u01a1n. Nh\u00ecn chung, ng\u01b0\u1eddi tu\u1ed5i Tu\u1ea5t l\u00e0 ng\u01b0\u1eddi chu \u0111\u00e1o v\u00e0 t\u1ed1t b\u1ee5ng. Nh\u1eefng ng\u01b0\u1eddi sinh n\u0103m Tu\u1ea5t s\u1ebd \u0111\u01b0a ra l\u1eddi khuy\u00ean v\u00e0 s\u1ebd c\u00f3 m\u1eb7t v\u00ec ng\u01b0\u1eddi kh\u00e1c. Nh\u01b0ng \u0111\u00f4i khi h\u1ecd can d\u1ef1 s\u00e2u v\u00e0o v\u1ea5n \u0111\u1ec1 v\u00e0 t\u00f2 m\u00f2 th\u00e1i qu\u00e1. Gi\u1ed1ng nh\u01b0 \u0111\u1ed1i v\u1edbi m\u1ecdi ng\u01b0\u1eddi, \u0111\u00e2y l\u00e0 c\u0169ng l\u00e0 khuy\u1ebft \u0111i\u1ec3m.<\/p><p>N\u1ebfu b\u1ea1n sinh ra v\u00e0o nh\u1eefng n\u0103m d\u01b0\u1edbi \u0111\u00e2y th\u00ec b\u1ea1n l\u00e0 ng\u01b0\u1eddi tu\u1ed5i Tu\u1ea5t; N\u0103m Tu\u1ea5t: 1910, 1922, 1934, 1946, 1958, 1970, 1982, 1994, 2006; xem t\u1eed vi chi ti\u1ebft cho t\u1eebng tu\u1ed5i Tu\u1ea5t<\/p><h3 style=\"color: #00f3ff;\"><b>T\u00ednh c\u00e1ch\u00a0<\/b><\/h3><p>Trong s\u00e1ch l\u1ecbch s\u1eed c\u1ee7a Trung Qu\u1ed1c, con d\u00ea \u0111\u01b0\u1ee3c m\u00f4 t\u1ea3 l\u00e0 con v\u1eadt \u00f4n h\u00f2a v\u00e0 d\u1ecbu d\u00e0ng nh\u1ea5t. T\u01b0\u01a1ng t\u1ef1 nh\u01b0 con v\u1eadt c\u1ea7m tinh, ng\u01b0\u1eddi tu\u1ed5i M\u00f9i th\u01b0\u1eddng c\u00f3 t\u00ednh c\u00e1ch hi\u1ec1n d\u1ecbu, nhu m\u00ec.\u00a0<\/p><p>H\u1ecd lu\u00f4n gi\u1eef tinh th\u1ea7n l\u1ea1c quan, h\u00f2a \u0111\u1ed3ng v\u00e0 vui v\u1ebb v\u1edbi m\u1ecdi ng\u01b0\u1eddi. Ng\u01b0\u1eddi tu\u1ed5i M\u00f9i th\u01b0\u1eddng d\u1ec5 m\u1ee7i l\u00f2ng tr\u01b0\u1edbc nh\u1eefng ho\u00e0n c\u1ea3nh kh\u00f3 kh\u0103n hay b\u1ea5t h\u1ea1nh h\u01a1n m\u00ecnh. V\u1edbi nh\u1eefng n\u00e9t t\u00ednh c\u00e1ch n\u00e0y, ng\u01b0\u1eddi c\u1ea7m tinh con d\u00ea \u0111\u01b0\u1ee3c r\u1ea5t nhi\u1ec1u ng\u01b0\u1eddi y\u00eau qu\u00fd.<\/p><p>Tuy nhi\u00ean, ng\u01b0\u1eddi tu\u1ed5i M\u00f9i l\u1ea1i kh\u00e1 nh\u00fat nh\u00e1t v\u00e0 b\u1ebdn l\u1ebdn. N\u1ebfu g\u1eb7p ph\u1ea3i th\u1ea5t b\u1ea1i trong cu\u1ed9c s\u1ed1ng hay c\u00f4ng vi\u1ec7c, h\u1ecd c\u00e0ng tr\u1edf n\u00ean bi quan v\u00e0 bu\u1ed3n ch\u00e1n h\u01a1n. Ng\u01b0\u1eddi tu\u1ed5i M\u00f9i \u0111\u1eb7c bi\u1ec7t c\u00f3 n\u0103ng khi\u1ebfu trong l\u0129nh v\u1ef1c ngh\u1ec7 thu\u1eadt nh\u1edd \u00f3c s\u00e1ng t\u1ea1o v\u00e0 m\u1eaft th\u1ea9m m\u1ef9 tuy\u1ec7t v\u1eddi.\u00a0<\/p><p>Nh\u1eefng ng\u01b0\u1eddi tu\u1ed5i n\u00e0y th\u01b0\u1eddng c\u00f3 xu h\u01b0\u1edbng s\u1ed1ng k\u00edn \u0111\u00e1o, n\u1ed9i t\u00e2m. H\u1ecd \u00edt ph\u1ea3n kh\u00e1ng khi g\u1eb7p nh\u1eefng chuy\u1ec7n kh\u00f4ng v\u1eeba \u00fd, m\u00e0 th\u01b0\u1eddng thu\u1eadn theo \u00fd ki\u1ebfn \u0111\u1ed1i ph\u01b0\u01a1ng.\u00a0<\/p><p>Nh\u1eefng ng\u01b0\u1eddi tu\u1ed5i M\u00f9i th\u01b0\u1eddng \u01b0a th\u00edch cu\u1ed9c s\u1ed1ng b\u1eb1ng ph\u1eb3ng, kh\u00f4ng qu\u00e1 nhi\u1ec1u \u00e1p l\u1ef1c v\u00e0 kh\u00f3 kh\u0103n. Ch\u00ednh t\u00ednh c\u00e1ch n\u00e0y khi\u1ebfn \u0111a s\u1ed1 ng\u01b0\u1eddi tu\u1ed5i M\u00f9i c\u00f3 cu\u1ed9c s\u1ed1ng trung l\u01b0u, an nh\u00e0n v\u00e0 h\u1ea1nh ph\u00fac<\/p><h3 style=\"color: #00f3ff;\"><b>T\u00ecnh duy\u00ean\u00a0<\/b><\/h3><p>V\u1edbi t\u00ednh c\u00e1ch vui v\u1ebb v\u00e0 kh\u00e9o l\u00e9o, ng\u01b0\u1eddi tu\u1ed5i M\u00f9i c\u00f3 m\u1ed1i quan h\u1ec7 r\u1ed9ng v\u00e0 \u0111\u01b0\u1ee3c nhi\u1ec1u ng\u01b0\u1eddi y\u00eau m\u1ebfn. Tuy nhi\u00ean, h\u1ecd r\u1ea5t nghi\u00eam t\u00fac v\u00e0 l\u1ef1a ch\u1ecdn k\u1ef9 c\u00e0ng \u0111\u1ec3 t\u00ecm \u0111\u01b0\u1ee3c ng\u01b0\u1eddi b\u1ea1n \u0111\u1eddi \u01b0ng \u00fd cho m\u00ecnh.\u00a0<\/p><p>Ng\u01b0\u1eddi tu\u1ed5i M\u00f9i kh\u00f4ng bao gi\u1edd \u0111\u00f9a c\u1ee3t hay l\u1ee3i d\u1ee5ng t\u00ecnh c\u1ea3m c\u1ee7a b\u1ea5t k\u1ef3 ai. H\u1ecd lu\u00f4n t\u00ecm ki\u1ebfm t\u00ecnh y\u00eau c\u1ee7a \u0111\u1eddi m\u00ecnh b\u1eb1ng s\u1ef1 ch\u00e2n th\u00e0nh, t\u00ecnh c\u1ea3m m\u00e3nh li\u1ec7t v\u00e0 s\u1ef1 chung th\u1ee7y tuy\u1ec7t \u0111\u1ed1i.\u00a0<\/p><p>V\u1edbi nh\u1eefng ng\u01b0\u1eddi nam tu\u1ed5i M\u00f9i, h\u1ecd kh\u00e1 nh\u00fat nh\u00e1t trong t\u00ecnh c\u1ea3m. H\u1ecd th\u01b0\u1eddng y\u00eau th\u01b0\u01a1ng trong th\u1ea7m l\u1eb7ng v\u00e0 kh\u00f4ng d\u00e1m th\u1ed5 l\u1ed9 l\u00f2ng m\u00ecnh cho \u0111\u1ed1i ph\u01b0\u01a1ng.<\/p><p>M\u1eb7c d\u00f9 s\u1ef1 y\u1ebfu \u0111u\u1ed1i n\u00e0y tr\u00e1i ng\u01b0\u1ee3c ho\u00e0n to\u00e0n v\u1edbi v\u1ebb ngo\u00e0i b\u1ea3n l\u0129nh, nh\u1eefng ng\u01b0\u1eddi \u0111\u00e0n \u00f4ng tu\u1ed5i M\u00f9i r\u1ea5t \u0111\u00e1ng tin c\u1eady \u0111\u1ec3 g\u1eedi g\u1eafm \u0111\u1eddi m\u00ecnh cho anh \u1ea5y. H\u1ecd s\u1ebd y\u00eau th\u01b0\u01a1ng, n\u00e2ng niu v\u00e0 g\u00ecn gi\u1eef m\u1ed1i quan h\u1ec7 t\u00ecnh c\u1ea3m c\u0169ng nh\u01b0 ng\u01b0\u1eddi b\u1ea1n \u0111\u1eddi c\u1ee7a m\u00ecnh.\u00a0<\/p><p>V\u1edbi nh\u1eefng ng\u01b0\u1eddi n\u1eef c\u1ea7m tinh con d\u00ea, khi \u0111\u00e3 x\u00e1c \u0111\u1ecbnh m\u1ed1i quan h\u1ec7 v\u1edbi \u0111\u1ed1i ph\u01b0\u01a1ng ho\u1eb7c khi k\u1ebft h\u00f4n, h\u1ecd to\u00e0n t\u00e2m to\u00e0n \u00fd ch\u0103m s\u00f3c v\u00e0 quan t\u00e2m cho gia \u0111\u00ecnh nh\u1ecf c\u1ee7a m\u00ecnh.\u00a0Nh\u1eefng ng\u01b0\u1eddi n\u1eef tu\u1ed5i M\u00f9i s\u1ebd tr\u1edf th\u00e0nh nh\u1eefng ng\u01b0\u1eddi m\u1eb9, ng\u01b0\u1eddi v\u1ee3 \u0111\u1ea3m. Tuy nhi\u00ean, khi ho\u00e0n to\u00e0n t\u1eadp trung v\u00e0o c\u00f4ng vi\u1ec7c n\u1ed9i tr\u1ee3, h\u1ecd kh\u00f4ng th\u1ec3 \u0111\u1ee1 \u0111\u1ea7n kinh t\u1ebf cho ng\u01b0\u1eddi ch\u1ed3ng.<\/p><h3 style=\"color: #00f3ff;\"><b><strong>\u00a0V\u1eadn m\u1ec7nh\u00a0<\/strong><\/b><\/h3><p>Nh\u1eefng ng\u01b0\u1eddi tu\u1ed5i s\u1eedu c\u00f3 kh\u1ea3 n\u0103ng l\u00e0m vi\u1ec7c \u0111\u1ed9c l\u1eadp t\u1ed1t, gi\u1eef \u0111\u01b0\u1ee3c s\u1ef1 t\u1ec9nh t\u00e1o, tinh th\u1ea7n tr\u00e1ch nhi\u1ec7m cao n\u00ean h\u1ecd c\u00f3 th\u1ec3 ho\u00e0n th\u00e0nh t\u1ed1t c\u00f4ng vi\u1ec7c c\u1ee7a m\u00ecnh. H\u1ecd lu\u00f4n c\u00f3 \u00fd ch\u00ed, quy\u1ebft t\u00e2m n\u00ean c\u00f3 th\u1ec3 ho\u00e0n th\u00e0nh t\u1ed1t c\u00f4ng vi\u1ec7c \u0111\u01b0\u1ee3c giao, b\u1edfi v\u1eady h\u1ecd d\u1ec5 g\u1eb7t h\u00e1i \u0111\u01b0\u1ee3c nhi\u1ec1u th\u00e0nh c\u00f4ng.<\/p><p>Nh\u1eefng ng\u01b0\u1eddi tu\u1ed5i S\u1eedu c\u00f3 t\u00ednh c\u01b0\u01a1ng tr\u1ef1c, do \u0111\u00f3 h\u1ecd d\u1ec5 g\u1eb7p ph\u1ea3i nh\u1eefng m\u00e2u thu\u1eabn c\u00e1 nh\u00e2n, k\u00e8m theo \u0111\u00f3 l\u00e0 kh\u1ea3 n\u0103ng giao ti\u1ebfp k\u00e9m n\u00ean \u0111\u00f4i khi vi\u1ec7c l\u00e0m \u0103n, h\u1ee3p t\u00e1c c\u1ee7a h\u1ecd c\u0169ng b\u1ecb tr\u1edf ng\u1ea1i. Nh\u00ecn chung nh\u1eefng ng\u01b0\u1eddi tu\u1ed5i n\u00e0y ph\u00f9 h\u1ee3p v\u1edbi nh\u1eefng c\u00f4ng vi\u1ec7c c\u00f3 s\u1ef1 c\u00f4ng b\u1eb1ng, l\u00e0m vi\u1ec7c c\u00f4ng khai, nh\u01b0 v\u1eady s\u1ef1 nghi\u1ec7p c\u1ee7a h\u1ecd r\u1ea5t t\u1ed1t \u0111\u1eb9p, c\u00f3 th\u1ec3 ph\u00e1t huy h\u1ebft kh\u1ea3 n\u0103ng c\u1ee7a m\u00ecnh.<\/p><p>Ng\u01b0\u1eddi tu\u1ed5i S\u1eedu kh\u00f4ng ph\u00f9 h\u1ee3p v\u1edbi c\u00e1c c\u00f4ng vi\u1ec7c li\u00ean quan \u0111\u1ebfn ngh\u1ec7 thu\u1eadt, nh\u1eefng c\u00f4ng vi\u1ec7c \u0111\u00f2i h\u1ecfi s\u1ef1 linh ho\u1ea1t v\u00e0 kh\u00e9o l\u00e9o. H\u1ecd ph\u00f9 h\u1ee3p h\u01a1n v\u1edbi nh\u1eefng c\u00f4ng vi\u1ec7c li\u00ean quan \u0111\u1ebfn t\u00ednh to\u00e1n, logic, k\u1ef9 thu\u1eadt, b\u00e1c s\u0129, gi\u00e1o vi\u00ean.<\/p><p><strong>4.1. Sinh n\u0103m T\u00e2n M\u00f9i n\u0103m 1991 \u2013 D\u00ea \u0111\u01b0\u1ee3c l\u1ed9c<\/strong><\/p><p>\u0110\u00e2y l\u00e0 ng\u01b0\u1eddi kh\u00e9o l\u00e9o trong giao ti\u1ebfp, v\u1eady n\u00ean ng\u01b0\u1eddi tu\u1ed5i M\u00f9i m\u1ec7nh Th\u1ed5 r\u1ea5t \u0111\u01b0\u1ee3c m\u1ecdi ng\u01b0\u1eddi xung quanh y\u00eau qu\u00fd. \u0110\u1eb7c bi\u1ec7t, h\u1ecd lu\u00f4n gi\u00fap \u0111\u1ee1 ng\u01b0\u1eddi c\u00f3 s\u1ed1 ph\u1eadn b\u1ea5t h\u1ea1nh b\u1eb1ng s\u1ef1 nh\u00e2n h\u1eadu, t\u1ed1t b\u1ee5ng c\u1ee7a m\u00ecnh.<\/p><p>Nh\u1eefng ng\u01b0\u1eddi n\u00e0y r\u1ea5t m\u1ea1nh m\u1ebd, quy\u1ebft li\u1ec7t \u1edf trong c\u00f4ng vi\u1ec7c, m\u1ed9t khi \u0111\u00e3 \u0111\u1ec1 ra m\u1ee5c ti\u00eau s\u1ebd c\u1ed1 g\u1eafng chinh ph\u1ee5c b\u1eb1ng \u0111\u01b0\u1ee3c. D\u00f9 v\u1eady, n\u1ebfu mu\u1ed1n th\u00e0nh c\u00f4ng, nh\u1eefng ng\u01b0\u1eddi n\u00e0y c\u1ea7n ph\u1ea3i quy\u1ebft \u0111o\u00e1n h\u01a1n, s\u1ef1 do d\u1ef1 \u0111\u00f4 khi khi\u1ebfn h\u1ecd b\u1ecf qua nhi\u1ec1u c\u01a1 h\u1ed9i t\u1ed1t cho m\u00ecnh.<\/p><p><strong>4.2. Sinh n\u0103m \u1ea4t M\u00f9i 1955 \u2013 D\u00ea \u0111\u01b0\u1ee3c tr\u1ecdng<\/strong><\/p><p>Tu\u1ed5i M\u00f9i m\u1ec7nh Kim l\u00e0 ng\u01b0\u1eddi lu\u00f4n c\u1edfi m\u1edf, nhi\u1ec7t t\u00ecnh, t\u1ed1t b\u1ee5ng gi\u00fap \u0111\u1ee1 m\u1ecdi ng\u01b0\u1eddi xung quanh. H\u1ecd s\u1ed1ng t\u00edch c\u1ef1c, l\u1ea1c quan, kh\u00f4ng bao gi\u1edd suy t\u01b0 bu\u1ed3n phi\u1ec1n d\u00f9 g\u1eb7p nhi\u1ec1u kh\u00f3 kh\u0103n. Nh\u1eefng ng\u01b0\u1eddi n\u00e0y s\u1ed1ng \u0111\u1ed9c l\u1eadp, \u00edt khi l\u00e0m phi\u1ec1n hay c\u1eady ai.<\/p><p>D\u00f9 v\u1eady, ng\u01b0\u1eddi tu\u1ed5i n\u00e0y th\u00edch ph\u00e1n x\u00e9t ng\u01b0\u1eddi kh\u00e1c nh\u01b0ng l\u1ea1i kh\u00f4ng bao gi\u1edd nh\u1eadn l\u1ed7i v\u1ec1 m\u00ecnh, b\u1ecf ngo\u00e0i tai nh\u1eefng l\u1eddi khuy\u00ean nh\u1ee7 b\u1ea1n b\u00e8, ng\u01b0\u1eddi th\u00e2n xung quanh. Ch\u1ec9 \u0111\u1ebfn khi tr\u01b0\u1edfng th\u00e0nh, h\u1ecd m\u1edbi c\u00f3 th\u1ec3 h\u00e0nh \u0111\u1ed9ng l\u00fd tr\u00ed, suy ngh\u0129 ch\u00edn ch\u1eafn v\u00e0 ngh\u0129 cho m\u1ecdi nhi\u1ec1u h\u01a1n.<\/p><p><strong>4.3. Sinh n\u0103m \u0110inh M\u00f9i 1967: D\u00ea l\u1ea1c b\u1ea7y<\/strong><\/p><p>H\u1ecd l\u00e0 ng\u01b0\u1eddi s\u1ed1ng t\u1eadp th\u1ec3, lu\u00f4n c\u00f3 tinh th\u1ea7n tr\u00e1ch nhi\u1ec7m cao v\u1edbi m\u1ecdi ng\u01b0\u1eddi, tu\u1ed5i M\u00f9i m\u1ec7nh Thu\u1ef7 c\u00f3 nguy\u00ean t\u1eafc s\u1ed1ng, v\u00ec v\u1eady m\u1ecdi ng\u01b0\u1eddi xung quanh th\u01b0\u1eddng hi\u1ec3u l\u1ea7m r\u1eb1ng h\u1ecd l\u00e0 ng\u01b0\u1eddi l\u1ea1nh l\u00f9ng, nghi\u00eam kh\u1eafc.<\/p><p>Tu\u1ed5i M\u00f9i m\u1ec7nh Thu\u1ef7 mang \u0111\u1ebfn ni\u1ec1m vui, ti\u1ebfng c\u01b0\u1eddi cho ng\u01b0\u1eddi th\u00e2n xung quanh. Nh\u1eefng ng\u01b0\u1eddi n\u00e0y lu\u00f4n ham h\u1ecdc h\u1ecfi, c\u00f3 hi\u1ec3u bi\u1ebft chuy\u00ean s\u00e2u v\u1ec1 l\u0129nh v\u1ef1c nh\u01b0ng h\u1ecd kh\u00f4ng bao gi\u1edd ph\u00f4 tr\u01b0\u01a1ng ra b\u00ean ngo\u00e0i. H\u1ecd coi tr\u1ecdng ch\u1eef t\u00edn, danh d\u1ef1 c\u1ee7a b\u1ea3n th\u00e2n, tuy\u1ec7t \u0111\u1ed1i kh\u00f4ng l\u00e0m vi\u1ec7c sai tr\u00e1i, \u1ea3nh h\u01b0\u1edfng \u0111\u1ebfn ng\u01b0\u1eddi kh\u00e1c.<\/p><p><strong>4.4. Sinh n\u0103m K\u1ef7 M\u00f9i \u2013 1979: D\u00ea th\u1ea3 hoang\u00a0<\/strong><\/p><p>Tu\u1ed5i M\u00f9i m\u1ec7nh Ho\u1ea3 l\u00e0 ng\u01b0\u1eddi kh\u00e9o l\u00e9o trong giao ti\u1ebfp v\u00e0 c\u00f3 kh\u1ea3 n\u0103ng trong vi\u1ec7c thuy\u1ebft ph\u1ee5c ng\u01b0\u1eddi kh\u00e1c. Nh\u1eefng ng\u01b0\u1eddi n\u00e0y c\u00f3 t\u00ednh c\u00e1ch th\u1eb3ng th\u1eafn, h\u00e0i ho\u00e0 c\u1edfi m\u1edf v\u1edbi ng\u01b0\u1eddi xung quanh. H\u1ecd th\u01b0\u1eddng s\u1ed1ng n\u1ed9i t\u00e2m, \u00edt khi chia s\u1ebb b\u00ed m\u1eadt cho ng\u01b0\u1eddi kh\u00e1c, \u0111\u1eb7c bi\u1ec7t chuy\u1ec7n t\u00ecnh c\u1ea3m. Khi l\u1eadp gia \u0111\u00ecnh, d\u00f9 \u0111\u00e0n \u00f4ng hay ph\u1ee5 n\u1eef, ng\u01b0\u1eddi tu\u1ed5i M\u00f9i m\u1ec7nh Ho\u1ea3 lu\u00f4n h\u1ebft m\u1ef1c quan t\u00e2m, ch\u0103m s\u00f3c gia \u0111\u00ecnh.<\/p><p><b><strong>5. V\u1eadn m\u1ec7nh c\u1ee7a ng\u01b0\u1eddi tu\u1ed5i M\u00f9i theo th\u00e1ng sinh<\/strong><\/b><\/p><p><strong>Sinh th\u00e1ng Gi\u00eang (Ti\u1ebft \u0111\u1ea7u xu\u00e2n):<\/strong>\u00a0Ng\u01b0\u1eddi sinh v\u00e0o th\u00e1ng n\u00e0y th\u00f4ng minh, gi\u1ecfi giang, t\u00e0i tr\u00ed h\u01a1n ng\u01b0\u1eddi nh\u01b0ng thi\u1ebfu \u00fd ch\u00ed, quy\u1ebft t\u00e2m, c\u1ea3 cu\u1ed9c \u0111\u1eddi s\u1ed1ng trong an nh\u00e0n, kh\u00f4ng lo thi\u1ebfu th\u1ed1n.<\/p><p><strong>Sinh th\u00e1ng Gi\u00eang (Ti\u1ebft Thanh Minh):<\/strong>\u00a0Ng\u01b0\u1eddi sinh th\u00e1ng \u00e2m n\u00e0y t\u00ednh t\u00ecnh th\u1eb3ng th\u1eafn, nh\u00e2n h\u1eadu, t\u1ed1t b\u1ee5ng v\u00e0 s\u1eb5n s\u00e0ng gi\u00fap \u0111\u1ee1 m\u1ecdi ng\u01b0\u1eddi xung quanh. Cu\u1ed9c \u0111\u1eddi g\u1eb7p nhi\u1ec1u may m\u1eafn, thu\u1eadn l\u1ee3i, h\u01b0\u1edfng cu\u1ed9c s\u1ed1ng an nh\u00e0n v\u00e0 \u1ea5m no.<\/p><p><strong>Sinh th\u00e1ng t\u01b0 (l\u1eadp h\u1ea1):<\/strong>\u00a0Trong cu\u1ed9c \u0111\u1eddi s\u1ebd g\u1eb7p nhi\u1ec1u bi\u1ebfn \u0111\u1ed9ng v\u1ec1 t\u00ecnh c\u1ea3m, s\u1ee9c kho\u1ebb. \u0110\u1ed3ng th\u1eddi kh\u00f4ng n\u00ean ch\u1ee7 quan, coi th\u01b0\u1eddng b\u1ec7nh nh\u1eb9, l\u00e0m \u1ea3nh h\u01b0\u1edfng \u0111\u1ebfn s\u1ee9c kho\u1ebb.<\/p><p><strong>Sinh th\u00e1ng n\u0103m (Mang ch\u1ee7ng):<\/strong>\u00a0Ng\u01b0\u1eddi sinh th\u00e1ng n\u00e0y r\u1ea5t ho\u00e0 \u0111\u1ed3ng, th\u00e2n thi\u1ec7n, c\u1edfi m\u1edf n\u00ean r\u1ea5t \u0111\u01b0\u1ee3c m\u1ecdi ng\u01b0\u1eddi xung quanh y\u00eau qu\u00fd v\u00e0 t\u00f4n tr\u1ecdng. Trong c\u00f4ng vi\u1ec7c ban \u0111\u1ea7u c\u0169ng g\u1eb7p nhi\u1ec1u kh\u00f3 kh\u0103n n\u1ebfu ki\u00ean tr\u00ecnh, c\u1ed1 g\u1eafng x\u00e2y d\u1ef1ng \u0111\u01b0\u1ee3c s\u1ef1 nghi\u1ec7p v\u1eefng v\u00e0ng.<\/p><p><strong>Sinh th\u00e1ng s\u00e1u (Ti\u1ec3u th\u1eed):<\/strong>\u00a0Ng\u01b0\u1eddi n\u00e0y t\u1eeb nh\u1ecf \u0111\u00e3 th\u00f4ng minh, t\u00e0i tr\u00ed h\u01a1n ng\u01b0\u1eddi, khi tr\u01b0\u1edfng th\u00e0nh c\u00e0ng gi\u1ecfi giang, c\u00f3 \u00fd ch\u00ed quy\u1ebft t\u00e2m x\u00e2y d\u1ef1ng s\u1ef1 nghi\u1ec7p. \u0110\u01b0\u1eddng t\u00ecnh duy\u00ean g\u1eb7p r\u1ea5t nhi\u1ec1u may m\u1eafn, thu\u1eadn l\u1ee3i, v\u1ee3 ch\u1ed3ng ho\u00e0 thu\u1eadn, gia \u0111\u00ecnh h\u1ea1nh.<\/p><p><strong>Sinh th\u00e1ng b\u1ea3y (L\u1eadp thu):<\/strong>\u00a0Ng\u01b0\u1eddi n\u00e0y t\u1ef1 th\u00e2n l\u1eadp nghi\u1ec7p, quy\u1ebft t\u00e2m x\u00e2y d\u1ef1ng m\u1ed9t s\u1ef1 nghi\u1ec7p v\u1eefng ch\u1eafc, s\u1edbm mu\u1ed1n c\u0169ng \u0111\u1ea1t \u0111\u01b0\u1ee3c nhi\u1ec1u th\u00e0nh c\u00f4ng.<\/p><p><strong>Sinh th\u00e1ng t\u00e1m (B\u1ea1ch l\u1ed9):<\/strong>\u00a0Ng\u01b0\u1eddi sinh th\u00e1ng n\u00e0y t\u00e0i l\u1ed9c d\u1ed3i d\u00e0o, cu\u1ed9c \u0111\u1eddi g\u1eb7p nhi\u1ec1u may m\u1eafn c\u1ea3 \u0111\u01b0\u1eddng t\u00ecnh duy\u00ean v\u00e0 s\u1ef1 nghi\u1ec7p nh\u01b0ng c\u1ea7n ch\u00fa \u00fd v\u1ec1 v\u1ea5n \u0111\u1ec1 s\u1ee9c kho\u1ebb.<\/p><p><strong>Sinh th\u00e1ng ch\u00edn (h\u00e0n l\u1ed9):<\/strong>\u00a0Mu\u1ed1n th\u00e0nh c\u00f4ng c\u1ea7n tr\u1ea3i qua r\u1ea5t nhi\u1ec1u kh\u00f3 kh\u0103n, th\u1eed th\u00e1ch. Kh\u00f4ng n\u00ean ch\u1ee7 quan, tin t\u01b0\u1edfng ng\u01b0\u1eddi kh\u00e1c qu\u00e1 nhi\u1ec1u \u0111\u1ec3 kh\u00f4ng b\u1ecb l\u1eeba g\u1ea1t, l\u1ee3i d\u1ee5ng.<\/p><p><strong>Sinh th\u00e1ng m\u01b0\u1eddi (L\u1eadp \u0111\u00f4ng):<\/strong>\u00a0Ng\u01b0\u1eddi n\u00e0y c\u00f3 nhi\u1ec1u t\u00e0i n\u0103ng \u1edf c\u00e1c l\u0129nh v\u1ef1c ngh\u1ec7 thu\u1eadt, t\u00ednh t\u00ednh ho\u00e0 \u0111\u1ed3ng, c\u1edfi m\u1edf, \u0111i \u0111\u1ebfn \u0111\u00e2u c\u00f3 ng\u01b0\u1eddi y\u00eau qu\u00fd \u0111\u1ebfn \u0111\u00f3. Cu\u1ed9c s\u1ed1ng an nh\u00e0n, kh\u00f4ng qu\u00e1 d\u01b0 d\u1ea3 nh\u01b0ng c\u0169ng kh\u00f4ng ph\u1ea3i ch\u1ecbu c\u1ea3nh kh\u00f3 kh\u0103n hay thi\u1ebfu th\u1ed1n.<\/p><p><strong>Sinh th\u00e1ng m\u01b0\u1eddi m\u1ed9t (\u0110\u1ea1i tuy\u1ebft):<\/strong>\u00a0Ban \u0111\u1ea7u g\u1eb7p nhi\u1ec1u kh\u00f3 kh\u0103n nh\u01b0ng khi quy\u1ebft t\u00e2m, c\u1ed1 g\u1eafng v\u01b0\u1ee3t qua \u0111\u1ec3 \u0111\u1ea1t \u0111\u01b0\u1ee3c nhi\u1ec1u th\u00e0nh c\u00f4ng \u1edf trong s\u1ef1 nghi\u1ec7p, c\u00e0ng v\u1ec1 sau cu\u1ed9c s\u1ed1ng c\u00e0ng \u1ed5n \u0111\u1ecbnh.<\/p><p><strong>Sinh th\u00e1ng m\u01b0\u1eddi hai (Ti\u1ec3u h\u00e0n):<\/strong>\u00a0B\u1ed1n ph\u00eda l\u00e0 b\u0103ng n\u00ean kh\u00f3 \u0111i l\u1ea1i, th\u1ee9c \u0103n s\u1eafp c\u1ea1n nh\u01b0ng v\u1eabn c\u00f3 bao nhi\u00eau kh\u00f3 kh\u0103n tr\u1edf ng\u1ea1i c\u1ea3n tr\u1ee3. Su\u1ed1t cu\u1ed9c \u0111\u1eddi ph\u1ea5n \u0111\u1ea7u th\u00ec cu\u1ed1i \u0111\u1eddi m\u1edbi h\u01b0\u1edfng h\u1ea1nh ph\u00fac.<\/p><p>.<\/p>\t\t\t\t\t\t\t\t<\/div>\n\t\t\t\t<div class=\"elementor-element elementor-element-277efcd tahefobu-main-menu-align-left tahefobu-main-menu-align--tabletleft tahefobu-main-menu-align--mobileleft tahefobu-sub-icon-caret-down tahefobu-nav-menu-bp-mobile tahefobu-mobile-menu-full-width tahefobu-mobile-menu-item-align-center tahefobu-mobile-toggle-v1 tahefobu-sub-divider-yes tahefobu-mobile-divider-yes elementor-widget elementor-widget-tahefobu-navigation-menu\" data-id=\"277efcd\" data-element_type=\"widget\" data-widget_type=\"tahefobu-navigation-menu.default\">\n\t\t\t\t<div class=\"elementor-widget-container\">\n\t\t\t\t\t<nav class=\"tahefobu-nav-menu-container tahefobu-nav-menu-horizontal\" data-trigger=\"hover\"><ul id=\"menu-1-277efcd\" class=\"tahefobu-nav-menu\"><li class=\"menu-item menu-item-type-post_type menu-item-object-page menu-item-852\"><a href=\"https:\/\/zenithspirit.id.vn\/index.php\/12-dia-chi\/\" class=\"tahefobu-menu-item tahefobu-pointer-item\">12-\u0110\u1ecaA CHI<\/a><\/li>\n<li class=\"menu-item menu-item-type-post_type menu-item-object-page menu-item-853\"><a href=\"https:\/\/zenithspirit.id.vn\/index.php\/about-zenith\/\" class=\"tahefobu-menu-item tahefobu-pointer-item\">ABOUT ZENITH<\/a><\/li>\n<li class=\"menu-item menu-item-type-post_type menu-item-object-page menu-item-1172\"><a href=\"https:\/\/zenithspirit.id.vn\/index.php\/12-cung-hd\/\" class=\"tahefobu-menu-item tahefobu-pointer-item\">12 Cung HD<\/a><\/li>\n<\/ul><\/nav><nav class=\"tahefobu-mobile-nav-menu-container\"><div class=\"tahefobu-mobile-toggle-wrap\"><div class=\"tahefobu-mobile-toggle\"><span class=\"tahefobu-mobile-toggle-line\"><\/span><span class=\"tahefobu-mobile-toggle-line\"><\/span><span class=\"tahefobu-mobile-toggle-line\"><\/span><\/div><\/div><ul id=\"mobile-menu-2-277efcd\" class=\"tahefobu-mobile-nav-menu\"><li class=\"menu-item menu-item-type-post_type menu-item-object-page menu-item-852\"><a href=\"https:\/\/zenithspirit.id.vn\/index.php\/12-dia-chi\/\" class=\"tahefobu-mobile-menu-item\">12-\u0110\u1ecaA CHI<\/a><\/li>\n<li class=\"menu-item menu-item-type-post_type menu-item-object-page menu-item-853\"><a href=\"https:\/\/zenithspirit.id.vn\/index.php\/about-zenith\/\" class=\"tahefobu-mobile-menu-item\">ABOUT ZENITH<\/a><\/li>\n<li class=\"menu-item menu-item-type-post_type menu-item-object-page menu-item-1172\"><a href=\"https:\/\/zenithspirit.id.vn\/index.php\/12-cung-hd\/\" class=\"tahefobu-mobile-menu-item\">12 Cung HD<\/a><\/li>\n<\/ul><\/nav>\t\t\t\t<\/div>\n\t\t\t\t<\/div>\n\t\t\t\t\t<\/div>\n\t\t\t\t<\/div>\n\t\t\t\t<\/div>\n\t\t","protected":false},"excerpt":{"rendered":"<p>T\u1ed5ng Quan V\u1ec1 Tu\u1ea5t Gi\u1edbi thi\u1ec7u t\u1ed5ng qu\u00e1t. Ng\u01b0\u1eddi sinh n\u0103m Tu\u1ea5t mu\u1ed1n s\u1ed1ng m\u1ed9t cu\u1ed9c s\u1ed1ng \u0111\u1ea7y \u0111\u1ee7 nh\u1ea5t. Tuy nhi\u00ean, h\u1ecd c\u00e2n nh\u1eafc nh\u1eefng g\u00ec ph\u00eda tr\u01b0\u1edbc v\u00e0 mu\u1ed1n tr\u00e1nh b\u1ea5t k\u1ef3 s\u1ef1 h\u1ed1i ti\u1ebfc n\u00e0o. H\u1ecd l\u00e0 ng\u01b0\u1eddi gi\u00e0 d\u1eb7n v\u00e0 c\u00f3 th\u1ec3 nh\u00ecn nh\u1eadn v\u1ea5n \u0111\u1ec1 kh\u00e1 nghi\u00eam tr\u1ecdng. Nh\u01b0ng khi [&hellip;]<\/p>\n","protected":false},"author":1,"featured_media":0,"parent":0,"menu_order":0,"comment_status":"closed","ping_status":"closed","template":"elementor_canvas","meta":{"footnotes":""},"class_list":["post-998","page","type-page","status-publish","hentry"],"_links":{"self":[{"href":"https:\/\/zenithspirit.id.vn\/index.php\/wp-json\/wp\/v2\/pages\/998","targetHints":{"allow":["GET"]}}],"collection":[{"href":"https:\/\/zenithspirit.id.vn\/index.php\/wp-json\/wp\/v2\/pages"}],"about":[{"href":"https:\/\/zenithspirit.id.vn\/index.php\/wp-json\/wp\/v2\/types\/page"}],"author":[{"embeddable":true,"href":"https:\/\/zenithspirit.id.vn\/index.php\/wp-json\/wp\/v2\/users\/1"}],"replies":[{"embeddable":true,"href":"https:\/\/zenithspirit.id.vn\/index.php\/wp-json\/wp\/v2\/comments?post=998"}],"version-history":[{"count":8,"href":"https:\/\/zenithspirit.id.vn\/index.php\/wp-json\/wp\/v2\/pages\/998\/revisions"}],"predecessor-version":[{"id":1020,"href":"https:\/\/zenithspirit.id.vn\/index.php\/wp-json\/wp\/v2\/pages\/998\/revisions\/1020"}],"wp:attachment":[{"href":"https:\/\/zenithspirit.id.vn\/index.php\/wp-json\/wp\/v2\/media?parent=998"}],"curies":[{"name":"wp","href":"https:\/\/api.w.org\/{rel}","templated":true}]}}